{"id":8556,"date":"2026-03-20T13:30:15","date_gmt":"2026-03-20T13:30:15","guid":{"rendered":"https:\/\/www.vetinnovate.com\/?page_id=8556"},"modified":"2026-03-21T14:14:52","modified_gmt":"2026-03-21T14:14:52","slug":"gcell-kok-hucre","status":"publish","type":"page","link":"https:\/\/www.vetinnovate.com\/index.php\/gcell-kok-hucre\/","title":{"rendered":"GCELL &#8211; k\u00f6k H\u00fccre"},"content":{"rendered":"\t\t<div data-elementor-type=\"wp-page\" data-elementor-id=\"8556\" class=\"elementor elementor-8556\" data-elementor-settings=\"[]\">\n\t\t\t\t\t\t<div class=\"elementor-inner\">\n\t\t\t\t\t\t\t<div class=\"elementor-section-wrap\">\n\t\t\t\t\t\t\t<section class=\"elementor-section elementor-top-section elementor-element elementor-element-5ac7ef2 elementor-section-boxed elementor-section-height-default elementor-section-height-default\" data-id=\"5ac7ef2\" data-element_type=\"section\">\n\t\t\t\t\t\t<div class=\"elementor-container elementor-column-gap-default\">\n\t\t\t\t\t\t\t<div class=\"elementor-row\">\n\t\t\t\t\t<div class=\"elementor-column elementor-col-100 elementor-top-column elementor-element elementor-element-41e9277\" data-id=\"41e9277\" data-element_type=\"column\">\n\t\t\t<div class=\"elementor-column-wrap elementor-element-populated\">\n\t\t\t\t\t\t\t<div class=\"elementor-widget-wrap\">\n\t\t\t\t\t\t<section class=\"elementor-section elementor-inner-section elementor-element elementor-element-508db62 elementor-section-boxed elementor-section-height-default elementor-section-height-default\" data-id=\"508db62\" data-element_type=\"section\">\n\t\t\t\t\t\t<div class=\"elementor-container elementor-column-gap-default\">\n\t\t\t\t\t\t\t<div class=\"elementor-row\">\n\t\t\t\t\t<div class=\"elementor-column elementor-col-50 elementor-inner-column elementor-element elementor-element-38a16ba\" data-id=\"38a16ba\" data-element_type=\"column\">\n\t\t\t<div class=\"elementor-column-wrap elementor-element-populated\">\n\t\t\t\t\t\t\t<div class=\"elementor-widget-wrap\">\n\t\t\t\t\t\t<div class=\"elementor-element elementor-element-69229cb elementor-widget elementor-widget-image\" data-id=\"69229cb\" data-element_type=\"widget\" data-widget_type=\"image.default\">\n\t\t\t\t<div class=\"elementor-widget-container\">\n\t\t\t\t\t<div class=\"elementor-image\">\n\t\t\t\t\t\t\t\t\t\t<img loading=\"lazy\" decoding=\"async\" width=\"805\" height=\"800\" src=\"https:\/\/www.vetinnovate.com\/wp-content\/uploads\/2026\/03\/gcell.png\" class=\"attachment-large size-large\" alt=\"\" srcset=\"https:\/\/www.vetinnovate.com\/wp-content\/uploads\/2026\/03\/gcell.png 805w, https:\/\/www.vetinnovate.com\/wp-content\/uploads\/2026\/03\/gcell-300x298.png 300w, https:\/\/www.vetinnovate.com\/wp-content\/uploads\/2026\/03\/gcell-150x150.png 150w, https:\/\/www.vetinnovate.com\/wp-content\/uploads\/2026\/03\/gcell-768x763.png 768w\" sizes=\"auto, (max-width: 805px) 100vw, 805px\" \/>\t\t\t\t\t\t\t\t\t\t\t<\/div>\n\t\t\t\t<\/div>\n\t\t\t\t<\/div>\n\t\t\t\t<div class=\"elementor-element elementor-element-b2b0280 elementor-widget elementor-widget-text-editor\" data-id=\"b2b0280\" data-element_type=\"widget\" data-widget_type=\"text-editor.default\">\n\t\t\t\t<div class=\"elementor-widget-container\">\n\t\t\t\t\t<div class=\"elementor-text-editor elementor-clearfix\"><h2 style=\"padding-left: 40px;\">GCELL, veteriner k\u00f6k h\u00fccre alan\u0131nda, hastan\u0131n kendi dokusundan elde edilen, otolog h\u00fccresel bile\u015fenler \u0130\u00e7eren, rejeneratif bir tedavi yakla\u015f\u0131m\u0131d\u0131r.<\/h2><\/div>\n\t\t\t\t<\/div>\n\t\t\t\t<\/div>\n\t\t\t\t\t\t<\/div>\n\t\t\t\t\t<\/div>\n\t\t<\/div>\n\t\t\t\t<div class=\"elementor-column elementor-col-50 elementor-inner-column elementor-element elementor-element-01ab172\" data-id=\"01ab172\" data-element_type=\"column\">\n\t\t\t<div class=\"elementor-column-wrap elementor-element-populated\">\n\t\t\t\t\t\t\t<div class=\"elementor-widget-wrap\">\n\t\t\t\t\t\t<div class=\"elementor-element elementor-element-51cb834 elementor-widget elementor-widget-text-editor\" data-id=\"51cb834\" data-element_type=\"widget\" data-widget_type=\"text-editor.default\">\n\t\t\t\t<div class=\"elementor-widget-container\">\n\t\t\t\t\t<div class=\"elementor-text-editor elementor-clearfix\"><ul><li>GCELL teknolojisi veteriner k\u00f6k h\u00fccre tedavilerinde \u00e7\u0131\u011f\u0131r a\u00e7an bir teknolojidir.<\/li><li>Hayvan\u0131n kendi ya\u011f veya dokusundan al\u0131nan numune ile 40 dakika i\u00e7erisinde, kaliteli ve zengin k\u00f6k h\u00fccreler i\u00e7eren SVF bazl\u0131 bir h\u00fccre kokteyli haz\u0131rlan\u0131r.<\/li><li>Uygulama kolayd\u0131r, lokal anestezi ile yap\u0131labilir<\/li><li>D\u0131\u015far\u0131dan temin edilen k\u00f6k h\u00fccrelerin, hastal\u0131kl\u0131 hayvandan al\u0131nmas\u0131, tedarik ko\u015fullar\u0131,uygun say\u0131da k\u00f6k h\u00fccre i\u00e7ermemesi gibi, hastaya zarar verebilecek riskleri minimize eder.<\/li><li>Fotoaktivasyon \u00f6zelli\u011fi ile PRP kalitesini de artt\u0131r\u0131r.<\/li><\/ul><\/div>\n\t\t\t\t<\/div>\n\t\t\t\t<\/div>\n\t\t\t\t<div class=\"elementor-element elementor-element-9e65920 elementor-widget elementor-widget-text-editor\" data-id=\"9e65920\" data-element_type=\"widget\" data-widget_type=\"text-editor.default\">\n\t\t\t\t<div class=\"elementor-widget-container\">\n\t\t\t\t\t<div class=\"elementor-text-editor elementor-clearfix\"><ul><li><p>Anaflaksi riski \u00e7ok \u00e7ok d\u00fc\u015f\u00fck<\/p><\/li><li><p><span style=\"font-size: 16px;\">\u0130mmun reddetme riski yok<\/span><\/p><\/li><li><p>Hastaya tam biyolojik uyum<\/p><\/li><li><p>Otolog &#8211; G\u00fcvenli ve H\u0131zl\u0131 uygulama<\/p><\/li><li><p>Enzim kullan\u0131lmaz (reg\u00fclasyon avantaj\u0131)<\/p><\/li><li><p>Tek seans haz\u0131rl\u0131k ve uygulama<\/p><\/li><li><p>Minimal invaziv<\/p><\/li><\/ul><\/div>\n\t\t\t\t<\/div>\n\t\t\t\t<\/div>\n\t\t\t\t\t\t<\/div>\n\t\t\t\t\t<\/div>\n\t\t<\/div>\n\t\t\t\t\t\t\t\t<\/div>\n\t\t\t\t\t<\/div>\n\t\t<\/section>\n\t\t\t\t<div class=\"elementor-element elementor-element-fb04125 elementor-widget elementor-widget-spacer\" data-id=\"fb04125\" data-element_type=\"widget\" data-widget_type=\"spacer.default\">\n\t\t\t\t<div class=\"elementor-widget-container\">\n\t\t\t\t\t<div class=\"elementor-spacer\">\n\t\t\t<div class=\"elementor-spacer-inner\"><\/div>\n\t\t<\/div>\n\t\t\t\t<\/div>\n\t\t\t\t<\/div>\n\t\t\t\t\t\t<\/div>\n\t\t\t\t\t<\/div>\n\t\t<\/div>\n\t\t\t\t\t\t\t\t<\/div>\n\t\t\t\t\t<\/div>\n\t\t<\/section>\n\t\t\t\t<section class=\"elementor-section elementor-top-section elementor-element elementor-element-09f052c elementor-section-boxed elementor-section-height-default elementor-section-height-default\" data-id=\"09f052c\" data-element_type=\"section\">\n\t\t\t\t\t\t<div class=\"elementor-container elementor-column-gap-default\">\n\t\t\t\t\t\t\t<div class=\"elementor-row\">\n\t\t\t\t\t<div class=\"elementor-column elementor-col-100 elementor-top-column elementor-element elementor-element-9e07652\" data-id=\"9e07652\" data-element_type=\"column\">\n\t\t\t<div class=\"elementor-column-wrap elementor-element-populated\">\n\t\t\t\t\t\t\t<div class=\"elementor-widget-wrap\">\n\t\t\t\t\t\t<div class=\"elementor-element elementor-element-5400397 elementor-widget elementor-widget-image\" data-id=\"5400397\" data-element_type=\"widget\" data-widget_type=\"image.default\">\n\t\t\t\t<div class=\"elementor-widget-container\">\n\t\t\t\t\t<div class=\"elementor-image\">\n\t\t\t\t\t\t\t\t\t\t<img loading=\"lazy\" decoding=\"async\" width=\"1024\" height=\"604\" src=\"https:\/\/www.vetinnovate.com\/wp-content\/uploads\/2026\/03\/gcell-2jpg-1024x604.jpg\" class=\"attachment-large size-large\" alt=\"\" srcset=\"https:\/\/www.vetinnovate.com\/wp-content\/uploads\/2026\/03\/gcell-2jpg-1024x604.jpg 1024w, https:\/\/www.vetinnovate.com\/wp-content\/uploads\/2026\/03\/gcell-2jpg-300x177.jpg 300w, https:\/\/www.vetinnovate.com\/wp-content\/uploads\/2026\/03\/gcell-2jpg-768x453.jpg 768w, https:\/\/www.vetinnovate.com\/wp-content\/uploads\/2026\/03\/gcell-2jpg.jpg 1304w\" sizes=\"auto, (max-width: 1024px) 100vw, 1024px\" \/>\t\t\t\t\t\t\t\t\t\t\t<\/div>\n\t\t\t\t<\/div>\n\t\t\t\t<\/div>\n\t\t\t\t\t\t<\/div>\n\t\t\t\t\t<\/div>\n\t\t<\/div>\n\t\t\t\t\t\t\t\t<\/div>\n\t\t\t\t\t<\/div>\n\t\t<\/section>\n\t\t\t\t<section class=\"elementor-section elementor-top-section elementor-element elementor-element-1a32d00 elementor-section-boxed elementor-section-height-default elementor-section-height-default\" data-id=\"1a32d00\" data-element_type=\"section\">\n\t\t\t\t\t\t<div class=\"elementor-container elementor-column-gap-default\">\n\t\t\t\t\t\t\t<div class=\"elementor-row\">\n\t\t\t\t\t<div class=\"elementor-column elementor-col-100 elementor-top-column elementor-element elementor-element-52c9074\" data-id=\"52c9074\" data-element_type=\"column\">\n\t\t\t<div class=\"elementor-column-wrap elementor-element-populated\">\n\t\t\t\t\t\t\t<div class=\"elementor-widget-wrap\">\n\t\t\t\t\t\t<div class=\"elementor-element elementor-element-72eeba7 elementor-widget elementor-widget-heading\" data-id=\"72eeba7\" data-element_type=\"widget\" data-widget_type=\"heading.default\">\n\t\t\t\t<div class=\"elementor-widget-container\">\n\t\t\t<h2 class=\"elementor-heading-title elementor-size-default\">GCELL Veteriner K\u00f6k H\u00fccre Cihaz\u0131 \u0130le Neler Yap\u0131labilir?<\/h2>\t\t<\/div>\n\t\t\t\t<\/div>\n\t\t\t\t\t\t<\/div>\n\t\t\t\t\t<\/div>\n\t\t<\/div>\n\t\t\t\t\t\t\t\t<\/div>\n\t\t\t\t\t<\/div>\n\t\t<\/section>\n\t\t\t\t<section class=\"elementor-section elementor-top-section elementor-element elementor-element-ba12c0b elementor-section-boxed elementor-section-height-default elementor-section-height-default\" data-id=\"ba12c0b\" data-element_type=\"section\">\n\t\t\t\t\t\t<div class=\"elementor-container elementor-column-gap-default\">\n\t\t\t\t\t\t\t<div class=\"elementor-row\">\n\t\t\t\t\t<div class=\"elementor-column elementor-col-100 elementor-top-column elementor-element elementor-element-9378ca5\" data-id=\"9378ca5\" data-element_type=\"column\">\n\t\t\t<div class=\"elementor-column-wrap elementor-element-populated\">\n\t\t\t\t\t\t\t<div class=\"elementor-widget-wrap\">\n\t\t\t\t\t\t<div class=\"elementor-element elementor-element-8e2c346 elementor-widget elementor-widget-image\" data-id=\"8e2c346\" data-element_type=\"widget\" data-widget_type=\"image.default\">\n\t\t\t\t<div class=\"elementor-widget-container\">\n\t\t\t\t\t<div class=\"elementor-image\">\n\t\t\t\t\t\t\t\t\t\t<img loading=\"lazy\" decoding=\"async\" width=\"1024\" height=\"604\" src=\"https:\/\/www.vetinnovate.com\/wp-content\/uploads\/2026\/03\/gcell-3-1024x604.png\" class=\"attachment-large size-large\" alt=\"\" srcset=\"https:\/\/www.vetinnovate.com\/wp-content\/uploads\/2026\/03\/gcell-3-1024x604.png 1024w, https:\/\/www.vetinnovate.com\/wp-content\/uploads\/2026\/03\/gcell-3-300x177.png 300w, https:\/\/www.vetinnovate.com\/wp-content\/uploads\/2026\/03\/gcell-3-768x453.png 768w, https:\/\/www.vetinnovate.com\/wp-content\/uploads\/2026\/03\/gcell-3.png 1304w\" sizes=\"auto, (max-width: 1024px) 100vw, 1024px\" \/>\t\t\t\t\t\t\t\t\t\t\t<\/div>\n\t\t\t\t<\/div>\n\t\t\t\t<\/div>\n\t\t\t\t\t\t<\/div>\n\t\t\t\t\t<\/div>\n\t\t<\/div>\n\t\t\t\t\t\t\t\t<\/div>\n\t\t\t\t\t<\/div>\n\t\t<\/section>\n\t\t\t\t<section class=\"elementor-section elementor-top-section elementor-element elementor-element-3e1fb73 elementor-section-boxed elementor-section-height-default elementor-section-height-default\" data-id=\"3e1fb73\" data-element_type=\"section\">\n\t\t\t\t\t\t<div class=\"elementor-container elementor-column-gap-default\">\n\t\t\t\t\t\t\t<div class=\"elementor-row\">\n\t\t\t\t\t<div class=\"elementor-column elementor-col-100 elementor-top-column elementor-element elementor-element-dc7e5ec\" data-id=\"dc7e5ec\" data-element_type=\"column\">\n\t\t\t<div class=\"elementor-column-wrap elementor-element-populated\">\n\t\t\t\t\t\t\t<div class=\"elementor-widget-wrap\">\n\t\t\t\t\t\t<div class=\"elementor-element elementor-element-0c83b91 elementor-widget elementor-widget-heading\" data-id=\"0c83b91\" data-element_type=\"widget\" data-widget_type=\"heading.default\">\n\t\t\t\t<div class=\"elementor-widget-container\">\n\t\t\t<h2 class=\"elementor-heading-title elementor-size-default\">GCELL Veteriner K\u00f6k H\u00fccre Cihaz\u0131 \u00c7al\u0131\u015fma Prensipleri<\/h2>\t\t<\/div>\n\t\t\t\t<\/div>\n\t\t\t\t\t\t<\/div>\n\t\t\t\t\t<\/div>\n\t\t<\/div>\n\t\t\t\t\t\t\t\t<\/div>\n\t\t\t\t\t<\/div>\n\t\t<\/section>\n\t\t\t\t<section class=\"elementor-section elementor-top-section elementor-element elementor-element-acd641d elementor-section-boxed elementor-section-height-default elementor-section-height-default\" data-id=\"acd641d\" data-element_type=\"section\">\n\t\t\t\t\t\t<div class=\"elementor-container elementor-column-gap-default\">\n\t\t\t\t\t\t\t<div class=\"elementor-row\">\n\t\t\t\t\t<div class=\"elementor-column elementor-col-100 elementor-top-column elementor-element elementor-element-c2770c3\" data-id=\"c2770c3\" data-element_type=\"column\">\n\t\t\t<div class=\"elementor-column-wrap elementor-element-populated\">\n\t\t\t\t\t\t\t<div class=\"elementor-widget-wrap\">\n\t\t\t\t\t\t<div class=\"elementor-element elementor-element-0ba8260 elementor-widget elementor-widget-image\" data-id=\"0ba8260\" data-element_type=\"widget\" data-widget_type=\"image.default\">\n\t\t\t\t<div class=\"elementor-widget-container\">\n\t\t\t\t\t<div class=\"elementor-image\">\n\t\t\t\t\t\t\t\t\t\t<img loading=\"lazy\" decoding=\"async\" width=\"1024\" height=\"602\" src=\"https:\/\/www.vetinnovate.com\/wp-content\/uploads\/2026\/03\/gcell-4-1024x602.png\" class=\"attachment-large size-large\" alt=\"\" srcset=\"https:\/\/www.vetinnovate.com\/wp-content\/uploads\/2026\/03\/gcell-4-1024x602.png 1024w, https:\/\/www.vetinnovate.com\/wp-content\/uploads\/2026\/03\/gcell-4-300x177.png 300w, https:\/\/www.vetinnovate.com\/wp-content\/uploads\/2026\/03\/gcell-4-768x452.png 768w, https:\/\/www.vetinnovate.com\/wp-content\/uploads\/2026\/03\/gcell-4.png 1307w\" sizes=\"auto, (max-width: 1024px) 100vw, 1024px\" \/>\t\t\t\t\t\t\t\t\t\t\t<\/div>\n\t\t\t\t<\/div>\n\t\t\t\t<\/div>\n\t\t\t\t\t\t<\/div>\n\t\t\t\t\t<\/div>\n\t\t<\/div>\n\t\t\t\t\t\t\t\t<\/div>\n\t\t\t\t\t<\/div>\n\t\t<\/section>\n\t\t\t\t<section class=\"elementor-section elementor-top-section elementor-element elementor-element-e5bebf8 elementor-section-boxed elementor-section-height-default elementor-section-height-default\" data-id=\"e5bebf8\" data-element_type=\"section\">\n\t\t\t\t\t\t<div class=\"elementor-container elementor-column-gap-default\">\n\t\t\t\t\t\t\t<div class=\"elementor-row\">\n\t\t\t\t\t<div class=\"elementor-column elementor-col-100 elementor-top-column elementor-element elementor-element-389b7e8\" data-id=\"389b7e8\" data-element_type=\"column\">\n\t\t\t<div class=\"elementor-column-wrap elementor-element-populated\">\n\t\t\t\t\t\t\t<div class=\"elementor-widget-wrap\">\n\t\t\t\t\t\t<div class=\"elementor-element elementor-element-8898ea7 elementor-widget elementor-widget-image\" data-id=\"8898ea7\" data-element_type=\"widget\" data-widget_type=\"image.default\">\n\t\t\t\t<div class=\"elementor-widget-container\">\n\t\t\t\t\t<div class=\"elementor-image\">\n\t\t\t\t\t\t\t\t\t\t<img loading=\"lazy\" decoding=\"async\" width=\"1024\" height=\"578\" src=\"https:\/\/www.vetinnovate.com\/wp-content\/uploads\/2026\/03\/gcell-5-1-1024x578.png\" class=\"attachment-large size-large\" alt=\"\" srcset=\"https:\/\/www.vetinnovate.com\/wp-content\/uploads\/2026\/03\/gcell-5-1-1024x578.png 1024w, https:\/\/www.vetinnovate.com\/wp-content\/uploads\/2026\/03\/gcell-5-1-300x169.png 300w, https:\/\/www.vetinnovate.com\/wp-content\/uploads\/2026\/03\/gcell-5-1-768x433.png 768w, https:\/\/www.vetinnovate.com\/wp-content\/uploads\/2026\/03\/gcell-5-1.png 1310w\" sizes=\"auto, (max-width: 1024px) 100vw, 1024px\" \/>\t\t\t\t\t\t\t\t\t\t\t<\/div>\n\t\t\t\t<\/div>\n\t\t\t\t<\/div>\n\t\t\t\t\t\t<\/div>\n\t\t\t\t\t<\/div>\n\t\t<\/div>\n\t\t\t\t\t\t\t\t<\/div>\n\t\t\t\t\t<\/div>\n\t\t<\/section>\n\t\t\t\t<section class=\"elementor-section elementor-top-section elementor-element elementor-element-de36640 elementor-section-boxed elementor-section-height-default elementor-section-height-default\" data-id=\"de36640\" data-element_type=\"section\">\n\t\t\t\t\t\t<div class=\"elementor-container elementor-column-gap-default\">\n\t\t\t\t\t\t\t<div class=\"elementor-row\">\n\t\t\t\t\t<div class=\"elementor-column elementor-col-100 elementor-top-column elementor-element elementor-element-ea23d64\" data-id=\"ea23d64\" data-element_type=\"column\">\n\t\t\t<div class=\"elementor-column-wrap elementor-element-populated\">\n\t\t\t\t\t\t\t<div class=\"elementor-widget-wrap\">\n\t\t\t\t\t\t<div class=\"elementor-element elementor-element-c1e1791 elementor-widget elementor-widget-image\" data-id=\"c1e1791\" data-element_type=\"widget\" data-widget_type=\"image.default\">\n\t\t\t\t<div class=\"elementor-widget-container\">\n\t\t\t\t\t<div class=\"elementor-image\">\n\t\t\t\t\t\t\t\t\t\t<img loading=\"lazy\" decoding=\"async\" width=\"1024\" height=\"547\" src=\"https:\/\/www.vetinnovate.com\/wp-content\/uploads\/2026\/03\/gcell-6-1-1024x547.png\" class=\"attachment-large size-large\" alt=\"\" srcset=\"https:\/\/www.vetinnovate.com\/wp-content\/uploads\/2026\/03\/gcell-6-1-1024x547.png 1024w, https:\/\/www.vetinnovate.com\/wp-content\/uploads\/2026\/03\/gcell-6-1-300x160.png 300w, https:\/\/www.vetinnovate.com\/wp-content\/uploads\/2026\/03\/gcell-6-1-768x410.png 768w, https:\/\/www.vetinnovate.com\/wp-content\/uploads\/2026\/03\/gcell-6-1.png 1310w\" sizes=\"auto, (max-width: 1024px) 100vw, 1024px\" \/>\t\t\t\t\t\t\t\t\t\t\t<\/div>\n\t\t\t\t<\/div>\n\t\t\t\t<\/div>\n\t\t\t\t\t\t<\/div>\n\t\t\t\t\t<\/div>\n\t\t<\/div>\n\t\t\t\t\t\t\t\t<\/div>\n\t\t\t\t\t<\/div>\n\t\t<\/section>\n\t\t\t\t\t\t<\/div>\n\t\t\t\t\t\t<\/div>\n\t\t\t\t\t<\/div>\n\t\t","protected":false},"excerpt":{"rendered":"<p>GCELL, veteriner k\u00f6k h\u00fccre alan\u0131nda, hastan\u0131n kendi dokusundan elde edilen, otolog h\u00fccresel bile\u015fenler \u0130\u00e7eren, rejeneratif bir tedavi yakla\u015f\u0131m\u0131d\u0131r. GCELL teknolojisi veteriner k\u00f6k h\u00fccre tedavilerinde \u00e7\u0131\u011f\u0131r a\u00e7an bir teknolojidir. Hayvan\u0131n kendi ya\u011f veya dokusundan al\u0131nan numune ile 40 dakika i\u00e7erisinde, kaliteli ve zengin k\u00f6k h\u00fccreler i\u00e7eren SVF bazl\u0131 bir h\u00fccre kokteyli haz\u0131rlan\u0131r. Uygulama kolayd\u0131r, lokal anestezi [&hellip;]<\/p>\n","protected":false},"author":1,"featured_media":0,"parent":0,"menu_order":0,"comment_status":"closed","ping_status":"closed","template":"","meta":{"site-sidebar-layout":"no-sidebar","site-content-layout":"page-builder","ast-site-content-layout":"full-width-container","site-content-style":"default","site-sidebar-style":"default","ast-global-header-display":"","ast-banner-title-visibility":"","ast-main-header-display":"","ast-hfb-above-header-display":"","ast-hfb-below-header-display":"","ast-hfb-mobile-header-display":"","site-post-title":"disabled","ast-breadcrumbs-content":"","ast-featured-img":"disabled","footer-sml-layout":"","theme-transparent-header-meta":"","adv-header-id-meta":"","stick-header-meta":"","header-above-stick-meta":"","header-main-stick-meta":"","header-below-stick-meta":"","astra-migrate-meta-layouts":"set","ast-page-background-enabled":"default","ast-page-background-meta":{"desktop":{"background-color":"var(--ast-global-color-4)","background-image":"","background-repeat":"repeat","background-position":"center center","background-size":"auto","background-attachment":"scroll","background-type":"","background-media":"","overlay-type":"","overlay-color":"","overlay-opacity":"","overlay-gradient":""},"tablet":{"background-color":"","background-image":"","background-repeat":"repeat","background-position":"center center","background-size":"auto","background-attachment":"scroll","background-type":"","background-media":"","overlay-type":"","overlay-color":"","overlay-opacity":"","overlay-gradient":""},"mobile":{"background-color":"","background-image":"","background-repeat":"repeat","background-position":"center center","background-size":"auto","background-attachment":"scroll","background-type":"","background-media":"","overlay-type":"","overlay-color":"","overlay-opacity":"","overlay-gradient":""}},"ast-content-background-meta":{"desktop":{"background-color":"var(--ast-global-color-5)","background-image":"","background-repeat":"repeat","background-position":"center center","background-size":"auto","background-attachment":"scroll","background-type":"","background-media":"","overlay-type":"","overlay-color":"","overlay-opacity":"","overlay-gradient":""},"tablet":{"background-color":"var(--ast-global-color-5)","background-image":"","background-repeat":"repeat","background-position":"center center","background-size":"auto","background-attachment":"scroll","background-type":"","background-media":"","overlay-type":"","overlay-color":"","overlay-opacity":"","overlay-gradient":""},"mobile":{"background-color":"var(--ast-global-color-5)","background-image":"","background-repeat":"repeat","background-position":"center center","background-size":"auto","background-attachment":"scroll","background-type":"","background-media":"","overlay-type":"","overlay-color":"","overlay-opacity":"","overlay-gradient":""}},"footnotes":""},"class_list":["post-8556","page","type-page","status-publish","hentry"],"_links":{"self":[{"href":"https:\/\/www.vetinnovate.com\/index.php\/wp-json\/wp\/v2\/pages\/8556","targetHints":{"allow":["GET"]}}],"collection":[{"href":"https:\/\/www.vetinnovate.com\/index.php\/wp-json\/wp\/v2\/pages"}],"about":[{"href":"https:\/\/www.vetinnovate.com\/index.php\/wp-json\/wp\/v2\/types\/page"}],"author":[{"embeddable":true,"href":"https:\/\/www.vetinnovate.com\/index.php\/wp-json\/wp\/v2\/users\/1"}],"replies":[{"embeddable":true,"href":"https:\/\/www.vetinnovate.com\/index.php\/wp-json\/wp\/v2\/comments?post=8556"}],"version-history":[{"count":19,"href":"https:\/\/www.vetinnovate.com\/index.php\/wp-json\/wp\/v2\/pages\/8556\/revisions"}],"predecessor-version":[{"id":8753,"href":"https:\/\/www.vetinnovate.com\/index.php\/wp-json\/wp\/v2\/pages\/8556\/revisions\/8753"}],"wp:attachment":[{"href":"https:\/\/www.vetinnovate.com\/index.php\/wp-json\/wp\/v2\/media?parent=8556"}],"curies":[{"name":"wp","href":"https:\/\/api.w.org\/{rel}","templated":true}]}}