{"id":8104,"date":"2025-03-21T12:43:59","date_gmt":"2025-03-21T12:43:59","guid":{"rendered":"http:\/\/www.vetinnovate.com\/?page_id=8104"},"modified":"2026-03-22T14:05:04","modified_gmt":"2026-03-22T14:05:04","slug":"ht-vista-kanser-tarama","status":"publish","type":"page","link":"https:\/\/www.vetinnovate.com\/index.php\/ht-vista-kanser-tarama\/","title":{"rendered":"HT-Vista                  Kanser Tarama"},"content":{"rendered":"\t\t<div data-elementor-type=\"wp-page\" data-elementor-id=\"8104\" class=\"elementor elementor-8104\" data-elementor-settings=\"[]\">\n\t\t\t\t\t\t<div class=\"elementor-inner\">\n\t\t\t\t\t\t\t<div class=\"elementor-section-wrap\">\n\t\t\t\t\t\t\t<section class=\"elementor-section elementor-top-section elementor-element elementor-element-c837c48 elementor-section-boxed elementor-section-height-default elementor-section-height-default\" data-id=\"c837c48\" data-element_type=\"section\">\n\t\t\t\t\t\t<div class=\"elementor-container elementor-column-gap-default\">\n\t\t\t\t\t\t\t<div class=\"elementor-row\">\n\t\t\t\t\t<div class=\"elementor-column elementor-col-100 elementor-top-column elementor-element elementor-element-2c69459\" data-id=\"2c69459\" data-element_type=\"column\">\n\t\t\t<div class=\"elementor-column-wrap elementor-element-populated\">\n\t\t\t\t\t\t\t<div class=\"elementor-widget-wrap\">\n\t\t\t\t\t\t<div class=\"elementor-element elementor-element-1b5415f elementor-widget elementor-widget-image\" data-id=\"1b5415f\" data-element_type=\"widget\" data-widget_type=\"image.default\">\n\t\t\t\t<div class=\"elementor-widget-container\">\n\t\t\t\t\t<div class=\"elementor-image\">\n\t\t\t\t\t\t\t\t\t\t<img loading=\"lazy\" decoding=\"async\" width=\"1024\" height=\"576\" src=\"https:\/\/www.vetinnovate.com\/wp-content\/uploads\/2025\/03\/kapak-1024x576.jpg\" class=\"attachment-large size-large\" alt=\"\" srcset=\"https:\/\/www.vetinnovate.com\/wp-content\/uploads\/2025\/03\/kapak-1024x576.jpg 1024w, https:\/\/www.vetinnovate.com\/wp-content\/uploads\/2025\/03\/kapak-300x169.jpg 300w, https:\/\/www.vetinnovate.com\/wp-content\/uploads\/2025\/03\/kapak-768x432.jpg 768w, https:\/\/www.vetinnovate.com\/wp-content\/uploads\/2025\/03\/kapak.jpg 1280w\" sizes=\"auto, (max-width: 1024px) 100vw, 1024px\" \/>\t\t\t\t\t\t\t\t\t\t\t<\/div>\n\t\t\t\t<\/div>\n\t\t\t\t<\/div>\n\t\t\t\t\t\t<\/div>\n\t\t\t\t\t<\/div>\n\t\t<\/div>\n\t\t\t\t\t\t\t\t<\/div>\n\t\t\t\t\t<\/div>\n\t\t<\/section>\n\t\t\t\t<section class=\"elementor-section elementor-top-section elementor-element elementor-element-9eb0a54 elementor-section-boxed elementor-section-height-default elementor-section-height-default\" data-id=\"9eb0a54\" data-element_type=\"section\">\n\t\t\t\t\t\t<div class=\"elementor-container elementor-column-gap-default\">\n\t\t\t\t\t\t\t<div class=\"elementor-row\">\n\t\t\t\t\t<div class=\"elementor-column elementor-col-100 elementor-top-column elementor-element elementor-element-2483e83\" data-id=\"2483e83\" data-element_type=\"column\">\n\t\t\t<div class=\"elementor-column-wrap elementor-element-populated\">\n\t\t\t\t\t\t\t<div class=\"elementor-widget-wrap\">\n\t\t\t\t\t\t<section class=\"elementor-section elementor-inner-section elementor-element elementor-element-c02dd5f elementor-section-boxed elementor-section-height-default elementor-section-height-default\" data-id=\"c02dd5f\" data-element_type=\"section\">\n\t\t\t\t\t\t<div class=\"elementor-container elementor-column-gap-default\">\n\t\t\t\t\t\t\t<div class=\"elementor-row\">\n\t\t\t\t\t<div class=\"elementor-column elementor-col-50 elementor-inner-column elementor-element elementor-element-0d1d5d2\" data-id=\"0d1d5d2\" data-element_type=\"column\">\n\t\t\t<div class=\"elementor-column-wrap elementor-element-populated\">\n\t\t\t\t\t\t\t<div class=\"elementor-widget-wrap\">\n\t\t\t\t\t\t<div class=\"elementor-element elementor-element-110f7ee elementor-widget elementor-widget-text-editor\" data-id=\"110f7ee\" data-element_type=\"widget\" data-widget_type=\"text-editor.default\">\n\t\t\t\t<div class=\"elementor-widget-container\">\n\t\t\t\t\t<div class=\"elementor-text-editor elementor-clearfix\"><p style=\"text-align: left; padding-left: 40px;\"><span style=\"text-decoration: underline;\"><strong>HT Vista<\/strong><\/span>, hem tarama hem de te\u015fhis yeteneklerine sahip, ilk yapay zeka destekli, non-invaziv kanser tespit arac\u0131d\u0131r.<\/p><p style=\"text-align: left; padding-left: 40px;\">Veteriner Hekimlerin, dermal ve subkutan kitlelerde, kanseri an\u0131nda tespit etmesini veya ekarte etmesini sa\u011flar.<\/p><p style=\"text-align: left; padding-left: 40px;\">Geli\u015fmi\u015f Is\u0131 Yay\u0131l\u0131m\u0131 G\u00f6r\u00fcnt\u00fcleme (HDI) teknolojisini ve bulut tabanl\u0131 analizi kullanarak, yumrular ve \u015fi\u015flikler i\u00e7in te\u015fhis s\u00fcrecini ve\u00a0 karar verme S\u00fcrecini K\u0131salt\u0131r.<\/p><p style=\"text-align: left; padding-left: 40px;\">HT Vista Is\u0131 Yay\u0131l\u0131m\u0131 G\u00f6r\u00fcnt\u00fcleme (HDI) teknolojisinin temel ilkesi, iyi huylu ve k\u00f6t\u00fc huylu dokular\u0131n, termofiziksel \u00f6zelliklerini etkileyen bile\u015fim, metabolizma, doku morfolojisi ve damar a\u011f\u0131ndaki farkl\u0131l\u0131klar nedeniyle farkl\u0131 Is\u0131 Transfer Oranlar\u0131 g\u00f6stermesidir.<\/p><p style=\"text-align: left; padding-left: 40px;\">Bu yenilik\u00e7i tarama y\u00f6ntemi, doku \u0131s\u0131t\u0131l\u0131p so\u011fumaya b\u0131rak\u0131ld\u0131\u011f\u0131nda cihaz taraf\u0131ndan kaydedilen benzersiz termal sinyallere dayan\u0131r.<\/p><\/div>\n\t\t\t\t<\/div>\n\t\t\t\t<\/div>\n\t\t\t\t\t\t<\/div>\n\t\t\t\t\t<\/div>\n\t\t<\/div>\n\t\t\t\t<div class=\"elementor-column elementor-col-50 elementor-inner-column elementor-element elementor-element-5ecf7d6\" data-id=\"5ecf7d6\" data-element_type=\"column\">\n\t\t\t<div class=\"elementor-column-wrap elementor-element-populated\">\n\t\t\t\t\t\t\t<div class=\"elementor-widget-wrap\">\n\t\t\t\t\t\t<div class=\"elementor-element elementor-element-600025a elementor-widget elementor-widget-image\" data-id=\"600025a\" data-element_type=\"widget\" data-widget_type=\"image.default\">\n\t\t\t\t<div class=\"elementor-widget-container\">\n\t\t\t\t\t<div class=\"elementor-image\">\n\t\t\t\t\t\t\t\t\t\t<img loading=\"lazy\" decoding=\"async\" width=\"854\" height=\"1024\" src=\"https:\/\/www.vetinnovate.com\/wp-content\/uploads\/2025\/03\/large-wand-2-and-halo-854x1024.png\" class=\"attachment-large size-large\" alt=\"\" srcset=\"https:\/\/www.vetinnovate.com\/wp-content\/uploads\/2025\/03\/large-wand-2-and-halo-854x1024.png 854w, https:\/\/www.vetinnovate.com\/wp-content\/uploads\/2025\/03\/large-wand-2-and-halo-250x300.png 250w, https:\/\/www.vetinnovate.com\/wp-content\/uploads\/2025\/03\/large-wand-2-and-halo-768x920.png 768w, https:\/\/www.vetinnovate.com\/wp-content\/uploads\/2025\/03\/large-wand-2-and-halo.png 1068w\" sizes=\"auto, (max-width: 854px) 100vw, 854px\" \/>\t\t\t\t\t\t\t\t\t\t\t<\/div>\n\t\t\t\t<\/div>\n\t\t\t\t<\/div>\n\t\t\t\t\t\t<\/div>\n\t\t\t\t\t<\/div>\n\t\t<\/div>\n\t\t\t\t\t\t\t\t<\/div>\n\t\t\t\t\t<\/div>\n\t\t<\/section>\n\t\t\t\t<section class=\"elementor-section elementor-inner-section elementor-element elementor-element-2171ad3 elementor-section-boxed elementor-section-height-default elementor-section-height-default\" data-id=\"2171ad3\" data-element_type=\"section\">\n\t\t\t\t\t\t<div class=\"elementor-container elementor-column-gap-default\">\n\t\t\t\t\t\t\t<div class=\"elementor-row\">\n\t\t\t\t\t<div class=\"elementor-column elementor-col-100 elementor-inner-column elementor-element elementor-element-062e560\" data-id=\"062e560\" data-element_type=\"column\">\n\t\t\t<div class=\"elementor-column-wrap elementor-element-populated\">\n\t\t\t\t\t\t\t<div class=\"elementor-widget-wrap\">\n\t\t\t\t\t\t\t\t<\/div>\n\t\t\t\t\t<\/div>\n\t\t<\/div>\n\t\t\t\t\t\t\t\t<\/div>\n\t\t\t\t\t<\/div>\n\t\t<\/section>\n\t\t\t\t\t\t<\/div>\n\t\t\t\t\t<\/div>\n\t\t<\/div>\n\t\t\t\t\t\t\t\t<\/div>\n\t\t\t\t\t<\/div>\n\t\t<\/section>\n\t\t\t\t<section class=\"elementor-section elementor-top-section elementor-element elementor-element-fccdf92 elementor-section-boxed elementor-section-height-default elementor-section-height-default\" data-id=\"fccdf92\" data-element_type=\"section\">\n\t\t\t\t\t\t<div class=\"elementor-container elementor-column-gap-default\">\n\t\t\t\t\t\t\t<div class=\"elementor-row\">\n\t\t\t\t\t<div class=\"elementor-column elementor-col-100 elementor-top-column elementor-element elementor-element-a7e416f\" data-id=\"a7e416f\" data-element_type=\"column\">\n\t\t\t<div class=\"elementor-column-wrap elementor-element-populated\">\n\t\t\t\t\t\t\t<div class=\"elementor-widget-wrap\">\n\t\t\t\t\t\t<div class=\"elementor-element elementor-element-8f26a2a elementor-aspect-ratio-169 elementor-widget elementor-widget-video\" data-id=\"8f26a2a\" data-element_type=\"widget\" data-settings=\"{&quot;aspect_ratio&quot;:&quot;169&quot;}\" data-widget_type=\"video.default\">\n\t\t\t\t<div class=\"elementor-widget-container\">\n\t\t\t\t\t<div class=\"elementor-wrapper elementor-fit-aspect-ratio elementor-open-inline\">\n\t\t\t<iframe class=\"elementor-video-iframe\" allowfullscreen title=\"youtube Video Oynat\u0131c\u0131\" src=\"https:\/\/www.youtube.com\/embed\/6-QmDhiowOE?feature=oembed&amp;autoplay=1&amp;playsinline=1&amp;start&amp;end&amp;wmode=opaque&amp;loop=0&amp;controls=1&amp;mute=0&amp;rel=0&amp;modestbranding=0\"><\/iframe>\t\t<\/div>\n\t\t\t\t<\/div>\n\t\t\t\t<\/div>\n\t\t\t\t<div class=\"elementor-element elementor-element-f794cf5 elementor-widget elementor-widget-image\" data-id=\"f794cf5\" data-element_type=\"widget\" data-widget_type=\"image.default\">\n\t\t\t\t<div class=\"elementor-widget-container\">\n\t\t\t\t\t<div class=\"elementor-image\">\n\t\t\t\t\t\t\t\t\t\t<img loading=\"lazy\" decoding=\"async\" width=\"1024\" height=\"575\" src=\"https:\/\/www.vetinnovate.com\/wp-content\/uploads\/2025\/03\/IMG-20250321-WA0017-1024x575.jpg\" class=\"attachment-large size-large\" alt=\"\" srcset=\"https:\/\/www.vetinnovate.com\/wp-content\/uploads\/2025\/03\/IMG-20250321-WA0017-1024x575.jpg 1024w, https:\/\/www.vetinnovate.com\/wp-content\/uploads\/2025\/03\/IMG-20250321-WA0017-300x169.jpg 300w, https:\/\/www.vetinnovate.com\/wp-content\/uploads\/2025\/03\/IMG-20250321-WA0017-768x432.jpg 768w, https:\/\/www.vetinnovate.com\/wp-content\/uploads\/2025\/03\/IMG-20250321-WA0017-1536x863.jpg 1536w, https:\/\/www.vetinnovate.com\/wp-content\/uploads\/2025\/03\/IMG-20250321-WA0017.jpg 1600w\" sizes=\"auto, (max-width: 1024px) 100vw, 1024px\" \/>\t\t\t\t\t\t\t\t\t\t\t<\/div>\n\t\t\t\t<\/div>\n\t\t\t\t<\/div>\n\t\t\t\t\t\t<\/div>\n\t\t\t\t\t<\/div>\n\t\t<\/div>\n\t\t\t\t\t\t\t\t<\/div>\n\t\t\t\t\t<\/div>\n\t\t<\/section>\n\t\t\t\t<section class=\"elementor-section elementor-top-section elementor-element elementor-element-a1bce4b elementor-section-boxed elementor-section-height-default elementor-section-height-default\" data-id=\"a1bce4b\" data-element_type=\"section\">\n\t\t\t\t\t\t<div class=\"elementor-container elementor-column-gap-default\">\n\t\t\t\t\t\t\t<div class=\"elementor-row\">\n\t\t\t\t\t<div class=\"elementor-column elementor-col-100 elementor-top-column elementor-element elementor-element-f3414e5\" data-id=\"f3414e5\" data-element_type=\"column\">\n\t\t\t<div class=\"elementor-column-wrap elementor-element-populated\">\n\t\t\t\t\t\t\t<div class=\"elementor-widget-wrap\">\n\t\t\t\t\t\t<div class=\"elementor-element elementor-element-db58931 elementor-widget elementor-widget-image\" data-id=\"db58931\" data-element_type=\"widget\" data-widget_type=\"image.default\">\n\t\t\t\t<div class=\"elementor-widget-container\">\n\t\t\t\t\t<div class=\"elementor-image\">\n\t\t\t\t\t\t\t\t\t\t<img loading=\"lazy\" decoding=\"async\" width=\"1024\" height=\"575\" src=\"https:\/\/www.vetinnovate.com\/wp-content\/uploads\/2025\/03\/IMG-20250321-WA0015-1024x575.jpg\" class=\"attachment-large size-large\" alt=\"\" srcset=\"https:\/\/www.vetinnovate.com\/wp-content\/uploads\/2025\/03\/IMG-20250321-WA0015-1024x575.jpg 1024w, https:\/\/www.vetinnovate.com\/wp-content\/uploads\/2025\/03\/IMG-20250321-WA0015-300x169.jpg 300w, https:\/\/www.vetinnovate.com\/wp-content\/uploads\/2025\/03\/IMG-20250321-WA0015-768x432.jpg 768w, https:\/\/www.vetinnovate.com\/wp-content\/uploads\/2025\/03\/IMG-20250321-WA0015-1536x863.jpg 1536w, https:\/\/www.vetinnovate.com\/wp-content\/uploads\/2025\/03\/IMG-20250321-WA0015.jpg 1600w\" sizes=\"auto, (max-width: 1024px) 100vw, 1024px\" \/>\t\t\t\t\t\t\t\t\t\t\t<\/div>\n\t\t\t\t<\/div>\n\t\t\t\t<\/div>\n\t\t\t\t\t\t<\/div>\n\t\t\t\t\t<\/div>\n\t\t<\/div>\n\t\t\t\t\t\t\t\t<\/div>\n\t\t\t\t\t<\/div>\n\t\t<\/section>\n\t\t\t\t<section class=\"elementor-section elementor-top-section elementor-element elementor-element-441efcf elementor-section-boxed elementor-section-height-default elementor-section-height-default\" data-id=\"441efcf\" data-element_type=\"section\">\n\t\t\t\t\t\t<div class=\"elementor-container elementor-column-gap-default\">\n\t\t\t\t\t\t\t<div class=\"elementor-row\">\n\t\t\t\t\t<div class=\"elementor-column elementor-col-100 elementor-top-column elementor-element elementor-element-82edc2f\" data-id=\"82edc2f\" data-element_type=\"column\">\n\t\t\t<div class=\"elementor-column-wrap elementor-element-populated\">\n\t\t\t\t\t\t\t<div class=\"elementor-widget-wrap\">\n\t\t\t\t\t\t<div class=\"elementor-element elementor-element-e703da4 elementor-widget elementor-widget-image\" data-id=\"e703da4\" data-element_type=\"widget\" data-widget_type=\"image.default\">\n\t\t\t\t<div class=\"elementor-widget-container\">\n\t\t\t\t\t<div class=\"elementor-image\">\n\t\t\t\t\t\t\t\t\t\t<img loading=\"lazy\" decoding=\"async\" width=\"1024\" height=\"575\" src=\"https:\/\/www.vetinnovate.com\/wp-content\/uploads\/2025\/03\/IMG-20250321-WA0014-1024x575.jpg\" class=\"attachment-large size-large\" alt=\"\" srcset=\"https:\/\/www.vetinnovate.com\/wp-content\/uploads\/2025\/03\/IMG-20250321-WA0014-1024x575.jpg 1024w, https:\/\/www.vetinnovate.com\/wp-content\/uploads\/2025\/03\/IMG-20250321-WA0014-300x169.jpg 300w, https:\/\/www.vetinnovate.com\/wp-content\/uploads\/2025\/03\/IMG-20250321-WA0014-768x432.jpg 768w, https:\/\/www.vetinnovate.com\/wp-content\/uploads\/2025\/03\/IMG-20250321-WA0014-1536x863.jpg 1536w, https:\/\/www.vetinnovate.com\/wp-content\/uploads\/2025\/03\/IMG-20250321-WA0014.jpg 1600w\" sizes=\"auto, (max-width: 1024px) 100vw, 1024px\" \/>\t\t\t\t\t\t\t\t\t\t\t<\/div>\n\t\t\t\t<\/div>\n\t\t\t\t<\/div>\n\t\t\t\t\t\t<\/div>\n\t\t\t\t\t<\/div>\n\t\t<\/div>\n\t\t\t\t\t\t\t\t<\/div>\n\t\t\t\t\t<\/div>\n\t\t<\/section>\n\t\t\t\t<section class=\"elementor-section elementor-top-section elementor-element elementor-element-4d08b0a elementor-section-boxed elementor-section-height-default elementor-section-height-default\" data-id=\"4d08b0a\" data-element_type=\"section\">\n\t\t\t\t\t\t<div class=\"elementor-container elementor-column-gap-default\">\n\t\t\t\t\t\t\t<div class=\"elementor-row\">\n\t\t\t\t\t<div class=\"elementor-column elementor-col-100 elementor-top-column elementor-element elementor-element-f540b12\" data-id=\"f540b12\" data-element_type=\"column\">\n\t\t\t<div class=\"elementor-column-wrap elementor-element-populated\">\n\t\t\t\t\t\t\t<div class=\"elementor-widget-wrap\">\n\t\t\t\t\t\t<div class=\"elementor-element elementor-element-53bca7d elementor-widget elementor-widget-image\" data-id=\"53bca7d\" data-element_type=\"widget\" data-widget_type=\"image.default\">\n\t\t\t\t<div class=\"elementor-widget-container\">\n\t\t\t\t\t<div class=\"elementor-image\">\n\t\t\t\t\t\t\t\t\t\t<img loading=\"lazy\" decoding=\"async\" width=\"1024\" height=\"575\" src=\"https:\/\/www.vetinnovate.com\/wp-content\/uploads\/2025\/03\/IMG-20250321-WA0016-1024x575.jpg\" class=\"attachment-large size-large\" alt=\"\" srcset=\"https:\/\/www.vetinnovate.com\/wp-content\/uploads\/2025\/03\/IMG-20250321-WA0016-1024x575.jpg 1024w, https:\/\/www.vetinnovate.com\/wp-content\/uploads\/2025\/03\/IMG-20250321-WA0016-300x169.jpg 300w, https:\/\/www.vetinnovate.com\/wp-content\/uploads\/2025\/03\/IMG-20250321-WA0016-768x432.jpg 768w, https:\/\/www.vetinnovate.com\/wp-content\/uploads\/2025\/03\/IMG-20250321-WA0016-1536x863.jpg 1536w, https:\/\/www.vetinnovate.com\/wp-content\/uploads\/2025\/03\/IMG-20250321-WA0016.jpg 1600w\" sizes=\"auto, (max-width: 1024px) 100vw, 1024px\" \/>\t\t\t\t\t\t\t\t\t\t\t<\/div>\n\t\t\t\t<\/div>\n\t\t\t\t<\/div>\n\t\t\t\t\t\t<\/div>\n\t\t\t\t\t<\/div>\n\t\t<\/div>\n\t\t\t\t\t\t\t\t<\/div>\n\t\t\t\t\t<\/div>\n\t\t<\/section>\n\t\t\t\t<section class=\"elementor-section elementor-top-section elementor-element elementor-element-d03b014 elementor-section-boxed elementor-section-height-default elementor-section-height-default\" data-id=\"d03b014\" data-element_type=\"section\">\n\t\t\t\t\t\t<div class=\"elementor-container elementor-column-gap-default\">\n\t\t\t\t\t\t\t<div class=\"elementor-row\">\n\t\t\t\t\t<div class=\"elementor-column elementor-col-100 elementor-top-column elementor-element elementor-element-ea805fb\" data-id=\"ea805fb\" data-element_type=\"column\">\n\t\t\t<div class=\"elementor-column-wrap elementor-element-populated\">\n\t\t\t\t\t\t\t<div class=\"elementor-widget-wrap\">\n\t\t\t\t\t\t<div class=\"elementor-element elementor-element-4536bcf elementor-widget elementor-widget-image\" data-id=\"4536bcf\" data-element_type=\"widget\" data-widget_type=\"image.default\">\n\t\t\t\t<div class=\"elementor-widget-container\">\n\t\t\t\t\t<div class=\"elementor-image\">\n\t\t\t\t\t\t\t\t\t\t<img loading=\"lazy\" decoding=\"async\" width=\"1024\" height=\"575\" src=\"https:\/\/www.vetinnovate.com\/wp-content\/uploads\/2025\/03\/IMG-20250321-WA0018-1024x575.jpg\" class=\"attachment-large size-large\" alt=\"\" srcset=\"https:\/\/www.vetinnovate.com\/wp-content\/uploads\/2025\/03\/IMG-20250321-WA0018-1024x575.jpg 1024w, https:\/\/www.vetinnovate.com\/wp-content\/uploads\/2025\/03\/IMG-20250321-WA0018-300x169.jpg 300w, https:\/\/www.vetinnovate.com\/wp-content\/uploads\/2025\/03\/IMG-20250321-WA0018-768x432.jpg 768w, https:\/\/www.vetinnovate.com\/wp-content\/uploads\/2025\/03\/IMG-20250321-WA0018-1536x863.jpg 1536w, https:\/\/www.vetinnovate.com\/wp-content\/uploads\/2025\/03\/IMG-20250321-WA0018.jpg 1600w\" sizes=\"auto, (max-width: 1024px) 100vw, 1024px\" \/>\t\t\t\t\t\t\t\t\t\t\t<\/div>\n\t\t\t\t<\/div>\n\t\t\t\t<\/div>\n\t\t\t\t\t\t<\/div>\n\t\t\t\t\t<\/div>\n\t\t<\/div>\n\t\t\t\t\t\t\t\t<\/div>\n\t\t\t\t\t<\/div>\n\t\t<\/section>\n\t\t\t\t\t\t<\/div>\n\t\t\t\t\t\t<\/div>\n\t\t\t\t\t<\/div>\n\t\t","protected":false},"excerpt":{"rendered":"<p>HT Vista, hem tarama hem de te\u015fhis yeteneklerine sahip, ilk yapay zeka destekli, non-invaziv kanser tespit arac\u0131d\u0131r. Veteriner Hekimlerin, dermal ve subkutan kitlelerde, kanseri an\u0131nda tespit etmesini veya ekarte etmesini sa\u011flar. Geli\u015fmi\u015f Is\u0131 Yay\u0131l\u0131m\u0131 G\u00f6r\u00fcnt\u00fcleme (HDI) teknolojisini ve bulut tabanl\u0131 analizi kullanarak, yumrular ve \u015fi\u015flikler i\u00e7in te\u015fhis s\u00fcrecini ve\u00a0 karar verme S\u00fcrecini K\u0131salt\u0131r. HT Vista [&hellip;]<\/p>\n","protected":false},"author":1,"featured_media":0,"parent":0,"menu_order":0,"comment_status":"closed","ping_status":"closed","template":"","meta":{"site-sidebar-layout":"no-sidebar","site-content-layout":"page-builder","ast-site-content-layout":"","site-content-style":"default","site-sidebar-style":"default","ast-global-header-display":"","ast-banner-title-visibility":"","ast-main-header-display":"","ast-hfb-above-header-display":"","ast-hfb-below-header-display":"","ast-hfb-mobile-header-display":"","site-post-title":"disabled","ast-breadcrumbs-content":"","ast-featured-img":"disabled","footer-sml-layout":"","theme-transparent-header-meta":"default","adv-header-id-meta":"","stick-header-meta":"","header-above-stick-meta":"","header-main-stick-meta":"","header-below-stick-meta":"","astra-migrate-meta-layouts":"default","ast-page-background-enabled":"default","ast-page-background-meta":{"desktop":{"background-color":"var(--ast-global-color-4)","background-image":"","background-repeat":"repeat","background-position":"center center","background-size":"auto","background-attachment":"scroll","background-type":"","background-media":"","overlay-type":"","overlay-color":"","overlay-opacity":"","overlay-gradient":""},"tablet":{"background-color":"","background-image":"","background-repeat":"repeat","background-position":"center center","background-size":"auto","background-attachment":"scroll","background-type":"","background-media":"","overlay-type":"","overlay-color":"","overlay-opacity":"","overlay-gradient":""},"mobile":{"background-color":"","background-image":"","background-repeat":"repeat","background-position":"center center","background-size":"auto","background-attachment":"scroll","background-type":"","background-media":"","overlay-type":"","overlay-color":"","overlay-opacity":"","overlay-gradient":""}},"ast-content-background-meta":{"desktop":{"background-color":"var(--ast-global-color-5)","background-image":"","background-repeat":"repeat","background-position":"center center","background-size":"auto","background-attachment":"scroll","background-type":"","background-media":"","overlay-type":"","overlay-color":"","overlay-opacity":"","overlay-gradient":""},"tablet":{"background-color":"var(--ast-global-color-5)","background-image":"","background-repeat":"repeat","background-position":"center center","background-size":"auto","background-attachment":"scroll","background-type":"","background-media":"","overlay-type":"","overlay-color":"","overlay-opacity":"","overlay-gradient":""},"mobile":{"background-color":"var(--ast-global-color-5)","background-image":"","background-repeat":"repeat","background-position":"center center","background-size":"auto","background-attachment":"scroll","background-type":"","background-media":"","overlay-type":"","overlay-color":"","overlay-opacity":"","overlay-gradient":""}},"footnotes":""},"class_list":["post-8104","page","type-page","status-publish","hentry"],"_links":{"self":[{"href":"https:\/\/www.vetinnovate.com\/index.php\/wp-json\/wp\/v2\/pages\/8104","targetHints":{"allow":["GET"]}}],"collection":[{"href":"https:\/\/www.vetinnovate.com\/index.php\/wp-json\/wp\/v2\/pages"}],"about":[{"href":"https:\/\/www.vetinnovate.com\/index.php\/wp-json\/wp\/v2\/types\/page"}],"author":[{"embeddable":true,"href":"https:\/\/www.vetinnovate.com\/index.php\/wp-json\/wp\/v2\/users\/1"}],"replies":[{"embeddable":true,"href":"https:\/\/www.vetinnovate.com\/index.php\/wp-json\/wp\/v2\/comments?post=8104"}],"version-history":[{"count":25,"href":"https:\/\/www.vetinnovate.com\/index.php\/wp-json\/wp\/v2\/pages\/8104\/revisions"}],"predecessor-version":[{"id":8878,"href":"https:\/\/www.vetinnovate.com\/index.php\/wp-json\/wp\/v2\/pages\/8104\/revisions\/8878"}],"wp:attachment":[{"href":"https:\/\/www.vetinnovate.com\/index.php\/wp-json\/wp\/v2\/media?parent=8104"}],"curies":[{"name":"wp","href":"https:\/\/api.w.org\/{rel}","templated":true}]}}