{"id":8032,"date":"2025-02-23T21:54:55","date_gmt":"2025-02-23T21:54:55","guid":{"rendered":"http:\/\/www.vetinnovate.com\/?page_id=8032"},"modified":"2026-03-21T14:31:38","modified_gmt":"2026-03-21T14:31:38","slug":"cryopen","status":"publish","type":"page","link":"https:\/\/www.vetinnovate.com\/index.php\/cryopen\/","title":{"rendered":"Cryopen"},"content":{"rendered":"\t\t<div data-elementor-type=\"wp-page\" data-elementor-id=\"8032\" class=\"elementor elementor-8032\" data-elementor-settings=\"[]\">\n\t\t\t\t\t\t<div class=\"elementor-inner\">\n\t\t\t\t\t\t\t<div class=\"elementor-section-wrap\">\n\t\t\t\t\t\t\t<section class=\"elementor-section elementor-top-section elementor-element elementor-element-2397eb1 elementor-section-boxed elementor-section-height-default elementor-section-height-default\" data-id=\"2397eb1\" data-element_type=\"section\">\n\t\t\t\t\t\t<div class=\"elementor-container elementor-column-gap-default\">\n\t\t\t\t\t\t\t<div class=\"elementor-row\">\n\t\t\t\t\t<div class=\"elementor-column elementor-col-100 elementor-top-column elementor-element elementor-element-e9cf192\" data-id=\"e9cf192\" data-element_type=\"column\">\n\t\t\t<div class=\"elementor-column-wrap\">\n\t\t\t\t\t\t\t<div class=\"elementor-widget-wrap\">\n\t\t\t\t\t\t\t\t<\/div>\n\t\t\t\t\t<\/div>\n\t\t<\/div>\n\t\t\t\t\t\t\t\t<\/div>\n\t\t\t\t\t<\/div>\n\t\t<\/section>\n\t\t\t\t<section class=\"elementor-section elementor-top-section elementor-element elementor-element-8dee1ce elementor-section-boxed elementor-section-height-default elementor-section-height-default\" data-id=\"8dee1ce\" data-element_type=\"section\">\n\t\t\t\t\t\t<div class=\"elementor-container elementor-column-gap-default\">\n\t\t\t\t\t\t\t<div class=\"elementor-row\">\n\t\t\t\t\t\t\t\t\t<\/div>\n\t\t\t\t\t<\/div>\n\t\t<\/section>\n\t\t\t\t<section class=\"elementor-section elementor-top-section elementor-element elementor-element-bcfd1c5 elementor-section-boxed elementor-section-height-default elementor-section-height-default\" data-id=\"bcfd1c5\" data-element_type=\"section\">\n\t\t\t\t\t\t<div class=\"elementor-container elementor-column-gap-default\">\n\t\t\t\t\t\t\t<div class=\"elementor-row\">\n\t\t\t\t\t<div class=\"elementor-column elementor-col-100 elementor-top-column elementor-element elementor-element-5611698\" data-id=\"5611698\" data-element_type=\"column\">\n\t\t\t<div class=\"elementor-column-wrap elementor-element-populated\">\n\t\t\t\t\t\t\t<div class=\"elementor-widget-wrap\">\n\t\t\t\t\t\t<div class=\"elementor-element elementor-element-0d6de19 elementor-widget elementor-widget-image\" data-id=\"0d6de19\" data-element_type=\"widget\" data-widget_type=\"image.default\">\n\t\t\t\t<div class=\"elementor-widget-container\">\n\t\t\t\t\t<div class=\"elementor-image\">\n\t\t\t\t\t\t\t\t\t\t<img loading=\"lazy\" decoding=\"async\" width=\"1024\" height=\"683\" src=\"https:\/\/www.vetinnovate.com\/wp-content\/uploads\/2026\/03\/Veteriner-Cryoterapi-ve-CryoPen\u00ae-1024x683.png\" class=\"attachment-large size-large\" alt=\"\" srcset=\"https:\/\/www.vetinnovate.com\/wp-content\/uploads\/2026\/03\/Veteriner-Cryoterapi-ve-CryoPen\u00ae-1024x683.png 1024w, https:\/\/www.vetinnovate.com\/wp-content\/uploads\/2026\/03\/Veteriner-Cryoterapi-ve-CryoPen\u00ae-300x200.png 300w, https:\/\/www.vetinnovate.com\/wp-content\/uploads\/2026\/03\/Veteriner-Cryoterapi-ve-CryoPen\u00ae-768x512.png 768w, https:\/\/www.vetinnovate.com\/wp-content\/uploads\/2026\/03\/Veteriner-Cryoterapi-ve-CryoPen\u00ae.png 1536w\" sizes=\"auto, (max-width: 1024px) 100vw, 1024px\" \/>\t\t\t\t\t\t\t\t\t\t\t<\/div>\n\t\t\t\t<\/div>\n\t\t\t\t<\/div>\n\t\t\t\t<div class=\"elementor-element elementor-element-2717b56 elementor-widget elementor-widget-text-editor\" data-id=\"2717b56\" data-element_type=\"widget\" data-widget_type=\"text-editor.default\">\n\t\t\t\t<div class=\"elementor-widget-container\">\n\t\t\t\t\t<div class=\"elementor-text-editor elementor-clearfix\"><h2 style=\"padding-left: 40px;\" data-section-id=\"gyrd7b\" data-start=\"186\" data-end=\"226\">CryoPen\u00ae Veteriner Cryoterapi Sistemi<\/h2><h4 style=\"padding-left: 40px;\"><span style=\"color: #000080;\"><strong><span style=\"text-decoration: underline;\">Anestezi yok.. A\u011fr\u0131,ac\u0131 yok.. Saniyeler i\u00e7inde lezyonlar\u0131 Uzakla\u015ft\u0131r\u0131n..<\/span><\/strong><\/span><\/h4><p style=\"padding-left: 40px;\" data-start=\"228\" data-end=\"498\"><strong data-start=\"228\" data-end=\"369\">CryoPen\u00ae, veteriner hekimlikte hassas, kontroll\u00fc ve g\u00fcvenli kriyoterapi uygulamalar\u0131 i\u00e7in geli\u015ftirilmi\u015f yeni nesil bir tedavi sistemidir.<\/strong><br data-start=\"369\" data-end=\"372\" \/>\u00d6zellikle y\u00fczeyel lezyonlarda, dermatolojik olu\u015fumlarda ve se\u00e7ilmi\u015f klinik vakalarda y\u00fcksek hassasiyetle \u00e7al\u0131\u015fma imk\u00e2n\u0131 sunar.<\/p><p style=\"padding-left: 40px;\" data-start=\"500\" data-end=\"723\">Geleneksel kriyoterapi y\u00f6ntemlerine g\u00f6re daha kontroll\u00fc uygulama sa\u011flayan CryoPen\u00ae, hedef dokuyu odakl\u0131 bi\u00e7imde tedavi etmeye yard\u0131mc\u0131 olur. Bu sayede hem uygulama konforu artar hem de \u00e7evre dokular\u0131n korunmas\u0131 desteklenir.<\/p><hr style=\"padding-left: 40px;\" data-start=\"725\" data-end=\"728\" \/><h2 style=\"padding-left: 40px;\" data-section-id=\"crby4i\" data-start=\"730\" data-end=\"747\">Neden CryoPen?<\/h2><p style=\"padding-left: 40px;\" data-start=\"749\" data-end=\"998\">CryoPen\u2019in en \u00f6nemli avantaj\u0131, kriyoterapiyi <strong data-start=\"794\" data-end=\"834\">pratik, h\u0131zl\u0131 ve y\u00fcksek hassasiyetli<\/strong> hale getirmesidir.<br data-start=\"853\" data-end=\"856\" \/>Kompakt yap\u0131s\u0131, kontroll\u00fc uygulama kabiliyeti ve farkl\u0131 u\u00e7 se\u00e7enekleri sayesinde veteriner kliniklerinde g\u00fcnl\u00fck kullan\u0131ma son derece uygundur.<\/p><p style=\"padding-left: 40px;\" data-start=\"1000\" data-end=\"1169\">CryoPen ile hekim, lezyonun boyutuna ve konumuna g\u00f6re daha hedefli \u00e7al\u0131\u015fabilir. Bu da \u00f6zellikle k\u00fc\u00e7\u00fck, lokalize ve dikkat gerektiren alanlarda \u00f6nemli bir avantaj sa\u011flar.<\/p><hr style=\"padding-left: 40px;\" data-start=\"1171\" data-end=\"1174\" \/><h2 style=\"padding-left: 40px;\" data-section-id=\"6l3hse\" data-start=\"1176\" data-end=\"1209\">Hassas ve Kontroll\u00fc Cryoterapi<\/h2><p style=\"padding-left: 40px;\" data-start=\"1211\" data-end=\"1467\">CryoPen, uygulama s\u0131ras\u0131nda so\u011fuk enerjiyi hedeflenen b\u00f6lgeye kontroll\u00fc bi\u00e7imde ileterek istenmeyen doku hasar\u0131 riskini azaltmaya yard\u0131mc\u0131 olur.<br data-start=\"1355\" data-end=\"1358\" \/>Bu kontroll\u00fc yap\u0131, klasik daha kaba kriyoterapi uygulamalar\u0131na k\u0131yasla daha se\u00e7ici bir tedavi deneyimi sunar.<\/p><p style=\"padding-left: 40px;\" data-start=\"1469\" data-end=\"1479\">\u00d6zellikle:<\/p><ul><li style=\"list-style-type: none;\"><ul data-start=\"1481\" data-end=\"1577\"><li data-section-id=\"111sjst\" data-start=\"1481\" data-end=\"1514\"><p data-start=\"1483\" data-end=\"1514\">k\u00fc\u00e7\u00fck dermatolojik lezyonlarda,<\/p><\/li><li data-section-id=\"g2rb7j\" data-start=\"1515\" data-end=\"1535\"><p data-start=\"1517\" data-end=\"1535\">hassas b\u00f6lgelerde,<\/p><\/li><li data-section-id=\"f8zigl\" data-start=\"1536\" data-end=\"1577\"><p data-start=\"1538\" data-end=\"1577\">kontroll\u00fc uygulama gerektiren vakalarda<\/p><\/li><\/ul><\/li><\/ul><p style=\"padding-left: 40px;\" data-start=\"1579\" data-end=\"1623\">etkili bir yard\u0131mc\u0131 sistem olarak \u00f6ne \u00e7\u0131kar.<\/p><hr style=\"padding-left: 40px;\" data-start=\"1625\" data-end=\"1628\" \/><h2 style=\"padding-left: 40px;\" data-section-id=\"1d8oujc\" data-start=\"1630\" data-end=\"1671\">Klinik Kullan\u0131mda \u00d6ne \u00c7\u0131kan Avantajlar<\/h2><p style=\"padding-left: 40px;\" data-start=\"1673\" data-end=\"1742\">CryoPen\u2019in veteriner klinikleri i\u00e7in \u00f6ne \u00e7\u0131kan avantajlar\u0131 \u015funlard\u0131r:<\/p><ul><li style=\"list-style-type: none;\"><ul data-start=\"1744\" data-end=\"1979\"><li data-section-id=\"1bhjzfz\" data-start=\"1744\" data-end=\"1770\"><p data-start=\"1746\" data-end=\"1770\">H\u0131zl\u0131 ve pratik uygulama<\/p><\/li><li data-section-id=\"12fiaz\" data-start=\"1771\" data-end=\"1806\"><p data-start=\"1773\" data-end=\"1806\">Hedefe y\u00f6nelik hassas kriyoterapi<\/p><\/li><li data-section-id=\"sfpv8k\" data-start=\"1807\" data-end=\"1849\"><p data-start=\"1809\" data-end=\"1849\">Farkl\u0131 u\u00e7 se\u00e7enekleri ile esnek kullan\u0131m<\/p><\/li><li data-section-id=\"ss0hny\" data-start=\"1850\" data-end=\"1883\"><p data-start=\"1852\" data-end=\"1883\">Kompakt ve kullan\u0131c\u0131 dostu yap\u0131<\/p><\/li><li data-section-id=\"1j1glu9\" data-start=\"1884\" data-end=\"1924\"><p data-start=\"1886\" data-end=\"1924\">G\u00fcnl\u00fck klinik i\u015f ak\u0131\u015f\u0131na uygun tasar\u0131m<\/p><\/li><li data-section-id=\"17fyq63\" data-start=\"1925\" data-end=\"1979\"><p data-start=\"1927\" data-end=\"1979\">Kontroll\u00fc uygulama ile \u00e7evre dokuya sayg\u0131l\u0131 yakla\u015f\u0131m<\/p><\/li><\/ul><\/li><\/ul><hr style=\"padding-left: 40px;\" data-start=\"1981\" data-end=\"1984\" \/><h2 style=\"padding-left: 40px;\" data-section-id=\"9yocgq\" data-start=\"1986\" data-end=\"2020\">Hangi Alanlarda Kullan\u0131labilir?<\/h2><p style=\"padding-left: 40px;\" data-start=\"2022\" data-end=\"2243\">CryoPen, veteriner hekimlikte \u00f6zellikle <strong data-start=\"2062\" data-end=\"2108\">dermatolojik ve y\u00fczeyel doku lezyonlar\u0131nda<\/strong> de\u011ferlendirilebilecek bir sistemdir. Klinik de\u011ferlendirmeye ba\u011fl\u0131 olarak farkl\u0131 olgularda yard\u0131mc\u0131 tedavi arac\u0131 olarak kullan\u0131labilir.<\/p><p style=\"padding-left: 40px;\" data-start=\"2245\" data-end=\"2282\">Ba\u015fl\u0131ca potansiyel kullan\u0131m alanlar\u0131:<\/p><ul><li style=\"list-style-type: none;\"><ul data-start=\"2284\" data-end=\"2433\"><li data-section-id=\"u7sik9\" data-start=\"2284\" data-end=\"2316\"><p data-start=\"2286\" data-end=\"2316\">Y\u00fczeyel dermatolojik lezyonlar<\/p><\/li><li data-section-id=\"9zfqjv\" data-start=\"2317\" data-end=\"2350\"><p data-start=\"2319\" data-end=\"2350\">Se\u00e7ilmi\u015f benign deri olu\u015fumlar\u0131<\/p><\/li><li data-section-id=\"198s3sn\" data-start=\"2351\" data-end=\"2384\"><p data-start=\"2353\" data-end=\"2384\">K\u00fc\u00e7\u00fck lokalize cilt problemleri<\/p><\/li><li data-section-id=\"tse8ng\" data-start=\"2385\" data-end=\"2433\"><p data-start=\"2387\" data-end=\"2433\">Kontroll\u00fc ablasyon gerektiren y\u00fczeysel alanlar<\/p><\/li><\/ul><\/li><\/ul><p style=\"padding-left: 40px;\" data-start=\"2435\" data-end=\"2553\">Her vakada uygunluk; lezyonun tipi, derinli\u011fi, lokalizasyonu ve hekimin klinik de\u011ferlendirmesine g\u00f6re belirlenmelidir.<\/p><hr style=\"padding-left: 40px;\" data-start=\"2555\" data-end=\"2558\" \/><h2 style=\"padding-left: 40px;\" data-section-id=\"5iggb\" data-start=\"2560\" data-end=\"2581\">Kullan\u0131m Kolayl\u0131\u011f\u0131<\/h2><p style=\"padding-left: 40px;\" data-start=\"2583\" data-end=\"2798\">CryoPen, klinikte h\u0131zl\u0131 adapte olunabilen kullan\u0131c\u0131 dostu bir sistemdir.<br data-start=\"2655\" data-end=\"2658\" \/>Ergonomik tasar\u0131m\u0131 sayesinde uygulama s\u0131ras\u0131nda hekim konforunu destekler; k\u0131sa s\u00fcrede etkin ve kontroll\u00fc tedavi planlamas\u0131na yard\u0131mc\u0131 olur.<\/p><p style=\"padding-left: 40px;\" data-start=\"2800\" data-end=\"2943\">Farkl\u0131 u\u00e7 ba\u015fl\u0131klar\u0131yla daha esnek \u00e7al\u0131\u015fma imk\u00e2n\u0131 sunmas\u0131, onu \u00f6zellikle \u00e7e\u015fitli lezyon tipleriyle \u00e7al\u0131\u015fan klinikler i\u00e7in de\u011ferli hale getirir.<\/p><hr style=\"padding-left: 40px;\" data-start=\"2945\" data-end=\"2948\" \/><h2 style=\"padding-left: 40px;\" data-section-id=\"k23nb9\" data-start=\"2950\" data-end=\"2983\">Neden Vetinnovate ile CryoPen?<\/h2><p style=\"padding-left: 40px;\" data-start=\"2985\" data-end=\"3189\">Vetinnovate olarak yaln\u0131zca cihaz sunmuyor; veteriner hekimlere yeni nesil tedavi teknolojilerini do\u011fru konumland\u0131rma, do\u011fru endikasyonda kullanma ve klinik faydaya d\u00f6n\u00fc\u015ft\u00fcrme konusunda destek sa\u011fl\u0131yoruz.<\/p><p style=\"padding-left: 40px;\" data-start=\"3191\" data-end=\"3335\">CryoPen, klinikte h\u0131zl\u0131 uygulanabilen, hassas \u00e7al\u0131\u015fan ve hasta konforunu destekleyen yap\u0131s\u0131yla modern veteriner prati\u011fine g\u00fc\u00e7l\u00fc bir katk\u0131 sunar.<\/p><hr style=\"padding-left: 40px;\" data-start=\"3337\" data-end=\"3340\" \/><h2 style=\"padding-left: 40px;\" data-section-id=\"xniu6d\" data-start=\"3342\" data-end=\"3350\">Sonu\u00e7<\/h2><p style=\"padding-left: 40px;\" data-start=\"3352\" data-end=\"3629\"><strong data-start=\"3352\" data-end=\"3482\">CryoPen\u00ae, veteriner hekimlikte kontroll\u00fc, hassas ve pratik cryoterapi uygulamalar\u0131 i\u00e7in geli\u015ftirilmi\u015f etkili bir teknolojidir.<\/strong><br data-start=\"3482\" data-end=\"3485\" \/>\u00d6zellikle y\u00fczeyel ve se\u00e7ilmi\u015f dermatolojik vakalarda, kullan\u0131c\u0131 dostu yap\u0131s\u0131 ve hedefe y\u00f6nelik uygulama avantaj\u0131 ile klinik prati\u011fe de\u011fer katar.<\/p><\/div>\n\t\t\t\t<\/div>\n\t\t\t\t<\/div>\n\t\t\t\t<div class=\"elementor-element elementor-element-38251c6 elementor-widget elementor-widget-image\" data-id=\"38251c6\" data-element_type=\"widget\" data-widget_type=\"image.default\">\n\t\t\t\t<div class=\"elementor-widget-container\">\n\t\t\t\t\t<div class=\"elementor-image\">\n\t\t\t\t\t\t\t\t\t\t<img loading=\"lazy\" decoding=\"async\" width=\"725\" height=\"1024\" src=\"https:\/\/www.vetinnovate.com\/wp-content\/uploads\/2025\/03\/POSTERS_CryoPenO_VET_VET-INNOVATE-725x1024.jpg\" class=\"attachment-large size-large\" alt=\"\" srcset=\"https:\/\/www.vetinnovate.com\/wp-content\/uploads\/2025\/03\/POSTERS_CryoPenO_VET_VET-INNOVATE-725x1024.jpg 725w, https:\/\/www.vetinnovate.com\/wp-content\/uploads\/2025\/03\/POSTERS_CryoPenO_VET_VET-INNOVATE-212x300.jpg 212w, https:\/\/www.vetinnovate.com\/wp-content\/uploads\/2025\/03\/POSTERS_CryoPenO_VET_VET-INNOVATE-768x1085.jpg 768w, https:\/\/www.vetinnovate.com\/wp-content\/uploads\/2025\/03\/POSTERS_CryoPenO_VET_VET-INNOVATE-1087x1536.jpg 1087w, https:\/\/www.vetinnovate.com\/wp-content\/uploads\/2025\/03\/POSTERS_CryoPenO_VET_VET-INNOVATE.jpg 1274w\" sizes=\"auto, (max-width: 725px) 100vw, 725px\" \/>\t\t\t\t\t\t\t\t\t\t\t<\/div>\n\t\t\t\t<\/div>\n\t\t\t\t<\/div>\n\t\t\t\t<div class=\"elementor-element elementor-element-03a677d elementor-aspect-ratio-169 elementor-widget elementor-widget-video\" data-id=\"03a677d\" data-element_type=\"widget\" data-settings=\"{&quot;aspect_ratio&quot;:&quot;169&quot;}\" data-widget_type=\"video.default\">\n\t\t\t\t<div class=\"elementor-widget-container\">\n\t\t\t\t\t<div class=\"elementor-wrapper elementor-fit-aspect-ratio elementor-open-inline\">\n\t\t\t<iframe class=\"elementor-video-iframe\" allowfullscreen title=\"youtube Video Oynat\u0131c\u0131\" src=\"https:\/\/www.youtube.com\/embed\/TrZTSvUXpr4?feature=oembed&amp;autoplay=1&amp;playsinline=1&amp;start&amp;end&amp;wmode=opaque&amp;loop=0&amp;controls=1&amp;mute=0&amp;rel=0&amp;modestbranding=0\"><\/iframe>\t\t<\/div>\n\t\t\t\t<\/div>\n\t\t\t\t<\/div>\n\t\t\t\t\t\t<\/div>\n\t\t\t\t\t<\/div>\n\t\t<\/div>\n\t\t\t\t\t\t\t\t<\/div>\n\t\t\t\t\t<\/div>\n\t\t<\/section>\n\t\t\t\t<section class=\"elementor-section elementor-top-section elementor-element elementor-element-678af0e elementor-section-boxed elementor-section-height-default elementor-section-height-default\" data-id=\"678af0e\" data-element_type=\"section\">\n\t\t\t\t\t\t<div class=\"elementor-container elementor-column-gap-default\">\n\t\t\t\t\t\t\t<div class=\"elementor-row\">\n\t\t\t\t\t<div class=\"elementor-column elementor-col-100 elementor-top-column elementor-element elementor-element-85b929a\" data-id=\"85b929a\" data-element_type=\"column\">\n\t\t\t<div class=\"elementor-column-wrap elementor-element-populated\">\n\t\t\t\t\t\t\t<div class=\"elementor-widget-wrap\">\n\t\t\t\t\t\t<div class=\"elementor-element elementor-element-d128466 elementor-widget elementor-widget-image\" data-id=\"d128466\" data-element_type=\"widget\" data-widget_type=\"image.default\">\n\t\t\t\t<div class=\"elementor-widget-container\">\n\t\t\t\t\t<div class=\"elementor-image\">\n\t\t\t\t\t\t\t\t\t\t<img loading=\"lazy\" decoding=\"async\" width=\"1024\" height=\"639\" src=\"https:\/\/www.vetinnovate.com\/wp-content\/uploads\/2025\/03\/20230704d417c804-1723-4a32-8cc7-1adf05d0181f-1024x639.jpg\" class=\"attachment-large size-large\" alt=\"\" srcset=\"https:\/\/www.vetinnovate.com\/wp-content\/uploads\/2025\/03\/20230704d417c804-1723-4a32-8cc7-1adf05d0181f-1024x639.jpg 1024w, https:\/\/www.vetinnovate.com\/wp-content\/uploads\/2025\/03\/20230704d417c804-1723-4a32-8cc7-1adf05d0181f-300x187.jpg 300w, https:\/\/www.vetinnovate.com\/wp-content\/uploads\/2025\/03\/20230704d417c804-1723-4a32-8cc7-1adf05d0181f-768x480.jpg 768w, https:\/\/www.vetinnovate.com\/wp-content\/uploads\/2025\/03\/20230704d417c804-1723-4a32-8cc7-1adf05d0181f-1536x959.jpg 1536w, https:\/\/www.vetinnovate.com\/wp-content\/uploads\/2025\/03\/20230704d417c804-1723-4a32-8cc7-1adf05d0181f.jpg 1920w\" sizes=\"auto, (max-width: 1024px) 100vw, 1024px\" \/>\t\t\t\t\t\t\t\t\t\t\t<\/div>\n\t\t\t\t<\/div>\n\t\t\t\t<\/div>\n\t\t\t\t\t\t<\/div>\n\t\t\t\t\t<\/div>\n\t\t<\/div>\n\t\t\t\t\t\t\t\t<\/div>\n\t\t\t\t\t<\/div>\n\t\t<\/section>\n\t\t\t\t\t\t<\/div>\n\t\t\t\t\t\t<\/div>\n\t\t\t\t\t<\/div>\n\t\t","protected":false},"excerpt":{"rendered":"<p>CryoPen\u00ae Veteriner Cryoterapi Sistemi Anestezi yok.. A\u011fr\u0131,ac\u0131 yok.. Saniyeler i\u00e7inde lezyonlar\u0131 Uzakla\u015ft\u0131r\u0131n.. CryoPen\u00ae, veteriner hekimlikte hassas, kontroll\u00fc ve g\u00fcvenli kriyoterapi uygulamalar\u0131 i\u00e7in geli\u015ftirilmi\u015f yeni nesil bir tedavi sistemidir.\u00d6zellikle y\u00fczeyel lezyonlarda, dermatolojik olu\u015fumlarda ve se\u00e7ilmi\u015f klinik vakalarda y\u00fcksek hassasiyetle \u00e7al\u0131\u015fma imk\u00e2n\u0131 sunar. Geleneksel kriyoterapi y\u00f6ntemlerine g\u00f6re daha kontroll\u00fc uygulama sa\u011flayan CryoPen\u00ae, hedef dokuyu odakl\u0131 bi\u00e7imde tedavi [&hellip;]<\/p>\n","protected":false},"author":1,"featured_media":8041,"parent":0,"menu_order":0,"comment_status":"closed","ping_status":"closed","template":"","meta":{"site-sidebar-layout":"no-sidebar","site-content-layout":"page-builder","ast-site-content-layout":"","site-content-style":"default","site-sidebar-style":"default","ast-global-header-display":"","ast-banner-title-visibility":"","ast-main-header-display":"","ast-hfb-above-header-display":"","ast-hfb-below-header-display":"","ast-hfb-mobile-header-display":"","site-post-title":"disabled","ast-breadcrumbs-content":"","ast-featured-img":"disabled","footer-sml-layout":"","theme-transparent-header-meta":"default","adv-header-id-meta":"","stick-header-meta":"","header-above-stick-meta":"","header-main-stick-meta":"","header-below-stick-meta":"","astra-migrate-meta-layouts":"default","ast-page-background-enabled":"default","ast-page-background-meta":{"desktop":{"background-color":"var(--ast-global-color-4)","background-image":"","background-repeat":"repeat","background-position":"center center","background-size":"auto","background-attachment":"scroll","background-type":"","background-media":"","overlay-type":"","overlay-color":"","overlay-opacity":"","overlay-gradient":""},"tablet":{"background-color":"","background-image":"","background-repeat":"repeat","background-position":"center center","background-size":"auto","background-attachment":"scroll","background-type":"","background-media":"","overlay-type":"","overlay-color":"","overlay-opacity":"","overlay-gradient":""},"mobile":{"background-color":"","background-image":"","background-repeat":"repeat","background-position":"center center","background-size":"auto","background-attachment":"scroll","background-type":"","background-media":"","overlay-type":"","overlay-color":"","overlay-opacity":"","overlay-gradient":""}},"ast-content-background-meta":{"desktop":{"background-color":"var(--ast-global-color-5)","background-image":"","background-repeat":"repeat","background-position":"center center","background-size":"auto","background-attachment":"scroll","background-type":"","background-media":"","overlay-type":"","overlay-color":"","overlay-opacity":"","overlay-gradient":""},"tablet":{"background-color":"var(--ast-global-color-5)","background-image":"","background-repeat":"repeat","background-position":"center center","background-size":"auto","background-attachment":"scroll","background-type":"","background-media":"","overlay-type":"","overlay-color":"","overlay-opacity":"","overlay-gradient":""},"mobile":{"background-color":"var(--ast-global-color-5)","background-image":"","background-repeat":"repeat","background-position":"center center","background-size":"auto","background-attachment":"scroll","background-type":"","background-media":"","overlay-type":"","overlay-color":"","overlay-opacity":"","overlay-gradient":""}},"footnotes":""},"class_list":["post-8032","page","type-page","status-publish","has-post-thumbnail","hentry"],"_links":{"self":[{"href":"https:\/\/www.vetinnovate.com\/index.php\/wp-json\/wp\/v2\/pages\/8032","targetHints":{"allow":["GET"]}}],"collection":[{"href":"https:\/\/www.vetinnovate.com\/index.php\/wp-json\/wp\/v2\/pages"}],"about":[{"href":"https:\/\/www.vetinnovate.com\/index.php\/wp-json\/wp\/v2\/types\/page"}],"author":[{"embeddable":true,"href":"https:\/\/www.vetinnovate.com\/index.php\/wp-json\/wp\/v2\/users\/1"}],"replies":[{"embeddable":true,"href":"https:\/\/www.vetinnovate.com\/index.php\/wp-json\/wp\/v2\/comments?post=8032"}],"version-history":[{"count":28,"href":"https:\/\/www.vetinnovate.com\/index.php\/wp-json\/wp\/v2\/pages\/8032\/revisions"}],"predecessor-version":[{"id":8767,"href":"https:\/\/www.vetinnovate.com\/index.php\/wp-json\/wp\/v2\/pages\/8032\/revisions\/8767"}],"wp:featuredmedia":[{"embeddable":true,"href":"https:\/\/www.vetinnovate.com\/index.php\/wp-json\/wp\/v2\/media\/8041"}],"wp:attachment":[{"href":"https:\/\/www.vetinnovate.com\/index.php\/wp-json\/wp\/v2\/media?parent=8032"}],"curies":[{"name":"wp","href":"https:\/\/api.w.org\/{rel}","templated":true}]}}