{"id":7795,"date":"2021-10-29T08:20:57","date_gmt":"2021-10-29T08:20:57","guid":{"rendered":"http:\/\/www.vetinnovate.com\/?page_id=7795"},"modified":"2021-11-14T18:30:25","modified_gmt":"2021-11-14T18:30:25","slug":"suda-yurume-bandi","status":"publish","type":"page","link":"https:\/\/www.vetinnovate.com\/index.php\/suda-yurume-bandi\/","title":{"rendered":"Suda Y\u00fcr\u00fcme Band\u0131"},"content":{"rendered":"\t\t<div data-elementor-type=\"wp-page\" data-elementor-id=\"7795\" class=\"elementor elementor-7795\" data-elementor-settings=\"[]\">\n\t\t\t\t\t\t<div class=\"elementor-inner\">\n\t\t\t\t\t\t\t<div class=\"elementor-section-wrap\">\n\t\t\t\t\t\t\t<section class=\"elementor-section elementor-top-section elementor-element elementor-element-f8c9c98 elementor-section-boxed elementor-section-height-default elementor-section-height-default\" data-id=\"f8c9c98\" data-element_type=\"section\" data-settings=\"{&quot;background_background&quot;:&quot;classic&quot;}\">\n\t\t\t\t\t\t<div class=\"elementor-container elementor-column-gap-no\">\n\t\t\t\t\t\t\t<div class=\"elementor-row\">\n\t\t\t\t\t<div class=\"elementor-column elementor-col-100 elementor-top-column elementor-element elementor-element-574dbd3\" data-id=\"574dbd3\" data-element_type=\"column\">\n\t\t\t<div class=\"elementor-column-wrap elementor-element-populated\">\n\t\t\t\t\t\t\t<div class=\"elementor-widget-wrap\">\n\t\t\t\t\t\t<div class=\"elementor-element elementor-element-a7427fb elementor-widget elementor-widget-spacer\" data-id=\"a7427fb\" data-element_type=\"widget\" data-widget_type=\"spacer.default\">\n\t\t\t\t<div class=\"elementor-widget-container\">\n\t\t\t\t\t<div class=\"elementor-spacer\">\n\t\t\t<div class=\"elementor-spacer-inner\"><\/div>\n\t\t<\/div>\n\t\t\t\t<\/div>\n\t\t\t\t<\/div>\n\t\t\t\t<div class=\"elementor-element elementor-element-dd769d5 elementor-widget elementor-widget-heading\" data-id=\"dd769d5\" data-element_type=\"widget\" data-widget_type=\"heading.default\">\n\t\t\t\t<div class=\"elementor-widget-container\">\n\t\t\t<h2 class=\"elementor-heading-title elementor-size-default\">Suda Y\u00fcr\u00fcme Band\u0131<\/h2>\t\t<\/div>\n\t\t\t\t<\/div>\n\t\t\t\t<div class=\"elementor-element elementor-element-39e5eb5 elementor-widget elementor-widget-spacer\" data-id=\"39e5eb5\" data-element_type=\"widget\" data-widget_type=\"spacer.default\">\n\t\t\t\t<div class=\"elementor-widget-container\">\n\t\t\t\t\t<div class=\"elementor-spacer\">\n\t\t\t<div class=\"elementor-spacer-inner\"><\/div>\n\t\t<\/div>\n\t\t\t\t<\/div>\n\t\t\t\t<\/div>\n\t\t\t\t\t\t<\/div>\n\t\t\t\t\t<\/div>\n\t\t<\/div>\n\t\t\t\t\t\t\t\t<\/div>\n\t\t\t\t\t<\/div>\n\t\t<\/section>\n\t\t\t\t<section class=\"elementor-section elementor-top-section elementor-element elementor-element-4d77332 elementor-reverse-mobile elementor-section-boxed elementor-section-height-default elementor-section-height-default\" data-id=\"4d77332\" data-element_type=\"section\">\n\t\t\t\t\t\t<div class=\"elementor-container elementor-column-gap-no\">\n\t\t\t\t\t\t\t<div class=\"elementor-row\">\n\t\t\t\t\t<div class=\"elementor-column elementor-col-50 elementor-top-column elementor-element elementor-element-5153afc\" data-id=\"5153afc\" data-element_type=\"column\" data-settings=\"{&quot;background_background&quot;:&quot;classic&quot;}\">\n\t\t\t<div class=\"elementor-column-wrap elementor-element-populated\">\n\t\t\t\t\t\t\t<div class=\"elementor-widget-wrap\">\n\t\t\t\t\t\t<div class=\"elementor-element elementor-element-1d5b7cb elementor-widget elementor-widget-text-editor\" data-id=\"1d5b7cb\" data-element_type=\"widget\" data-widget_type=\"text-editor.default\">\n\t\t\t\t<div class=\"elementor-widget-container\">\n\t\t\t\t\t<div class=\"elementor-text-editor elementor-clearfix\"><p><strong>\u00dcr\u00fcn \u00d6zellikleri;<\/strong><\/p><p>Suda Y\u00fcr\u00fcme Band\u0131 (Aqua treadmill \/ Underwater Treadmill) yurtd\u0131\u015f\u0131nda veterinerler ve fizyoterapistler taraf\u0131ndan fizik tedavi ve rehabilitasyon tedavilerinin ayr\u0131lmaz bir par\u00e7as\u0131 olarak yo\u011funlukla kullan\u0131maktad\u0131r.<br \/>Hidroterapi (Hydrotherapy) ad\u0131 verilen bu tedavi y\u00f6ntemi suyun i\u00e7inde hayvan\u0131n a\u011f\u0131rl\u0131\u011f\u0131n\u0131 azaltarak, hareket kabiliyetini artt\u0131rmaktad\u0131r. \u00dclkemizde ilk ve tek olan bu \u00fcr\u00fcn tamamen yerli \u00fcretimdir ve fel\u00e7li, engelli canlar\u0131m\u0131z ile operasyon sonras\u0131 iyile\u015fme s\u00fcrecinde b\u00fcy\u00fck katk\u0131 sa\u011flamaktad\u0131r.<br \/>Hidroterapi (Hydrotherapy), Suyun eklemler ve kaslar \u00fczerine binen y\u00fck\u00fc azaltmas\u0131 ve a\u011fr\u0131n\u0131n kontrol\u00fcne yard\u0131mc\u0131 olmas\u0131 sebebiyle fiziksel bozukluklar\u0131n tedavisinde kullan\u0131lmas\u0131d\u0131r.<\/p><\/div>\n\t\t\t\t<\/div>\n\t\t\t\t<\/div>\n\t\t\t\t\t\t<\/div>\n\t\t\t\t\t<\/div>\n\t\t<\/div>\n\t\t\t\t<div class=\"elementor-column elementor-col-50 elementor-top-column elementor-element elementor-element-4c7d5e2\" data-id=\"4c7d5e2\" data-element_type=\"column\" data-settings=\"{&quot;background_background&quot;:&quot;classic&quot;}\">\n\t\t\t<div class=\"elementor-column-wrap elementor-element-populated\">\n\t\t\t\t\t\t\t<div class=\"elementor-widget-wrap\">\n\t\t\t\t\t\t<div class=\"elementor-element elementor-element-7e66653 elementor-widget elementor-widget-image\" data-id=\"7e66653\" data-element_type=\"widget\" data-widget_type=\"image.default\">\n\t\t\t\t<div class=\"elementor-widget-container\">\n\t\t\t\t\t<div class=\"elementor-image\">\n\t\t\t\t\t\t\t\t\t\t\t<a href=\"https:\/\/www.vetinnovate.com\/index.php\/mphi-vet-blue\/\">\n\t\t\t\t\t\t\t<img decoding=\"async\" src=\"https:\/\/www.vetinnovate.com\/wp-content\/uploads\/elementor\/thumbs\/IMG_3708-pf9qc9ynkb99xzku93qml5ikwj2bcl2ww5rc0lxlpo.jpg\" title=\"IMG_3708\" alt=\"IMG_3708\" \/>\t\t\t\t\t\t\t\t<\/a>\n\t\t\t\t\t\t\t\t\t\t\t<\/div>\n\t\t\t\t<\/div>\n\t\t\t\t<\/div>\n\t\t\t\t\t\t<\/div>\n\t\t\t\t\t<\/div>\n\t\t<\/div>\n\t\t\t\t\t\t\t\t<\/div>\n\t\t\t\t\t<\/div>\n\t\t<\/section>\n\t\t\t\t<section class=\"elementor-section elementor-top-section elementor-element elementor-element-cdb785f elementor-section-boxed elementor-section-height-default elementor-section-height-default\" data-id=\"cdb785f\" data-element_type=\"section\">\n\t\t\t\t\t\t<div class=\"elementor-container elementor-column-gap-no\">\n\t\t\t\t\t\t\t<div class=\"elementor-row\">\n\t\t\t\t\t<div class=\"elementor-column elementor-col-50 elementor-top-column elementor-element elementor-element-49c27e1\" data-id=\"49c27e1\" data-element_type=\"column\" data-settings=\"{&quot;background_background&quot;:&quot;classic&quot;}\">\n\t\t\t<div class=\"elementor-column-wrap elementor-element-populated\">\n\t\t\t\t\t\t\t<div class=\"elementor-widget-wrap\">\n\t\t\t\t\t\t<div class=\"elementor-element elementor-element-eae7647 elementor-widget elementor-widget-image\" data-id=\"eae7647\" data-element_type=\"widget\" data-widget_type=\"image.default\">\n\t\t\t\t<div class=\"elementor-widget-container\">\n\t\t\t\t\t<div class=\"elementor-image\">\n\t\t\t\t\t\t\t\t\t\t\t<a href=\"https:\/\/www.vetinnovate.com\/index.php\/mphi-vet-orange\/\">\n\t\t\t\t\t\t\t<img decoding=\"async\" src=\"https:\/\/www.vetinnovate.com\/wp-content\/uploads\/elementor\/thumbs\/IMG_3807-pf9qcbubxzbul7i3y4jvq51i3at1rzadkf2az5utd8.jpg\" title=\"IMG_3807\" alt=\"IMG_3807\" \/>\t\t\t\t\t\t\t\t<\/a>\n\t\t\t\t\t\t\t\t\t\t\t<\/div>\n\t\t\t\t<\/div>\n\t\t\t\t<\/div>\n\t\t\t\t\t\t<\/div>\n\t\t\t\t\t<\/div>\n\t\t<\/div>\n\t\t\t\t<div class=\"elementor-column elementor-col-50 elementor-top-column elementor-element elementor-element-b82ee6b\" data-id=\"b82ee6b\" data-element_type=\"column\" data-settings=\"{&quot;background_background&quot;:&quot;classic&quot;}\">\n\t\t\t<div class=\"elementor-column-wrap elementor-element-populated\">\n\t\t\t\t\t\t\t<div class=\"elementor-widget-wrap\">\n\t\t\t\t\t\t<div class=\"elementor-element elementor-element-e084dd2 elementor-widget elementor-widget-text-editor\" data-id=\"e084dd2\" data-element_type=\"widget\" data-widget_type=\"text-editor.default\">\n\t\t\t\t<div class=\"elementor-widget-container\">\n\t\t\t\t\t<div class=\"elementor-text-editor elementor-clearfix\"><p><strong>Hidroterapi Faydalar\u0131<\/strong><\/p><p>* Su \u0130\u00e7inde , yer \u00e7ekiminin etkisinin daha az olmas\u0131ndan dolay\u0131 baz\u0131 hastal\u0131klar\u0131n iyile\u015fmesini ve iyile\u015fme s\u00fcrecini h\u0131zland\u0131r\u0131r.<br \/>* Hastalar\u0131n kaslar\u0131na fazla y\u00fck binmesini engeller ve hareketler daha kolay yap\u0131l\u0131r.<br \/>* Zor ve yorucu egzersizler basit ve e\u011flenceli hale gelir<br \/>* Hasta kendini iyi hisseder<br \/>* Lenf sisteminin aktive edilmesine yard\u0131mc\u0131 olur.<br \/>* \u00d6demin kontrol alt\u0131na al\u0131nmas\u0131na yard\u0131mc\u0131 olur.<br \/>* A\u011fr\u0131larda azalma g\u00f6r\u00fcl\u00fcr.<\/p><\/div>\n\t\t\t\t<\/div>\n\t\t\t\t<\/div>\n\t\t\t\t\t\t<\/div>\n\t\t\t\t\t<\/div>\n\t\t<\/div>\n\t\t\t\t\t\t\t\t<\/div>\n\t\t\t\t\t<\/div>\n\t\t<\/section>\n\t\t\t\t<section class=\"elementor-section elementor-top-section elementor-element elementor-element-d2f1eba elementor-reverse-mobile elementor-section-boxed elementor-section-height-default elementor-section-height-default\" data-id=\"d2f1eba\" data-element_type=\"section\">\n\t\t\t\t\t\t<div class=\"elementor-container elementor-column-gap-no\">\n\t\t\t\t\t\t\t<div class=\"elementor-row\">\n\t\t\t\t\t<div class=\"elementor-column elementor-col-50 elementor-top-column elementor-element elementor-element-0df3ce8\" data-id=\"0df3ce8\" data-element_type=\"column\" data-settings=\"{&quot;background_background&quot;:&quot;classic&quot;}\">\n\t\t\t<div class=\"elementor-column-wrap elementor-element-populated\">\n\t\t\t\t\t\t\t<div class=\"elementor-widget-wrap\">\n\t\t\t\t\t\t<div class=\"elementor-element elementor-element-4675ef3 elementor-widget elementor-widget-text-editor\" data-id=\"4675ef3\" data-element_type=\"widget\" data-widget_type=\"text-editor.default\">\n\t\t\t\t<div class=\"elementor-widget-container\">\n\t\t\t\t\t<div class=\"elementor-text-editor elementor-clearfix\"><p><strong>Hidroterapi hangi durumlarda faydal\u0131 olur?<\/strong><br \/>-Bel ve kal\u00e7a b\u00f6lgesi a\u011fr\u0131lar\u0131nda<br \/>-Spondilit,f\u0131t\u0131k ve kire\u00e7lenme hastal\u0131klar\u0131<br \/>-Kal\u00e7a-diz protez ameliyat\u0131 sonras\u0131, kal\u00e7a ve diz eklem kire\u00e7lenmesi <br \/>-Omuz hareket k\u0131s\u0131tl\u0131\u011f\u0131 <br \/>-Topallama<br \/>-Eklem ve yumu\u015fak doku zorlanmalar\u0131<br \/>-Y\u00fcr\u00fcme bozukluklar\u0131<br \/>-Fel\u00e7<br \/>-Obezite <br \/>Kalp ve solunum yetmezli\u011fi , b\u00f6brek yetmezli\u011fi , epilepsi, enfeksiyon, y\u00fcksek ate\u015f, mesane ve ba\u011f\u0131rsak fonksiyon bozuklu\u011fu ile a\u00e7\u0131k yarar\u0131 bulanan hastalara ise \u00f6nerilmez.<\/p><\/div>\n\t\t\t\t<\/div>\n\t\t\t\t<\/div>\n\t\t\t\t\t\t<\/div>\n\t\t\t\t\t<\/div>\n\t\t<\/div>\n\t\t\t\t<div class=\"elementor-column elementor-col-50 elementor-top-column elementor-element elementor-element-ea11869\" data-id=\"ea11869\" data-element_type=\"column\" data-settings=\"{&quot;background_background&quot;:&quot;classic&quot;}\">\n\t\t\t<div class=\"elementor-column-wrap elementor-element-populated\">\n\t\t\t\t\t\t\t<div class=\"elementor-widget-wrap\">\n\t\t\t\t\t\t<div class=\"elementor-element elementor-element-eed513d elementor-widget elementor-widget-image\" data-id=\"eed513d\" data-element_type=\"widget\" data-widget_type=\"image.default\">\n\t\t\t\t<div class=\"elementor-widget-container\">\n\t\t\t\t\t<div class=\"elementor-image\">\n\t\t\t\t\t\t\t\t\t\t\t<a href=\"https:\/\/www.vetinnovate.com\/index.php\/m-vet\/\">\n\t\t\t\t\t\t\t<img decoding=\"async\" src=\"https:\/\/www.vetinnovate.com\/wp-content\/uploads\/elementor\/thumbs\/IMG_5946-pf9qchhd2zjkiv9x16zn53m9nm1925wrl6z7utmgbw.jpg\" title=\"IMG_5946\" alt=\"IMG_5946\" \/>\t\t\t\t\t\t\t\t<\/a>\n\t\t\t\t\t\t\t\t\t\t\t<\/div>\n\t\t\t\t<\/div>\n\t\t\t\t<\/div>\n\t\t\t\t\t\t<\/div>\n\t\t\t\t\t<\/div>\n\t\t<\/div>\n\t\t\t\t\t\t\t\t<\/div>\n\t\t\t\t\t<\/div>\n\t\t<\/section>\n\t\t\t\t<section class=\"elementor-section elementor-top-section elementor-element elementor-element-cb8320a elementor-section-boxed elementor-section-height-default elementor-section-height-default\" data-id=\"cb8320a\" data-element_type=\"section\">\n\t\t\t\t\t\t<div class=\"elementor-container elementor-column-gap-no\">\n\t\t\t\t\t\t\t<div class=\"elementor-row\">\n\t\t\t\t\t<div class=\"elementor-column elementor-col-33 elementor-top-column elementor-element elementor-element-9f2cd67\" data-id=\"9f2cd67\" data-element_type=\"column\" data-settings=\"{&quot;background_background&quot;:&quot;classic&quot;}\">\n\t\t\t<div class=\"elementor-column-wrap elementor-element-populated\">\n\t\t\t\t\t\t\t<div class=\"elementor-widget-wrap\">\n\t\t\t\t\t\t<div class=\"elementor-element elementor-element-1304008 elementor-widget elementor-widget-image\" data-id=\"1304008\" data-element_type=\"widget\" data-widget_type=\"image.default\">\n\t\t\t\t<div class=\"elementor-widget-container\">\n\t\t\t\t\t<div class=\"elementor-image\">\n\t\t\t\t\t\t\t\t\t\t\t<a href=\"https:\/\/www.vetinnovate.com\/index.php\/mphi-vet-blue\/\">\n\t\t\t\t\t\t\t<img decoding=\"async\" src=\"https:\/\/www.vetinnovate.com\/wp-content\/uploads\/elementor\/thumbs\/IMG_6019-pf9qcjd1gnm56376q7swa356udrzhk489ga6tdjnzg.jpg\" title=\"IMG_6019\" alt=\"IMG_6019\" \/>\t\t\t\t\t\t\t\t<\/a>\n\t\t\t\t\t\t\t\t\t\t\t<\/div>\n\t\t\t\t<\/div>\n\t\t\t\t<\/div>\n\t\t\t\t\t\t<\/div>\n\t\t\t\t\t<\/div>\n\t\t<\/div>\n\t\t\t\t<div class=\"elementor-column elementor-col-33 elementor-top-column elementor-element elementor-element-62e045d\" data-id=\"62e045d\" data-element_type=\"column\" data-settings=\"{&quot;background_background&quot;:&quot;classic&quot;}\">\n\t\t\t<div class=\"elementor-column-wrap elementor-element-populated\">\n\t\t\t\t\t\t\t<div class=\"elementor-widget-wrap\">\n\t\t\t\t\t\t<div class=\"elementor-element elementor-element-7499d20 elementor-widget elementor-widget-image\" data-id=\"7499d20\" data-element_type=\"widget\" data-widget_type=\"image.default\">\n\t\t\t\t<div class=\"elementor-widget-container\">\n\t\t\t\t\t<div class=\"elementor-image\">\n\t\t\t\t\t\t\t\t\t\t\t<a href=\"https:\/\/www.vetinnovate.com\/index.php\/mphi-vet-orange\/\">\n\t\t\t\t\t\t\t<img decoding=\"async\" src=\"https:\/\/www.vetinnovate.com\/wp-content\/uploads\/elementor\/thumbs\/IMG_3809-rotated-pf9qcdq0bnef8ffdn5d4v4kfa2js7dhu8od9xps10s.jpg\" title=\"IMG_3809\" alt=\"IMG_3809\" \/>\t\t\t\t\t\t\t\t<\/a>\n\t\t\t\t\t\t\t\t\t\t\t<\/div>\n\t\t\t\t<\/div>\n\t\t\t\t<\/div>\n\t\t\t\t\t\t<\/div>\n\t\t\t\t\t<\/div>\n\t\t<\/div>\n\t\t\t\t<div class=\"elementor-column elementor-col-33 elementor-top-column elementor-element elementor-element-df48619\" data-id=\"df48619\" data-element_type=\"column\" data-settings=\"{&quot;background_background&quot;:&quot;classic&quot;}\">\n\t\t\t<div class=\"elementor-column-wrap elementor-element-populated\">\n\t\t\t\t\t\t\t<div class=\"elementor-widget-wrap\">\n\t\t\t\t\t\t<div class=\"elementor-element elementor-element-0d35a94 elementor-widget elementor-widget-image\" data-id=\"0d35a94\" data-element_type=\"widget\" data-widget_type=\"image.default\">\n\t\t\t\t<div class=\"elementor-widget-container\">\n\t\t\t\t\t<div class=\"elementor-image\">\n\t\t\t\t\t\t\t\t\t\t\t<a href=\"https:\/\/www.vetinnovate.com\/index.php\/m-vet\/\">\n\t\t\t\t\t\t\t<img decoding=\"async\" src=\"https:\/\/www.vetinnovate.com\/wp-content\/uploads\/elementor\/thumbs\/IMG_6064-rotated-pf9qcl8puboptb4gf8m5f2o415ipwyboxpl5rxgvn0.jpg\" title=\"IMG_6064\" alt=\"IMG_6064\" \/>\t\t\t\t\t\t\t\t<\/a>\n\t\t\t\t\t\t\t\t\t\t\t<\/div>\n\t\t\t\t<\/div>\n\t\t\t\t<\/div>\n\t\t\t\t\t\t<\/div>\n\t\t\t\t\t<\/div>\n\t\t<\/div>\n\t\t\t\t\t\t\t\t<\/div>\n\t\t\t\t\t<\/div>\n\t\t<\/section>\n\t\t\t\t<section class=\"elementor-section elementor-top-section elementor-element elementor-element-9a004d6 elementor-section-boxed elementor-section-height-default elementor-section-height-default\" data-id=\"9a004d6\" data-element_type=\"section\">\n\t\t\t\t\t\t<div class=\"elementor-container elementor-column-gap-no\">\n\t\t\t\t\t\t\t<div class=\"elementor-row\">\n\t\t\t\t\t<div class=\"elementor-column elementor-col-33 elementor-top-column elementor-element elementor-element-0c4610d\" data-id=\"0c4610d\" data-element_type=\"column\" data-settings=\"{&quot;background_background&quot;:&quot;classic&quot;}\">\n\t\t\t<div class=\"elementor-column-wrap elementor-element-populated\">\n\t\t\t\t\t\t\t<div class=\"elementor-widget-wrap\">\n\t\t\t\t\t\t<div class=\"elementor-element elementor-element-f83f18d elementor-widget elementor-widget-image\" data-id=\"f83f18d\" data-element_type=\"widget\" data-widget_type=\"image.default\">\n\t\t\t\t<div class=\"elementor-widget-container\">\n\t\t\t\t\t<div class=\"elementor-image\">\n\t\t\t\t\t\t\t\t\t\t\t<a href=\"https:\/\/www.vetinnovate.com\/index.php\/mphi-vet-blue\/\">\n\t\t\t\t\t\t\t<img decoding=\"async\" src=\"https:\/\/www.vetinnovate.com\/wp-content\/uploads\/elementor\/thumbs\/IMG_6114-pf9qcn4e7zragj1q49fek2717x9gccj5lyw4qhe3ak.jpg\" title=\"IMG_6114\" alt=\"IMG_6114\" \/>\t\t\t\t\t\t\t\t<\/a>\n\t\t\t\t\t\t\t\t\t\t\t<\/div>\n\t\t\t\t<\/div>\n\t\t\t\t<\/div>\n\t\t\t\t\t\t<\/div>\n\t\t\t\t\t<\/div>\n\t\t<\/div>\n\t\t\t\t<div class=\"elementor-column elementor-col-33 elementor-top-column elementor-element elementor-element-cee1347\" data-id=\"cee1347\" data-element_type=\"column\" data-settings=\"{&quot;background_background&quot;:&quot;classic&quot;}\">\n\t\t\t<div class=\"elementor-column-wrap elementor-element-populated\">\n\t\t\t\t\t\t\t<div class=\"elementor-widget-wrap\">\n\t\t\t\t\t\t<div class=\"elementor-element elementor-element-3cfca41 elementor-widget elementor-widget-image\" data-id=\"3cfca41\" data-element_type=\"widget\" data-widget_type=\"image.default\">\n\t\t\t\t<div class=\"elementor-widget-container\">\n\t\t\t\t\t<div class=\"elementor-image\">\n\t\t\t\t\t\t\t\t\t\t\t<a href=\"https:\/\/www.vetinnovate.com\/index.php\/mphi-vet-orange\/\">\n\t\t\t\t\t\t\t<img decoding=\"async\" src=\"https:\/\/www.vetinnovate.com\/wp-content\/uploads\/elementor\/thumbs\/IMG_6815-pf9qcp02lntv3qyzta8np1pyep06rqqma873p1bay4.jpg\" title=\"IMG_6815\" alt=\"IMG_6815\" \/>\t\t\t\t\t\t\t\t<\/a>\n\t\t\t\t\t\t\t\t\t\t\t<\/div>\n\t\t\t\t<\/div>\n\t\t\t\t<\/div>\n\t\t\t\t\t\t<\/div>\n\t\t\t\t\t<\/div>\n\t\t<\/div>\n\t\t\t\t<div class=\"elementor-column elementor-col-33 elementor-top-column elementor-element elementor-element-dd3df05\" data-id=\"dd3df05\" data-element_type=\"column\" data-settings=\"{&quot;background_background&quot;:&quot;classic&quot;}\">\n\t\t\t<div class=\"elementor-column-wrap elementor-element-populated\">\n\t\t\t\t\t\t\t<div class=\"elementor-widget-wrap\">\n\t\t\t\t\t\t<div class=\"elementor-element elementor-element-7e20f73 elementor-widget elementor-widget-image\" data-id=\"7e20f73\" data-element_type=\"widget\" data-widget_type=\"image.default\">\n\t\t\t\t<div class=\"elementor-widget-container\">\n\t\t\t\t\t<div class=\"elementor-image\">\n\t\t\t\t\t\t\t\t\t\t\t<a href=\"https:\/\/www.vetinnovate.com\/index.php\/m-vet\/\">\n\t\t\t\t\t\t\t<img decoding=\"async\" src=\"https:\/\/www.vetinnovate.com\/wp-content\/uploads\/elementor\/thumbs\/IMG_7283-rotated-pf9qcqvqzbwfqyw9ib1wu18vlgqx74y2yhi2nl8ilo.jpg\" title=\"IMG_7283\" alt=\"IMG_7283\" \/>\t\t\t\t\t\t\t\t<\/a>\n\t\t\t\t\t\t\t\t\t\t\t<\/div>\n\t\t\t\t<\/div>\n\t\t\t\t<\/div>\n\t\t\t\t\t\t<\/div>\n\t\t\t\t\t<\/div>\n\t\t<\/div>\n\t\t\t\t\t\t\t\t<\/div>\n\t\t\t\t\t<\/div>\n\t\t<\/section>\n\t\t\t\t\t\t<\/div>\n\t\t\t\t\t\t<\/div>\n\t\t\t\t\t<\/div>\n\t\t","protected":false},"excerpt":{"rendered":"<p>Suda Y\u00fcr\u00fcme Band\u0131 \u00dcr\u00fcn \u00d6zellikleri; Suda Y\u00fcr\u00fcme Band\u0131 (Aqua treadmill \/ Underwater Treadmill) yurtd\u0131\u015f\u0131nda veterinerler ve fizyoterapistler taraf\u0131ndan fizik tedavi ve rehabilitasyon tedavilerinin ayr\u0131lmaz bir par\u00e7as\u0131 olarak yo\u011funlukla kullan\u0131maktad\u0131r.Hidroterapi (Hydrotherapy) ad\u0131 verilen bu tedavi y\u00f6ntemi suyun i\u00e7inde hayvan\u0131n a\u011f\u0131rl\u0131\u011f\u0131n\u0131 azaltarak, hareket kabiliyetini artt\u0131rmaktad\u0131r. \u00dclkemizde ilk ve tek olan bu \u00fcr\u00fcn tamamen yerli \u00fcretimdir ve fel\u00e7li, [&hellip;]<\/p>\n","protected":false},"author":1,"featured_media":0,"parent":0,"menu_order":0,"comment_status":"closed","ping_status":"closed","template":"","meta":{"site-sidebar-layout":"no-sidebar","site-content-layout":"page-builder","ast-site-content-layout":"","site-content-style":"default","site-sidebar-style":"default","ast-global-header-display":"","ast-banner-title-visibility":"","ast-main-header-display":"","ast-hfb-above-header-display":"","ast-hfb-below-header-display":"","ast-hfb-mobile-header-display":"","site-post-title":"disabled","ast-breadcrumbs-content":"","ast-featured-img":"disabled","footer-sml-layout":"","theme-transparent-header-meta":"enabled","adv-header-id-meta":"","stick-header-meta":"","header-above-stick-meta":"","header-main-stick-meta":"","header-below-stick-meta":"","astra-migrate-meta-layouts":"default","ast-page-background-enabled":"default","ast-page-background-meta":{"desktop":{"background-color":"var(--ast-global-color-4)","background-image":"","background-repeat":"repeat","background-position":"center center","background-size":"auto","background-attachment":"scroll","background-type":"","background-media":"","overlay-type":"","overlay-color":"","overlay-opacity":"","overlay-gradient":""},"tablet":{"background-color":"","background-image":"","background-repeat":"repeat","background-position":"center center","background-size":"auto","background-attachment":"scroll","background-type":"","background-media":"","overlay-type":"","overlay-color":"","overlay-opacity":"","overlay-gradient":""},"mobile":{"background-color":"","background-image":"","background-repeat":"repeat","background-position":"center center","background-size":"auto","background-attachment":"scroll","background-type":"","background-media":"","overlay-type":"","overlay-color":"","overlay-opacity":"","overlay-gradient":""}},"ast-content-background-meta":{"desktop":{"background-color":"var(--ast-global-color-5)","background-image":"","background-repeat":"repeat","background-position":"center center","background-size":"auto","background-attachment":"scroll","background-type":"","background-media":"","overlay-type":"","overlay-color":"","overlay-opacity":"","overlay-gradient":""},"tablet":{"background-color":"var(--ast-global-color-5)","background-image":"","background-repeat":"repeat","background-position":"center center","background-size":"auto","background-attachment":"scroll","background-type":"","background-media":"","overlay-type":"","overlay-color":"","overlay-opacity":"","overlay-gradient":""},"mobile":{"background-color":"var(--ast-global-color-5)","background-image":"","background-repeat":"repeat","background-position":"center center","background-size":"auto","background-attachment":"scroll","background-type":"","background-media":"","overlay-type":"","overlay-color":"","overlay-opacity":"","overlay-gradient":""}},"footnotes":""},"class_list":["post-7795","page","type-page","status-publish","hentry"],"_links":{"self":[{"href":"https:\/\/www.vetinnovate.com\/index.php\/wp-json\/wp\/v2\/pages\/7795","targetHints":{"allow":["GET"]}}],"collection":[{"href":"https:\/\/www.vetinnovate.com\/index.php\/wp-json\/wp\/v2\/pages"}],"about":[{"href":"https:\/\/www.vetinnovate.com\/index.php\/wp-json\/wp\/v2\/types\/page"}],"author":[{"embeddable":true,"href":"https:\/\/www.vetinnovate.com\/index.php\/wp-json\/wp\/v2\/users\/1"}],"replies":[{"embeddable":true,"href":"https:\/\/www.vetinnovate.com\/index.php\/wp-json\/wp\/v2\/comments?post=7795"}],"version-history":[{"count":7,"href":"https:\/\/www.vetinnovate.com\/index.php\/wp-json\/wp\/v2\/pages\/7795\/revisions"}],"predecessor-version":[{"id":7861,"href":"https:\/\/www.vetinnovate.com\/index.php\/wp-json\/wp\/v2\/pages\/7795\/revisions\/7861"}],"wp:attachment":[{"href":"https:\/\/www.vetinnovate.com\/index.php\/wp-json\/wp\/v2\/media?parent=7795"}],"curies":[{"name":"wp","href":"https:\/\/api.w.org\/{rel}","templated":true}]}}