{"id":7779,"date":"2021-10-28T22:52:30","date_gmt":"2021-10-28T22:52:30","guid":{"rendered":"http:\/\/www.vetinnovate.com\/?page_id=7779"},"modified":"2026-03-22T14:08:17","modified_gmt":"2026-03-22T14:08:17","slug":"manyetik-alan-terapisi","status":"publish","type":"page","link":"https:\/\/www.vetinnovate.com\/index.php\/manyetik-alan-terapisi\/","title":{"rendered":"Manyetik Alan Terapisi"},"content":{"rendered":"\t\t<div data-elementor-type=\"wp-page\" data-elementor-id=\"7779\" class=\"elementor elementor-7779\" data-elementor-settings=\"[]\">\n\t\t\t\t\t\t<div class=\"elementor-inner\">\n\t\t\t\t\t\t\t<div class=\"elementor-section-wrap\">\n\t\t\t\t\t\t\t<section class=\"elementor-section elementor-top-section elementor-element elementor-element-1a4dc00 elementor-section-boxed elementor-section-height-default elementor-section-height-default\" data-id=\"1a4dc00\" data-element_type=\"section\">\n\t\t\t\t\t\t<div class=\"elementor-container elementor-column-gap-default\">\n\t\t\t\t\t\t\t<div class=\"elementor-row\">\n\t\t\t\t\t<div class=\"elementor-column elementor-col-100 elementor-top-column elementor-element elementor-element-93fbabc\" data-id=\"93fbabc\" data-element_type=\"column\">\n\t\t\t<div class=\"elementor-column-wrap elementor-element-populated\">\n\t\t\t\t\t\t\t<div class=\"elementor-widget-wrap\">\n\t\t\t\t\t\t<div class=\"elementor-element elementor-element-9934d02 elementor-widget elementor-widget-heading\" data-id=\"9934d02\" data-element_type=\"widget\" data-widget_type=\"heading.default\">\n\t\t\t\t<div class=\"elementor-widget-container\">\n\t\t\t<h2 class=\"elementor-heading-title elementor-size-default\">Assisi Loop - Manyetik Alan Terapisi\n<\/h2>\t\t<\/div>\n\t\t\t\t<\/div>\n\t\t\t\t\t\t<\/div>\n\t\t\t\t\t<\/div>\n\t\t<\/div>\n\t\t\t\t\t\t\t\t<\/div>\n\t\t\t\t\t<\/div>\n\t\t<\/section>\n\t\t\t\t<section class=\"elementor-section elementor-top-section elementor-element elementor-element-23f6fb9 elementor-section-boxed elementor-section-height-default elementor-section-height-default\" data-id=\"23f6fb9\" data-element_type=\"section\">\n\t\t\t\t\t\t<div class=\"elementor-container elementor-column-gap-default\">\n\t\t\t\t\t\t\t<div class=\"elementor-row\">\n\t\t\t\t\t<div class=\"elementor-column elementor-col-100 elementor-top-column elementor-element elementor-element-406728d\" data-id=\"406728d\" data-element_type=\"column\">\n\t\t\t<div class=\"elementor-column-wrap elementor-element-populated\">\n\t\t\t\t\t\t\t<div class=\"elementor-widget-wrap\">\n\t\t\t\t\t\t<div class=\"elementor-element elementor-element-dfa9577 elementor-widget elementor-widget-text-editor\" data-id=\"dfa9577\" data-element_type=\"widget\" data-widget_type=\"text-editor.default\">\n\t\t\t\t<div class=\"elementor-widget-container\">\n\t\t\t\t\t<div class=\"elementor-text-editor elementor-clearfix\"><p>\u0130la\u00e7 veya yan etki olmaks\u0131z\u0131n a\u011fr\u0131 ve iltihab\u0131 azaltmak, iyile\u015fmeyi h\u0131zland\u0131rmak ve kayg\u0131y\u0131 azaltmak i\u00e7in hedefe y\u00f6nelik PEMF tedavisini kullanan hayvan sa\u011fl\u0131\u011f\u0131 \u00fcr\u00fcnlerimizin tamam\u0131n\u0131 ke\u015ffedin.<\/p><\/div>\n\t\t\t\t<\/div>\n\t\t\t\t<\/div>\n\t\t\t\t\t\t<\/div>\n\t\t\t\t\t<\/div>\n\t\t<\/div>\n\t\t\t\t\t\t\t\t<\/div>\n\t\t\t\t\t<\/div>\n\t\t<\/section>\n\t\t\t\t<section class=\"elementor-section elementor-top-section elementor-element elementor-element-f9c86ec elementor-section-boxed elementor-section-height-default elementor-section-height-default\" data-id=\"f9c86ec\" data-element_type=\"section\">\n\t\t\t\t\t\t<div class=\"elementor-container elementor-column-gap-default\">\n\t\t\t\t\t\t\t<div class=\"elementor-row\">\n\t\t\t\t\t<div class=\"elementor-column elementor-col-50 elementor-top-column elementor-element elementor-element-6fa3629\" data-id=\"6fa3629\" data-element_type=\"column\">\n\t\t\t<div class=\"elementor-column-wrap elementor-element-populated\">\n\t\t\t\t\t\t\t<div class=\"elementor-widget-wrap\">\n\t\t\t\t\t\t<div class=\"elementor-element elementor-element-69a12f5 elementor-widget elementor-widget-text-editor\" data-id=\"69a12f5\" data-element_type=\"widget\" data-widget_type=\"text-editor.default\">\n\t\t\t\t<div class=\"elementor-widget-container\">\n\t\t\t\t\t<div class=\"elementor-text-editor elementor-clearfix\"><p><strong>Assisi LOOP\u00ae \u00fcr\u00fcnleri, a\u015fa\u011f\u0131dakilerle ilgili a\u011fr\u0131 ve iltihab\u0131 hedefler:<\/strong><\/p><p>ortopedik yaralanmalar<\/p><p>Dejeneratif bozukluklar<\/p><p>Ameliyat sonras\u0131 a\u011fr\u0131 ve \u015fi\u015flik<\/p><p>Kemik kaynamas\u0131<\/p><p>\u0130\u00e7 iltihap<\/p><p>Yara bak\u0131m\u0131<\/p><\/div>\n\t\t\t\t<\/div>\n\t\t\t\t<\/div>\n\t\t\t\t<div class=\"elementor-element elementor-element-35525e3 elementor-widget elementor-widget-text-editor\" data-id=\"35525e3\" data-element_type=\"widget\" data-widget_type=\"text-editor.default\">\n\t\t\t\t<div class=\"elementor-widget-container\">\n\t\t\t\t\t<div class=\"elementor-text-editor elementor-clearfix\"><p>50.000&#8217;den fazla hayvan Assisi \u00fcr\u00fcnleri ile g\u00fcvenli ve ba\u015far\u0131l\u0131 bir \u015fekilde tedavi edilmi\u015ftir.<\/p><div>\u00a0<\/div><\/div>\n\t\t\t\t<\/div>\n\t\t\t\t<\/div>\n\t\t\t\t<div class=\"elementor-element elementor-element-6613f54 elementor-widget elementor-widget-text-editor\" data-id=\"6613f54\" data-element_type=\"widget\" data-widget_type=\"text-editor.default\">\n\t\t\t\t<div class=\"elementor-widget-container\">\n\t\t\t\t\t<div class=\"elementor-text-editor elementor-clearfix\"><h3>tPEMF\u2122 Terapisi (Manyetik Alan Tedavisi) nedir?<\/h3><div>\u00a0<\/div><\/div>\n\t\t\t\t<\/div>\n\t\t\t\t<\/div>\n\t\t\t\t\t\t<\/div>\n\t\t\t\t\t<\/div>\n\t\t<\/div>\n\t\t\t\t<div class=\"elementor-column elementor-col-50 elementor-top-column elementor-element elementor-element-729fa1c\" data-id=\"729fa1c\" data-element_type=\"column\">\n\t\t\t<div class=\"elementor-column-wrap elementor-element-populated\">\n\t\t\t\t\t\t\t<div class=\"elementor-widget-wrap\">\n\t\t\t\t\t\t<div class=\"elementor-element elementor-element-b840e20 elementor-widget elementor-widget-image\" data-id=\"b840e20\" data-element_type=\"widget\" data-widget_type=\"image.default\">\n\t\t\t\t<div class=\"elementor-widget-container\">\n\t\t\t\t\t<div class=\"elementor-image\">\n\t\t\t\t\t\t\t\t\t\t<img loading=\"lazy\" decoding=\"async\" width=\"719\" height=\"600\" src=\"https:\/\/www.vetinnovate.com\/wp-content\/uploads\/2021\/10\/25f3dc2a88f32a601f8ca9609935b6db_f674.jpg\" class=\"attachment-large size-large\" alt=\"\" srcset=\"https:\/\/www.vetinnovate.com\/wp-content\/uploads\/2021\/10\/25f3dc2a88f32a601f8ca9609935b6db_f674.jpg 719w, https:\/\/www.vetinnovate.com\/wp-content\/uploads\/2021\/10\/25f3dc2a88f32a601f8ca9609935b6db_f674-300x250.jpg 300w\" sizes=\"auto, (max-width: 719px) 100vw, 719px\" \/>\t\t\t\t\t\t\t\t\t\t\t<\/div>\n\t\t\t\t<\/div>\n\t\t\t\t<\/div>\n\t\t\t\t\t\t<\/div>\n\t\t\t\t\t<\/div>\n\t\t<\/div>\n\t\t\t\t\t\t\t\t<\/div>\n\t\t\t\t\t<\/div>\n\t\t<\/section>\n\t\t\t\t<section class=\"elementor-section elementor-top-section elementor-element elementor-element-707085c elementor-section-boxed elementor-section-height-default elementor-section-height-default\" data-id=\"707085c\" data-element_type=\"section\">\n\t\t\t\t\t\t<div class=\"elementor-container elementor-column-gap-default\">\n\t\t\t\t\t\t\t<div class=\"elementor-row\">\n\t\t\t\t\t<div class=\"elementor-column elementor-col-100 elementor-top-column elementor-element elementor-element-5a98f09\" data-id=\"5a98f09\" data-element_type=\"column\">\n\t\t\t<div class=\"elementor-column-wrap elementor-element-populated\">\n\t\t\t\t\t\t\t<div class=\"elementor-widget-wrap\">\n\t\t\t\t\t\t<div class=\"elementor-element elementor-element-4a3b06f elementor-widget elementor-widget-text-editor\" data-id=\"4a3b06f\" data-element_type=\"widget\" data-widget_type=\"text-editor.default\">\n\t\t\t\t<div class=\"elementor-widget-container\">\n\t\t\t\t\t<div class=\"elementor-text-editor elementor-clearfix\"><p>Hedeflenen Darbeli Elektromanyetik Alan (tPEMF\u2122) tedavisi, bir hayvan\u0131n do\u011fal iyile\u015fme s\u00fcrecini uyarmak i\u00e7in belirli frekanslar\u0131 hedefleyen elektromanyetik dalgalar\u0131n kullan\u0131m\u0131na odaklan\u0131r. Assisi LOOP\u00ae ve Calmer Canine\u00ae \u00fcr\u00fcnlerimizdeki klinik olarak kan\u0131tlanm\u0131\u015f, hakemli tPEMF teknolojisi, a\u011fr\u0131, iltihaplanma, anksiyete veya davran\u0131\u015f bozukluklar\u0131n\u0131n tedavisi i\u00e7in g\u00fcvenli, FDA onayl\u0131, ila\u00e7s\u0131z bir alternatiftir.<\/p><\/div>\n\t\t\t\t<\/div>\n\t\t\t\t<\/div>\n\t\t\t\t<div class=\"elementor-element elementor-element-4da6b99 elementor-widget elementor-widget-text-editor\" data-id=\"4da6b99\" data-element_type=\"widget\" data-widget_type=\"text-editor.default\">\n\t\t\t\t<div class=\"elementor-widget-container\">\n\t\t\t\t\t<div class=\"elementor-text-editor elementor-clearfix\"><p>Darbeli Elektromanyetik Alan (PEMF) tedavisinin uygulanmas\u0131 t\u0131p d\u00fcnyas\u0131nda yeni de\u011fildir. Kemik b\u00fcy\u00fcme uyar\u0131c\u0131lar\u0131 gibi cihazlar, 1970&#8217;lerden beri FDA onayl\u0131 cihazlar olarak mevcuttur. Bu cihazlar, kemikleri hedeflemek ve iyile\u015fmeyen k\u0131r\u0131klarda iyile\u015fmeyi art\u0131rmak i\u00e7in &#8220;ayarlanm\u0131\u015f&#8221; PEMF sinyallerini kullan\u0131r.<\/p><\/div>\n\t\t\t\t<\/div>\n\t\t\t\t<\/div>\n\t\t\t\t<div class=\"elementor-element elementor-element-b2eecdb elementor-widget elementor-widget-text-editor\" data-id=\"b2eecdb\" data-element_type=\"widget\" data-widget_type=\"text-editor.default\">\n\t\t\t\t<div class=\"elementor-widget-container\">\n\t\t\t\t\t<div class=\"elementor-text-editor elementor-clearfix\"><p>Assisi&#8217;nin patentli hedefli Darbeli Elektromanyetik Alan (tPEMF\u2122) sinyali, bir hayvan\u0131n kendi do\u011fal anti-inflamatuar s\u00fcrecini tetiklemek i\u00e7in, hasarl\u0131 dokuya hassas bir \u015fekilde ayarlanm\u0131\u015f mikro ak\u0131m verir. Bir cep telefonunun g\u00fcc\u00fcn\u00fcn binde biri olan elektromanyetik sinyal, v\u00fccudun kendi endojen nitrik oksit (NO) \u00fcretimini d\u00fczenleyerek h\u00fccresel onar\u0131m\u0131 uyar\u0131r.<\/p><\/div>\n\t\t\t\t<\/div>\n\t\t\t\t<\/div>\n\t\t\t\t<div class=\"elementor-element elementor-element-842a1d6 elementor-widget elementor-widget-text-editor\" data-id=\"842a1d6\" data-element_type=\"widget\" data-widget_type=\"text-editor.default\">\n\t\t\t\t<div class=\"elementor-widget-container\">\n\t\t\t\t\t<div class=\"elementor-text-editor elementor-clearfix\"><p>Bu ind\u00fcklenen ak\u0131m\u0131n biyolojik etkisi, Assisi&#8217;nin tPEMF teknolojisinin fonksiyonel terap\u00f6tik bile\u015fenidir. V\u00fccudun kendi anti-inflamatuar molek\u00fcl\u00fc olan nitrik oksitin artt\u0131r\u0131lmas\u0131, hedef dokuya ve kullan\u0131lan tPEMF dalga formunun spesifik \u00f6zelliklerine ba\u011fl\u0131 olarak \u00e7e\u015fitli biyoterap\u00f6tik etkilere sahiptir.<\/p><\/div>\n\t\t\t\t<\/div>\n\t\t\t\t<\/div>\n\t\t\t\t\t\t<\/div>\n\t\t\t\t\t<\/div>\n\t\t<\/div>\n\t\t\t\t\t\t\t\t<\/div>\n\t\t\t\t\t<\/div>\n\t\t<\/section>\n\t\t\t\t<section class=\"elementor-section elementor-top-section elementor-element elementor-element-d17185a elementor-section-boxed elementor-section-height-default elementor-section-height-default\" data-id=\"d17185a\" data-element_type=\"section\">\n\t\t\t\t\t\t<div class=\"elementor-container elementor-column-gap-default\">\n\t\t\t\t\t\t\t<div class=\"elementor-row\">\n\t\t\t\t\t<div class=\"elementor-column elementor-col-50 elementor-top-column elementor-element elementor-element-4988463\" data-id=\"4988463\" data-element_type=\"column\">\n\t\t\t<div class=\"elementor-column-wrap elementor-element-populated\">\n\t\t\t\t\t\t\t<div class=\"elementor-widget-wrap\">\n\t\t\t\t\t\t<div class=\"elementor-element elementor-element-8bdafab elementor-widget elementor-widget-image\" data-id=\"8bdafab\" data-element_type=\"widget\" data-widget_type=\"image.default\">\n\t\t\t\t<div class=\"elementor-widget-container\">\n\t\t\t\t\t<div class=\"elementor-image\">\n\t\t\t\t\t\t\t\t\t\t<img loading=\"lazy\" decoding=\"async\" width=\"980\" height=\"653\" src=\"https:\/\/www.vetinnovate.com\/wp-content\/uploads\/2021\/10\/loop.jpg\" class=\"attachment-large size-large\" alt=\"\" srcset=\"https:\/\/www.vetinnovate.com\/wp-content\/uploads\/2021\/10\/loop.jpg 980w, https:\/\/www.vetinnovate.com\/wp-content\/uploads\/2021\/10\/loop-300x200.jpg 300w, https:\/\/www.vetinnovate.com\/wp-content\/uploads\/2021\/10\/loop-768x512.jpg 768w\" sizes=\"auto, (max-width: 980px) 100vw, 980px\" \/>\t\t\t\t\t\t\t\t\t\t\t<\/div>\n\t\t\t\t<\/div>\n\t\t\t\t<\/div>\n\t\t\t\t\t\t<\/div>\n\t\t\t\t\t<\/div>\n\t\t<\/div>\n\t\t\t\t<div class=\"elementor-column elementor-col-50 elementor-top-column elementor-element elementor-element-eb9cb2e\" data-id=\"eb9cb2e\" data-element_type=\"column\">\n\t\t\t<div class=\"elementor-column-wrap elementor-element-populated\">\n\t\t\t\t\t\t\t<div class=\"elementor-widget-wrap\">\n\t\t\t\t\t\t<div class=\"elementor-element elementor-element-278ea94 elementor-widget elementor-widget-text-editor\" data-id=\"278ea94\" data-element_type=\"widget\" data-widget_type=\"text-editor.default\">\n\t\t\t\t<div class=\"elementor-widget-container\">\n\t\t\t\t\t<div class=\"elementor-text-editor elementor-clearfix\"><h3>Assisi Loop \u015eifay\u0131 Eve Getiriyor<\/h3><\/div>\n\t\t\t\t<\/div>\n\t\t\t\t<\/div>\n\t\t\t\t<div class=\"elementor-element elementor-element-4947536 elementor-widget elementor-widget-text-editor\" data-id=\"4947536\" data-element_type=\"widget\" data-widget_type=\"text-editor.default\">\n\t\t\t\t<div class=\"elementor-widget-container\">\n\t\t\t\t\t<div class=\"elementor-text-editor elementor-clearfix\"><p>Assisi&#8217;nin Assisi LOOP\u00ae \u00fcr\u00fcnleri i\u00e7in geli\u015ftirdi\u011fi \u00f6zel dalga formu, iltihab\u0131, a\u011fr\u0131y\u0131 ve \u015fi\u015fmeyi azalt\u0131rken iyile\u015fmeyi h\u0131zland\u0131racak \u015fekilde ayarlanm\u0131\u015ft\u0131r. \u0130nsan kullan\u0131m\u0131 i\u00e7in FDA onayl\u0131 ayn\u0131 teknolojiyi kullanan g\u00fcvenli, etkili, invaziv olmayan, farmas\u00f6tik olmayan bir tedavidir. <\/p><\/div>\n\t\t\t\t<\/div>\n\t\t\t\t<\/div>\n\t\t\t\t<div class=\"elementor-element elementor-element-9b00a0d elementor-widget elementor-widget-text-editor\" data-id=\"9b00a0d\" data-element_type=\"widget\" data-widget_type=\"text-editor.default\">\n\t\t\t\t<div class=\"elementor-widget-container\">\n\t\t\t\t\t<div class=\"elementor-text-editor elementor-clearfix\"><p>Yak\u0131n zamanlarda Assisi, beynin sinir dokusu \u00fczerinde biyolojik bir etki yaratmay\u0131 hedefleyen ikinci bir tPEMF sinyali geli\u015ftirdi. Patent ba\u015fvurusu yap\u0131lm\u0131\u015f Calmer Canine\u00ae dalga formu, beyindeki stres ve kayg\u0131 merkezlerini hedef alarak kayg\u0131y\u0131 etkili bir \u015fekilde azalt\u0131r ve hayvan\u0131 daha sakin, duygusal olarak daha dengeli bir duruma getirir.<\/p><\/div>\n\t\t\t\t<\/div>\n\t\t\t\t<\/div>\n\t\t\t\t\t\t<\/div>\n\t\t\t\t\t<\/div>\n\t\t<\/div>\n\t\t\t\t\t\t\t\t<\/div>\n\t\t\t\t\t<\/div>\n\t\t<\/section>\n\t\t\t\t<section class=\"elementor-section elementor-top-section elementor-element elementor-element-a307a5e elementor-section-boxed elementor-section-height-default elementor-section-height-default\" data-id=\"a307a5e\" data-element_type=\"section\">\n\t\t\t\t\t\t<div class=\"elementor-container elementor-column-gap-default\">\n\t\t\t\t\t\t\t<div class=\"elementor-row\">\n\t\t\t\t\t<div class=\"elementor-column elementor-col-100 elementor-top-column elementor-element elementor-element-784bfc8\" data-id=\"784bfc8\" data-element_type=\"column\">\n\t\t\t<div class=\"elementor-column-wrap\">\n\t\t\t\t\t\t\t<div class=\"elementor-widget-wrap\">\n\t\t\t\t\t\t\t\t<\/div>\n\t\t\t\t\t<\/div>\n\t\t<\/div>\n\t\t\t\t\t\t\t\t<\/div>\n\t\t\t\t\t<\/div>\n\t\t<\/section>\n\t\t\t\t<section class=\"elementor-section elementor-top-section elementor-element elementor-element-28d8e71 elementor-section-boxed elementor-section-height-default elementor-section-height-default\" data-id=\"28d8e71\" data-element_type=\"section\">\n\t\t\t\t\t\t<div class=\"elementor-container elementor-column-gap-default\">\n\t\t\t\t\t\t\t<div class=\"elementor-row\">\n\t\t\t\t\t<div class=\"elementor-column elementor-col-100 elementor-top-column elementor-element elementor-element-7c8e568\" data-id=\"7c8e568\" data-element_type=\"column\">\n\t\t\t<div class=\"elementor-column-wrap elementor-element-populated\">\n\t\t\t\t\t\t\t<div class=\"elementor-widget-wrap\">\n\t\t\t\t\t\t<div class=\"elementor-element elementor-element-e8d72d7 elementor-align-center elementor-widget elementor-widget-button\" data-id=\"e8d72d7\" data-element_type=\"widget\" data-widget_type=\"button.default\">\n\t\t\t\t<div class=\"elementor-widget-container\">\n\t\t\t\t\t<div class=\"elementor-button-wrapper\">\n\t\t\t<a href=\"https:\/\/www.engelsizhayvanlar.com\/agri-giderici---manyetik-loop1\" target=\"_blank\" class=\"elementor-button-link elementor-button elementor-size-sm\" role=\"button\">\n\t\t\t\t\t\t<span class=\"elementor-button-content-wrapper\">\n\t\t\t\t\t\t<span class=\"elementor-button-text\">SATIN AL<\/span>\n\t\t<\/span>\n\t\t\t\t\t<\/a>\n\t\t<\/div>\n\t\t\t\t<\/div>\n\t\t\t\t<\/div>\n\t\t\t\t\t\t<\/div>\n\t\t\t\t\t<\/div>\n\t\t<\/div>\n\t\t\t\t\t\t\t\t<\/div>\n\t\t\t\t\t<\/div>\n\t\t<\/section>\n\t\t\t\t\t\t<\/div>\n\t\t\t\t\t\t<\/div>\n\t\t\t\t\t<\/div>\n\t\t","protected":false},"excerpt":{"rendered":"<p>Assisi Loop &#8211; Manyetik Alan Terapisi \u0130la\u00e7 veya yan etki olmaks\u0131z\u0131n a\u011fr\u0131 ve iltihab\u0131 azaltmak, iyile\u015fmeyi h\u0131zland\u0131rmak ve kayg\u0131y\u0131 azaltmak i\u00e7in hedefe y\u00f6nelik PEMF tedavisini kullanan hayvan sa\u011fl\u0131\u011f\u0131 \u00fcr\u00fcnlerimizin tamam\u0131n\u0131 ke\u015ffedin. Assisi LOOP\u00ae \u00fcr\u00fcnleri, a\u015fa\u011f\u0131dakilerle ilgili a\u011fr\u0131 ve iltihab\u0131 hedefler: ortopedik yaralanmalar Dejeneratif bozukluklar Ameliyat sonras\u0131 a\u011fr\u0131 ve \u015fi\u015flik Kemik kaynamas\u0131 \u0130\u00e7 iltihap Yara bak\u0131m\u0131 [&hellip;]<\/p>\n","protected":false},"author":1,"featured_media":0,"parent":0,"menu_order":0,"comment_status":"closed","ping_status":"closed","template":"","meta":{"site-sidebar-layout":"no-sidebar","site-content-layout":"page-builder","ast-site-content-layout":"","site-content-style":"default","site-sidebar-style":"default","ast-global-header-display":"","ast-banner-title-visibility":"","ast-main-header-display":"","ast-hfb-above-header-display":"","ast-hfb-below-header-display":"","ast-hfb-mobile-header-display":"","site-post-title":"disabled","ast-breadcrumbs-content":"","ast-featured-img":"disabled","footer-sml-layout":"","theme-transparent-header-meta":"default","adv-header-id-meta":"","stick-header-meta":"","header-above-stick-meta":"","header-main-stick-meta":"","header-below-stick-meta":"","astra-migrate-meta-layouts":"default","ast-page-background-enabled":"default","ast-page-background-meta":{"desktop":{"background-color":"var(--ast-global-color-4)","background-image":"","background-repeat":"repeat","background-position":"center center","background-size":"auto","background-attachment":"scroll","background-type":"","background-media":"","overlay-type":"","overlay-color":"","overlay-opacity":"","overlay-gradient":""},"tablet":{"background-color":"","background-image":"","background-repeat":"repeat","background-position":"center center","background-size":"auto","background-attachment":"scroll","background-type":"","background-media":"","overlay-type":"","overlay-color":"","overlay-opacity":"","overlay-gradient":""},"mobile":{"background-color":"","background-image":"","background-repeat":"repeat","background-position":"center center","background-size":"auto","background-attachment":"scroll","background-type":"","background-media":"","overlay-type":"","overlay-color":"","overlay-opacity":"","overlay-gradient":""}},"ast-content-background-meta":{"desktop":{"background-color":"var(--ast-global-color-5)","background-image":"","background-repeat":"repeat","background-position":"center center","background-size":"auto","background-attachment":"scroll","background-type":"","background-media":"","overlay-type":"","overlay-color":"","overlay-opacity":"","overlay-gradient":""},"tablet":{"background-color":"var(--ast-global-color-5)","background-image":"","background-repeat":"repeat","background-position":"center center","background-size":"auto","background-attachment":"scroll","background-type":"","background-media":"","overlay-type":"","overlay-color":"","overlay-opacity":"","overlay-gradient":""},"mobile":{"background-color":"var(--ast-global-color-5)","background-image":"","background-repeat":"repeat","background-position":"center center","background-size":"auto","background-attachment":"scroll","background-type":"","background-media":"","overlay-type":"","overlay-color":"","overlay-opacity":"","overlay-gradient":""}},"footnotes":""},"class_list":["post-7779","page","type-page","status-publish","hentry"],"_links":{"self":[{"href":"https:\/\/www.vetinnovate.com\/index.php\/wp-json\/wp\/v2\/pages\/7779","targetHints":{"allow":["GET"]}}],"collection":[{"href":"https:\/\/www.vetinnovate.com\/index.php\/wp-json\/wp\/v2\/pages"}],"about":[{"href":"https:\/\/www.vetinnovate.com\/index.php\/wp-json\/wp\/v2\/types\/page"}],"author":[{"embeddable":true,"href":"https:\/\/www.vetinnovate.com\/index.php\/wp-json\/wp\/v2\/users\/1"}],"replies":[{"embeddable":true,"href":"https:\/\/www.vetinnovate.com\/index.php\/wp-json\/wp\/v2\/comments?post=7779"}],"version-history":[{"count":19,"href":"https:\/\/www.vetinnovate.com\/index.php\/wp-json\/wp\/v2\/pages\/7779\/revisions"}],"predecessor-version":[{"id":8887,"href":"https:\/\/www.vetinnovate.com\/index.php\/wp-json\/wp\/v2\/pages\/7779\/revisions\/8887"}],"wp:attachment":[{"href":"https:\/\/www.vetinnovate.com\/index.php\/wp-json\/wp\/v2\/media?parent=7779"}],"curies":[{"name":"wp","href":"https:\/\/api.w.org\/{rel}","templated":true}]}}