{"id":7762,"date":"2021-10-28T22:37:21","date_gmt":"2021-10-28T22:37:21","guid":{"rendered":"http:\/\/www.vetinnovate.com\/?page_id=7762"},"modified":"2026-03-22T13:58:54","modified_gmt":"2026-03-22T13:58:54","slug":"magneto-vet-4000","status":"publish","type":"page","link":"https:\/\/www.vetinnovate.com\/index.php\/magneto-vet-4000\/","title":{"rendered":"Magneto Vet 4000"},"content":{"rendered":"\t\t<div data-elementor-type=\"wp-page\" data-elementor-id=\"7762\" class=\"elementor elementor-7762\" data-elementor-settings=\"[]\">\n\t\t\t\t\t\t<div class=\"elementor-inner\">\n\t\t\t\t\t\t\t<div class=\"elementor-section-wrap\">\n\t\t\t\t\t\t\t<section class=\"elementor-section elementor-top-section elementor-element elementor-element-24da546b elementor-section-boxed elementor-section-height-default elementor-section-height-default\" data-id=\"24da546b\" data-element_type=\"section\" data-settings=\"{&quot;background_background&quot;:&quot;classic&quot;}\">\n\t\t\t\t\t\t<div class=\"elementor-container elementor-column-gap-no\">\n\t\t\t\t\t\t\t<div class=\"elementor-row\">\n\t\t\t\t\t<div class=\"elementor-column elementor-col-50 elementor-top-column elementor-element elementor-element-195702af\" data-id=\"195702af\" data-element_type=\"column\">\n\t\t\t<div class=\"elementor-column-wrap elementor-element-populated\">\n\t\t\t\t\t\t\t<div class=\"elementor-widget-wrap\">\n\t\t\t\t\t\t<div class=\"elementor-element elementor-element-f4fee11 elementor-widget elementor-widget-image\" data-id=\"f4fee11\" data-element_type=\"widget\" data-widget_type=\"image.default\">\n\t\t\t\t<div class=\"elementor-widget-container\">\n\t\t\t\t\t<div class=\"elementor-image\">\n\t\t\t\t\t\t\t\t\t\t<img loading=\"lazy\" decoding=\"async\" width=\"851\" height=\"1024\" src=\"https:\/\/www.vetinnovate.com\/wp-content\/uploads\/2021\/10\/MAGNETO-Vet-4000_03_2019-851x1024.png\" class=\"attachment-large size-large\" alt=\"\" srcset=\"https:\/\/www.vetinnovate.com\/wp-content\/uploads\/2021\/10\/MAGNETO-Vet-4000_03_2019-851x1024.png 851w, https:\/\/www.vetinnovate.com\/wp-content\/uploads\/2021\/10\/MAGNETO-Vet-4000_03_2019-249x300.png 249w, https:\/\/www.vetinnovate.com\/wp-content\/uploads\/2021\/10\/MAGNETO-Vet-4000_03_2019-768x925.png 768w, https:\/\/www.vetinnovate.com\/wp-content\/uploads\/2021\/10\/MAGNETO-Vet-4000_03_2019-1276x1536.png 1276w, https:\/\/www.vetinnovate.com\/wp-content\/uploads\/2021\/10\/MAGNETO-Vet-4000_03_2019-1701x2048.png 1701w\" sizes=\"auto, (max-width: 851px) 100vw, 851px\" \/>\t\t\t\t\t\t\t\t\t\t\t<\/div>\n\t\t\t\t<\/div>\n\t\t\t\t<\/div>\n\t\t\t\t\t\t<\/div>\n\t\t\t\t\t<\/div>\n\t\t<\/div>\n\t\t\t\t<div class=\"elementor-column elementor-col-50 elementor-top-column elementor-element elementor-element-29a6a942\" data-id=\"29a6a942\" data-element_type=\"column\">\n\t\t\t<div class=\"elementor-column-wrap elementor-element-populated\">\n\t\t\t\t\t\t\t<div class=\"elementor-widget-wrap\">\n\t\t\t\t\t\t<div class=\"elementor-element elementor-element-86af37b elementor-widget elementor-widget-heading\" data-id=\"86af37b\" data-element_type=\"widget\" data-widget_type=\"heading.default\">\n\t\t\t\t<div class=\"elementor-widget-container\">\n\t\t\t<h2 class=\"elementor-heading-title elementor-size-default\">Magneto Vet 4000<\/h2>\t\t<\/div>\n\t\t\t\t<\/div>\n\t\t\t\t<div class=\"elementor-element elementor-element-5fc65caf elementor-widget elementor-widget-text-editor\" data-id=\"5fc65caf\" data-element_type=\"widget\" data-widget_type=\"text-editor.default\">\n\t\t\t\t<div class=\"elementor-widget-container\">\n\t\t\t\t\t<div class=\"elementor-text-editor elementor-clearfix\"><p>Magneto Vet 4000, de\u011fi\u015fken frekansl\u0131 ve y\u00fcksek yo\u011funluklu darbeli manyetik alanlara sahip manyetoterapi i\u00e7in bir cihazd\u0131r.<\/p><p>Kullan\u0131lan manyetik alanlar darbeli tiptedir ve dokularda \u00fcretilen mikro ak\u0131mlar, h\u00fccre i\u00e7i ve h\u00fccre d\u0131\u015f\u0131 ortam aras\u0131ndaki zar seviyesinde iyon de\u011fi\u015fimine neden olarak oksijen de\u011fi\u015fimini ve h\u00fccresel metabolizmay\u0131 artt\u0131r\u0131r ve neo-anjiyogenezi destekler. Frekans ve yo\u011funlu\u011fa ba\u011fl\u0131 olarak farkl\u0131 biyolojik etkiler elde edilebilir.<\/p><p>\u00a0<\/p><\/div>\n\t\t\t\t<\/div>\n\t\t\t\t<\/div>\n\t\t\t\t\t\t<\/div>\n\t\t\t\t\t<\/div>\n\t\t<\/div>\n\t\t\t\t\t\t\t\t<\/div>\n\t\t\t\t\t<\/div>\n\t\t<\/section>\n\t\t\t\t\t\t<\/div>\n\t\t\t\t\t\t<\/div>\n\t\t\t\t\t<\/div>\n\t\t","protected":false},"excerpt":{"rendered":"<p>Magneto Vet 4000 Magneto Vet 4000, de\u011fi\u015fken frekansl\u0131 ve y\u00fcksek yo\u011funluklu darbeli manyetik alanlara sahip manyetoterapi i\u00e7in bir cihazd\u0131r. Kullan\u0131lan manyetik alanlar darbeli tiptedir ve dokularda \u00fcretilen mikro ak\u0131mlar, h\u00fccre i\u00e7i ve h\u00fccre d\u0131\u015f\u0131 ortam aras\u0131ndaki zar seviyesinde iyon de\u011fi\u015fimine neden olarak oksijen de\u011fi\u015fimini ve h\u00fccresel metabolizmay\u0131 artt\u0131r\u0131r ve neo-anjiyogenezi destekler. Frekans ve yo\u011funlu\u011fa ba\u011fl\u0131 [&hellip;]<\/p>\n","protected":false},"author":1,"featured_media":0,"parent":0,"menu_order":0,"comment_status":"closed","ping_status":"closed","template":"","meta":{"site-sidebar-layout":"no-sidebar","site-content-layout":"page-builder","ast-site-content-layout":"","site-content-style":"default","site-sidebar-style":"default","ast-global-header-display":"","ast-banner-title-visibility":"","ast-main-header-display":"","ast-hfb-above-header-display":"","ast-hfb-below-header-display":"","ast-hfb-mobile-header-display":"","site-post-title":"disabled","ast-breadcrumbs-content":"","ast-featured-img":"disabled","footer-sml-layout":"","theme-transparent-header-meta":"default","adv-header-id-meta":"","stick-header-meta":"","header-above-stick-meta":"","header-main-stick-meta":"","header-below-stick-meta":"","astra-migrate-meta-layouts":"default","ast-page-background-enabled":"default","ast-page-background-meta":{"desktop":{"background-color":"var(--ast-global-color-4)","background-image":"","background-repeat":"repeat","background-position":"center center","background-size":"auto","background-attachment":"scroll","background-type":"","background-media":"","overlay-type":"","overlay-color":"","overlay-opacity":"","overlay-gradient":""},"tablet":{"background-color":"","background-image":"","background-repeat":"repeat","background-position":"center center","background-size":"auto","background-attachment":"scroll","background-type":"","background-media":"","overlay-type":"","overlay-color":"","overlay-opacity":"","overlay-gradient":""},"mobile":{"background-color":"","background-image":"","background-repeat":"repeat","background-position":"center center","background-size":"auto","background-attachment":"scroll","background-type":"","background-media":"","overlay-type":"","overlay-color":"","overlay-opacity":"","overlay-gradient":""}},"ast-content-background-meta":{"desktop":{"background-color":"var(--ast-global-color-5)","background-image":"","background-repeat":"repeat","background-position":"center center","background-size":"auto","background-attachment":"scroll","background-type":"","background-media":"","overlay-type":"","overlay-color":"","overlay-opacity":"","overlay-gradient":""},"tablet":{"background-color":"var(--ast-global-color-5)","background-image":"","background-repeat":"repeat","background-position":"center center","background-size":"auto","background-attachment":"scroll","background-type":"","background-media":"","overlay-type":"","overlay-color":"","overlay-opacity":"","overlay-gradient":""},"mobile":{"background-color":"var(--ast-global-color-5)","background-image":"","background-repeat":"repeat","background-position":"center center","background-size":"auto","background-attachment":"scroll","background-type":"","background-media":"","overlay-type":"","overlay-color":"","overlay-opacity":"","overlay-gradient":""}},"footnotes":""},"class_list":["post-7762","page","type-page","status-publish","hentry"],"_links":{"self":[{"href":"https:\/\/www.vetinnovate.com\/index.php\/wp-json\/wp\/v2\/pages\/7762","targetHints":{"allow":["GET"]}}],"collection":[{"href":"https:\/\/www.vetinnovate.com\/index.php\/wp-json\/wp\/v2\/pages"}],"about":[{"href":"https:\/\/www.vetinnovate.com\/index.php\/wp-json\/wp\/v2\/types\/page"}],"author":[{"embeddable":true,"href":"https:\/\/www.vetinnovate.com\/index.php\/wp-json\/wp\/v2\/users\/1"}],"replies":[{"embeddable":true,"href":"https:\/\/www.vetinnovate.com\/index.php\/wp-json\/wp\/v2\/comments?post=7762"}],"version-history":[{"count":7,"href":"https:\/\/www.vetinnovate.com\/index.php\/wp-json\/wp\/v2\/pages\/7762\/revisions"}],"predecessor-version":[{"id":8863,"href":"https:\/\/www.vetinnovate.com\/index.php\/wp-json\/wp\/v2\/pages\/7762\/revisions\/8863"}],"wp:attachment":[{"href":"https:\/\/www.vetinnovate.com\/index.php\/wp-json\/wp\/v2\/media?parent=7762"}],"curies":[{"name":"wp","href":"https:\/\/api.w.org\/{rel}","templated":true}]}}