{"id":7753,"date":"2021-10-28T22:34:52","date_gmt":"2021-10-28T22:34:52","guid":{"rendered":"http:\/\/www.vetinnovate.com\/?page_id=7753"},"modified":"2026-03-22T14:00:48","modified_gmt":"2026-03-22T14:00:48","slug":"ultrasoundvet-4000","status":"publish","type":"page","link":"https:\/\/www.vetinnovate.com\/index.php\/ultrasoundvet-4000\/","title":{"rendered":"Ultrasoundvet 4000"},"content":{"rendered":"\t\t<div data-elementor-type=\"wp-page\" data-elementor-id=\"7753\" class=\"elementor elementor-7753\" data-elementor-settings=\"[]\">\n\t\t\t\t\t\t<div class=\"elementor-inner\">\n\t\t\t\t\t\t\t<div class=\"elementor-section-wrap\">\n\t\t\t\t\t\t\t<section class=\"elementor-section elementor-top-section elementor-element elementor-element-24da546b elementor-section-boxed elementor-section-height-default elementor-section-height-default\" data-id=\"24da546b\" data-element_type=\"section\" data-settings=\"{&quot;background_background&quot;:&quot;classic&quot;}\">\n\t\t\t\t\t\t<div class=\"elementor-container elementor-column-gap-no\">\n\t\t\t\t\t\t\t<div class=\"elementor-row\">\n\t\t\t\t\t<div class=\"elementor-column elementor-col-50 elementor-top-column elementor-element elementor-element-195702af\" data-id=\"195702af\" data-element_type=\"column\">\n\t\t\t<div class=\"elementor-column-wrap elementor-element-populated\">\n\t\t\t\t\t\t\t<div class=\"elementor-widget-wrap\">\n\t\t\t\t\t\t<div class=\"elementor-element elementor-element-f4fee11 elementor-widget elementor-widget-image\" data-id=\"f4fee11\" data-element_type=\"widget\" data-widget_type=\"image.default\">\n\t\t\t\t<div class=\"elementor-widget-container\">\n\t\t\t\t\t<div class=\"elementor-image\">\n\t\t\t\t\t\t\t\t\t\t<img loading=\"lazy\" decoding=\"async\" width=\"600\" height=\"744\" src=\"https:\/\/www.vetinnovate.com\/wp-content\/uploads\/2021\/10\/ULTRASOUNDVet-4000-600px.png\" class=\"attachment-large size-large\" alt=\"\" srcset=\"https:\/\/www.vetinnovate.com\/wp-content\/uploads\/2021\/10\/ULTRASOUNDVet-4000-600px.png 600w, https:\/\/www.vetinnovate.com\/wp-content\/uploads\/2021\/10\/ULTRASOUNDVet-4000-600px-242x300.png 242w\" sizes=\"auto, (max-width: 600px) 100vw, 600px\" \/>\t\t\t\t\t\t\t\t\t\t\t<\/div>\n\t\t\t\t<\/div>\n\t\t\t\t<\/div>\n\t\t\t\t\t\t<\/div>\n\t\t\t\t\t<\/div>\n\t\t<\/div>\n\t\t\t\t<div class=\"elementor-column elementor-col-50 elementor-top-column elementor-element elementor-element-29a6a942\" data-id=\"29a6a942\" data-element_type=\"column\">\n\t\t\t<div class=\"elementor-column-wrap elementor-element-populated\">\n\t\t\t\t\t\t\t<div class=\"elementor-widget-wrap\">\n\t\t\t\t\t\t<div class=\"elementor-element elementor-element-86af37b elementor-widget elementor-widget-heading\" data-id=\"86af37b\" data-element_type=\"widget\" data-widget_type=\"heading.default\">\n\t\t\t\t<div class=\"elementor-widget-container\">\n\t\t\t<h2 class=\"elementor-heading-title elementor-size-default\">Ultrasoundvet 4000 <\/h2>\t\t<\/div>\n\t\t\t\t<\/div>\n\t\t\t\t<div class=\"elementor-element elementor-element-5fc65caf elementor-widget elementor-widget-text-editor\" data-id=\"5fc65caf\" data-element_type=\"widget\" data-widget_type=\"text-editor.default\">\n\t\t\t\t<div class=\"elementor-widget-container\">\n\t\t\t\t\t<div class=\"elementor-text-editor elementor-clearfix\"><p style=\"text-align: left; padding-left: 40px;\">Ultrasoundvet 4000 k\u00f6pek, kedi ve atlar\u0131n tendon, kas ve ba\u011f hastal\u0131klar\u0131n\u0131n tedavisinde etkilidir.<\/p><p style=\"text-align: left; padding-left: 40px;\">Ultrason kas,tendon ve ba\u011flardaki hasarl\u0131 dokular\u0131 onar\u0131r. Doku \u0131s\u0131 derecesini y\u00fckseltir, kan ak\u0131\u015f\u0131n\u0131 sa\u011flar ve oksijenin ilgili b\u00f6lgeye gitmesine yard\u0131mc\u0131 olur.<\/p><p style=\"text-align: left; padding-left: 40px;\">Veteriner ultrasonu szie bir \u00e7ok hastal\u0131k ile ilgili program sunar.<\/p><p style=\"text-align: left; padding-left: 40px;\">Ultrason, kas kontrakt\u00fcr\u00fcn\u00fc azalt\u0131r. \u00d6demi, kas spazm\u0131n\u0131 ve a\u011fr\u0131y\u0131 azalt\u0131r.<\/p><p style=\"text-align: left; padding-left: 40px;\">\u00c7ok a\u011fr\u0131l\u0131 durumlarda, veteriner ultrasonu su alt\u0131nda da tedavi uygulanabilir.<\/p><p style=\"text-align: left; padding-left: 40px;\">Skar yap\u0131\u015f\u0131kl\u0131klar\u0131n\u0131n ve eklem sertli\u011finin varl\u0131\u011f\u0131nda da kullan\u0131l\u0131r. Bu enstr\u00fcmantal fizik tedavi cihaz\u0131, kaslar\u0131n, tendonlar\u0131n, eklem kaps\u00fcllerinin, ba\u011flar\u0131n ve kemiklerin hasarl\u0131 dokular\u0131n\u0131n iyile\u015fmesini te\u015fvik etmek i\u00e7in termal ve atermal mekanik bir stim\u00fclasyon sa\u011flar.<\/p><\/div>\n\t\t\t\t<\/div>\n\t\t\t\t<\/div>\n\t\t\t\t\t\t<\/div>\n\t\t\t\t\t<\/div>\n\t\t<\/div>\n\t\t\t\t\t\t\t\t<\/div>\n\t\t\t\t\t<\/div>\n\t\t<\/section>\n\t\t\t\t\t\t<\/div>\n\t\t\t\t\t\t<\/div>\n\t\t\t\t\t<\/div>\n\t\t","protected":false},"excerpt":{"rendered":"<p>Ultrasoundvet 4000 Ultrasoundvet 4000 k\u00f6pek, kedi ve atlar\u0131n tendon, kas ve ba\u011f hastal\u0131klar\u0131n\u0131n tedavisinde etkilidir. Ultrason kas,tendon ve ba\u011flardaki hasarl\u0131 dokular\u0131 onar\u0131r. Doku \u0131s\u0131 derecesini y\u00fckseltir, kan ak\u0131\u015f\u0131n\u0131 sa\u011flar ve oksijenin ilgili b\u00f6lgeye gitmesine yard\u0131mc\u0131 olur. Veteriner ultrasonu szie bir \u00e7ok hastal\u0131k ile ilgili program sunar. Ultrason, kas kontrakt\u00fcr\u00fcn\u00fc azalt\u0131r. \u00d6demi, kas spazm\u0131n\u0131 ve a\u011fr\u0131y\u0131 [&hellip;]<\/p>\n","protected":false},"author":1,"featured_media":0,"parent":0,"menu_order":0,"comment_status":"closed","ping_status":"closed","template":"","meta":{"site-sidebar-layout":"no-sidebar","site-content-layout":"page-builder","ast-site-content-layout":"","site-content-style":"default","site-sidebar-style":"default","ast-global-header-display":"","ast-banner-title-visibility":"","ast-main-header-display":"","ast-hfb-above-header-display":"","ast-hfb-below-header-display":"","ast-hfb-mobile-header-display":"","site-post-title":"disabled","ast-breadcrumbs-content":"","ast-featured-img":"disabled","footer-sml-layout":"","theme-transparent-header-meta":"default","adv-header-id-meta":"","stick-header-meta":"","header-above-stick-meta":"","header-main-stick-meta":"","header-below-stick-meta":"","astra-migrate-meta-layouts":"default","ast-page-background-enabled":"default","ast-page-background-meta":{"desktop":{"background-color":"var(--ast-global-color-4)","background-image":"","background-repeat":"repeat","background-position":"center center","background-size":"auto","background-attachment":"scroll","background-type":"","background-media":"","overlay-type":"","overlay-color":"","overlay-opacity":"","overlay-gradient":""},"tablet":{"background-color":"","background-image":"","background-repeat":"repeat","background-position":"center center","background-size":"auto","background-attachment":"scroll","background-type":"","background-media":"","overlay-type":"","overlay-color":"","overlay-opacity":"","overlay-gradient":""},"mobile":{"background-color":"","background-image":"","background-repeat":"repeat","background-position":"center center","background-size":"auto","background-attachment":"scroll","background-type":"","background-media":"","overlay-type":"","overlay-color":"","overlay-opacity":"","overlay-gradient":""}},"ast-content-background-meta":{"desktop":{"background-color":"var(--ast-global-color-5)","background-image":"","background-repeat":"repeat","background-position":"center center","background-size":"auto","background-attachment":"scroll","background-type":"","background-media":"","overlay-type":"","overlay-color":"","overlay-opacity":"","overlay-gradient":""},"tablet":{"background-color":"var(--ast-global-color-5)","background-image":"","background-repeat":"repeat","background-position":"center center","background-size":"auto","background-attachment":"scroll","background-type":"","background-media":"","overlay-type":"","overlay-color":"","overlay-opacity":"","overlay-gradient":""},"mobile":{"background-color":"var(--ast-global-color-5)","background-image":"","background-repeat":"repeat","background-position":"center center","background-size":"auto","background-attachment":"scroll","background-type":"","background-media":"","overlay-type":"","overlay-color":"","overlay-opacity":"","overlay-gradient":""}},"footnotes":""},"class_list":["post-7753","page","type-page","status-publish","hentry"],"_links":{"self":[{"href":"https:\/\/www.vetinnovate.com\/index.php\/wp-json\/wp\/v2\/pages\/7753","targetHints":{"allow":["GET"]}}],"collection":[{"href":"https:\/\/www.vetinnovate.com\/index.php\/wp-json\/wp\/v2\/pages"}],"about":[{"href":"https:\/\/www.vetinnovate.com\/index.php\/wp-json\/wp\/v2\/types\/page"}],"author":[{"embeddable":true,"href":"https:\/\/www.vetinnovate.com\/index.php\/wp-json\/wp\/v2\/users\/1"}],"replies":[{"embeddable":true,"href":"https:\/\/www.vetinnovate.com\/index.php\/wp-json\/wp\/v2\/comments?post=7753"}],"version-history":[{"count":7,"href":"https:\/\/www.vetinnovate.com\/index.php\/wp-json\/wp\/v2\/pages\/7753\/revisions"}],"predecessor-version":[{"id":8869,"href":"https:\/\/www.vetinnovate.com\/index.php\/wp-json\/wp\/v2\/pages\/7753\/revisions\/8869"}],"wp:attachment":[{"href":"https:\/\/www.vetinnovate.com\/index.php\/wp-json\/wp\/v2\/media?parent=7753"}],"curies":[{"name":"wp","href":"https:\/\/api.w.org\/{rel}","templated":true}]}}