{"id":7707,"date":"2021-09-20T17:38:42","date_gmt":"2021-09-20T17:38:42","guid":{"rendered":"http:\/\/www.vetinnovate.com\/?page_id=7707"},"modified":"2021-09-20T17:52:19","modified_gmt":"2021-09-20T17:52:19","slug":"atlar","status":"publish","type":"page","link":"https:\/\/www.vetinnovate.com\/index.php\/atlar\/","title":{"rendered":"Atlar"},"content":{"rendered":"\t\t<div data-elementor-type=\"wp-page\" data-elementor-id=\"7707\" class=\"elementor elementor-7707\" data-elementor-settings=\"[]\">\n\t\t\t\t\t\t<div class=\"elementor-inner\">\n\t\t\t\t\t\t\t<div class=\"elementor-section-wrap\">\n\t\t\t\t\t\t\t<section class=\"elementor-section elementor-top-section elementor-element elementor-element-f8c9c98 elementor-section-boxed elementor-section-height-default elementor-section-height-default\" data-id=\"f8c9c98\" data-element_type=\"section\" data-settings=\"{&quot;background_background&quot;:&quot;classic&quot;}\">\n\t\t\t\t\t\t<div class=\"elementor-container elementor-column-gap-no\">\n\t\t\t\t\t\t\t<div class=\"elementor-row\">\n\t\t\t\t\t<div class=\"elementor-column elementor-col-100 elementor-top-column elementor-element elementor-element-574dbd3\" data-id=\"574dbd3\" data-element_type=\"column\">\n\t\t\t<div class=\"elementor-column-wrap elementor-element-populated\">\n\t\t\t\t\t\t\t<div class=\"elementor-widget-wrap\">\n\t\t\t\t\t\t<div class=\"elementor-element elementor-element-a7427fb elementor-widget elementor-widget-spacer\" data-id=\"a7427fb\" data-element_type=\"widget\" data-widget_type=\"spacer.default\">\n\t\t\t\t<div class=\"elementor-widget-container\">\n\t\t\t\t\t<div class=\"elementor-spacer\">\n\t\t\t<div class=\"elementor-spacer-inner\"><\/div>\n\t\t<\/div>\n\t\t\t\t<\/div>\n\t\t\t\t<\/div>\n\t\t\t\t<div class=\"elementor-element elementor-element-dd769d5 elementor-widget elementor-widget-heading\" data-id=\"dd769d5\" data-element_type=\"widget\" data-widget_type=\"heading.default\">\n\t\t\t\t<div class=\"elementor-widget-container\">\n\t\t\t<h2 class=\"elementor-heading-title elementor-size-default\">Atlar ( Equine)<\/h2>\t\t<\/div>\n\t\t\t\t<\/div>\n\t\t\t\t<div class=\"elementor-element elementor-element-225b146 elementor-widget elementor-widget-text-editor\" data-id=\"225b146\" data-element_type=\"widget\" data-widget_type=\"text-editor.default\">\n\t\t\t\t<div class=\"elementor-widget-container\">\n\t\t\t\t\t<div class=\"elementor-text-editor elementor-clearfix\"><p>Hasarl\u0131 dokular\u0131n yap\u0131sal b\u00fct\u00fcnl\u00fc\u011f\u00fcn\u00fcn h\u0131zl\u0131 bir \u015fekilde onar\u0131lmas\u0131 ve hastan\u0131n y\u00fcksek tolerans\u0131, MLS\u00ae Lazer Terapisini g\u00fc\u00e7l\u00fc anti-inflamatuar ve anti-\u00f6dem etkisi sayesinde, a\u011fr\u0131ny\u0131 k\u0131sa s\u00fcrede azalt\u0131r ve atlarda en s\u0131k g\u00f6r\u00fclen rahats\u0131zl\u0131klar\u0131n tedavisinde ge\u00e7erli ve kullan\u0131\u015fl\u0131 bir ara\u00e7 haline getirmektedir. <\/p><\/div>\n\t\t\t\t<\/div>\n\t\t\t\t<\/div>\n\t\t\t\t<section class=\"elementor-section elementor-inner-section elementor-element elementor-element-219ac2b elementor-section-boxed elementor-section-height-default elementor-section-height-default\" data-id=\"219ac2b\" data-element_type=\"section\">\n\t\t\t\t\t\t<div class=\"elementor-container elementor-column-gap-default\">\n\t\t\t\t\t\t\t<div class=\"elementor-row\">\n\t\t\t\t\t<div class=\"elementor-column elementor-col-50 elementor-inner-column elementor-element elementor-element-a021dd4\" data-id=\"a021dd4\" data-element_type=\"column\">\n\t\t\t<div class=\"elementor-column-wrap elementor-element-populated\">\n\t\t\t\t\t\t\t<div class=\"elementor-widget-wrap\">\n\t\t\t\t\t\t<div class=\"elementor-element elementor-element-65ab194 elementor-widget elementor-widget-text-editor\" data-id=\"65ab194\" data-element_type=\"widget\" data-widget_type=\"text-editor.default\">\n\t\t\t\t<div class=\"elementor-widget-container\">\n\t\t\t\t\t<div class=\"elementor-text-editor elementor-clearfix\"><p><strong>Yara iyile\u015fmesi<\/strong><br \/>Deri yaralar\u0131, g\u00fcnl\u00fck veterinerlik uygulamalar\u0131nda s\u0131k kar\u015f\u0131la\u015f\u0131lan bir sorundur ve MLS\u00ae Lazer Terapisinin kullan\u0131m\u0131 biyolojik uyar\u0131c\u0131 etkisi sayesinde iyile\u015fme s\u00fcrecini h\u0131zland\u0131r\u0131r ve destekler.<\/p><p><strong>Bursitis<\/strong><br \/>MLS\u00ae Lazer Terapisi, eklem bursas\u0131n\u0131n iltihaplanmas\u0131nda, iltihap \u00f6nleyici ve \u00f6dem \u00f6nleyici etkileri sayesinde iltihap, a\u011fr\u0131 ve \u00f6demi azaltmaya olanak tan\u0131r.<\/p><p><strong>Higroma<\/strong><br \/>MLS\u00ae Lazer Terapisinin antiinflamatuar ve anti\u00f6dem etkileri, inflamasyonu, a\u011fr\u0131y\u0131 ve \u00f6demi azaltarak higroma (ser\u00f6z bursan\u0131n kronik inflamasyonu) \u00fczerinde olumlu etki yapar.<\/p><p><strong>\u00d6dem<\/strong><br \/>MLS\u00ae Lazer Terapisinin kullan\u0131m\u0131, enflamatuar \u00f6demin drenaj\u0131n\u0131 desteklemek i\u00e7in \u00f6nemlidir. Terapi, lokal kan\u0131 ve lenfatik dola\u015f\u0131m\u0131 d\u00fczenlemeyi m\u00fcmk\u00fcn k\u0131lar, b\u00f6ylece fazla interstisyel s\u0131v\u0131n\u0131n azalt\u0131lmas\u0131n\u0131 kolayla\u015ft\u0131r\u0131r.<\/p><p><strong>Hematom \/ kont\u00fczyon<\/strong><br \/>MLS\u00ae Lazer Terapisi, g\u00fc\u00e7l\u00fc anti\u00f6dem etkisi sayesinde, hematomun drenaj\u0131n\u0131 ve \u00e7\u00f6z\u00fclmesini h\u0131zland\u0131rmak ve hasarl\u0131 dokular\u0131n yap\u0131sal b\u00fct\u00fcnl\u00fc\u011f\u00fcn\u00fcn h\u0131zl\u0131 bir \u015fekilde iyile\u015fmesi i\u00e7in yararl\u0131 bir ara\u00e7t\u0131r.<\/p><p><strong>Osteoartritis<\/strong><br \/>Osteoartrit, MLS\u00ae Lazer Terapisinin uygulanmas\u0131n\u0131n ana endikasyonlar\u0131ndan biridir: iltihab\u0131 ve a\u011fr\u0131y\u0131 azaltmaya yard\u0131mc\u0131 olur, b\u00f6ylece hastan\u0131n \u00f6nemli bir ya\u015fam kalitesi iyile\u015ftirmesine izin verir.<\/p><p><strong>Periostitis ve ekzostoz olu\u015fumu <\/strong><\/p><p>MLS\u00ae Lazer Terapisinin analjezik ve antiinflamatuar etkilerinden tam olarak periostitis durumunda yararlan\u0131l\u0131r. Terapinin uygulanmas\u0131, hastal\u0131\u011f\u0131 karakterize eden a\u011fr\u0131 ve iltihab\u0131 \u00f6nemli \u00f6l\u00e7\u00fcde azaltmaya izin verir.<\/p><p><strong>K\u0131r\u0131klar<\/strong><br \/>MLS\u00ae Lazer Terapisi, k\u0131r\u0131k iyile\u015fme s\u00fcrecini kolayla\u015ft\u0131rmak i\u00e7in kullan\u0131l\u0131r.<\/p><p><strong>Kas burkulmas\u0131 ve gerginli\u011fi<\/strong><br \/>Kas burkulmalar\u0131 ve su\u015flar\u0131nda MLS\u00ae Lazer Terapisi \u00f6demin bo\u015falt\u0131lmas\u0131n\u0131 kolayla\u015ft\u0131r\u0131r ve anti\u00f6dem etkisi nedeniyle a\u011fr\u0131 ve iltihab\u0131 azalt\u0131r.<\/p><p>\u00a0<\/p><\/div>\n\t\t\t\t<\/div>\n\t\t\t\t<\/div>\n\t\t\t\t\t\t<\/div>\n\t\t\t\t\t<\/div>\n\t\t<\/div>\n\t\t\t\t<div class=\"elementor-column elementor-col-50 elementor-inner-column elementor-element elementor-element-c6d5b88\" data-id=\"c6d5b88\" data-element_type=\"column\">\n\t\t\t<div class=\"elementor-column-wrap elementor-element-populated\">\n\t\t\t\t\t\t\t<div class=\"elementor-widget-wrap\">\n\t\t\t\t\t\t<div class=\"elementor-element elementor-element-654d04f elementor-widget elementor-widget-text-editor\" data-id=\"654d04f\" data-element_type=\"widget\" data-widget_type=\"text-editor.default\">\n\t\t\t\t<div class=\"elementor-widget-container\">\n\t\t\t\t\t<div class=\"elementor-text-editor elementor-clearfix\"><p><strong>Kas kontrakt\u00fcr\u00fc<\/strong><br \/>MLS\u00ae Lazer Terapisinin kas gev\u015fetici etkisi, kas kontrakt\u00fcrlerinin tedavisinde de\u011ferli bir yard\u0131mc\u0131d\u0131r.<\/p><p><strong>Trigger Points<\/strong><br \/>Aktif tetik noktalar\u0131n\u0131n deaktivasyonu, MLS\u00ae Lazer Terapisinin tipik kas gev\u015fetici etkisi taraf\u0131ndan tercih edilir.<\/p><p><strong>Akupunktur<\/strong><br \/>MLS\u00ae Lazer Terapisi, i\u011fnelerin kullan\u0131m\u0131na alternatif olarak akupunktur noktalar\u0131n\u0131n uyar\u0131lmas\u0131 i\u00e7in kullan\u0131labilir.<\/p><p><strong>S\u0131rt a\u011fr\u0131s\u0131<\/strong><br \/>S\u0131rt a\u011fr\u0131s\u0131, analjezik ve kas gev\u015fetici etkileri \u00f6zellikle hasta i\u00e7in faydal\u0131 olan MLS\u00ae Lazer Terapisi ile hafifletilebilir.<\/p><p><strong>Siyatik sinir a\u011fr\u0131s\u0131<\/strong><br \/>MLS\u00ae Lazer Terapisi, analjezik, antiinflamatuar ve kas gev\u015fetici etkileri nedeniyle siyatik sinir a\u011fr\u0131s\u0131n\u0131n tedavisinde de\u011ferli bir yard\u0131mc\u0131d\u0131r.<\/p><p><strong>Akut ve kronik tendinit<\/strong><br \/>Tendinit atlarda en s\u0131k g\u00f6r\u00fclen yumu\u015fak doku patolojilerinden biridir ve uzun s\u00fcreli iyile\u015fme ve y\u00fcksek n\u00fcks oran\u0131 nedeniyle hastalar\u0131n atletik gelece\u011fini etkileyebilir. MLS\u00ae Lazer Terapisi, tendinit tedavisi i\u00e7in ila\u00e7 tedavisine destek olarak veya alternatif tedavi olarak \u00f6nerilmektedir.<\/p><p><strong>Akut ve kronik tenosinovit<\/strong><br \/>MLS\u00ae Lazer Terapisi, antiinflamatuvar, analjezik ve anti\u00f6dem etkileri sayesinde hem ila\u00e7 tedavisine destek olarak hem de alternatif bir tedavi olarak tenosinovit tedavisi i\u00e7in uygundur.<\/p><p><strong>Navik\u00fcler hastal\u0131k<\/strong><br \/>Navik\u00fcler sendromun tedavisi i\u00e7in, MLS\u00ae Lazer Terapisinin antiinflamatuar ve analjezik etkilerinden, a\u011fr\u0131y\u0131 ve kronik inflamasyonu azaltmak ve s\u0131n\u0131rlamak i\u00e7in yararlan\u0131l\u0131r.<\/p><p><strong>Laminitis<\/strong><br \/>MLS\u00ae Lazer Terapisi, hastal\u0131kla ili\u015fkili iltihap ve a\u011fr\u0131y\u0131 azalt\u0131r, b\u00f6ylece hastan\u0131n ya\u015fam kalitesini \u00f6nemli \u00f6l\u00e7\u00fcde iyile\u015ftirir.<\/p><p><strong>Stone Bruise<\/strong><br \/>Spesifik topuk zedelenmesi durumunda, MLS\u00ae Lazer Terapisi, genellikle bu belirli problem tipiyle ili\u015fkili bir semptom olan a\u011fr\u0131y\u0131 azaltmak i\u00e7in kullan\u0131l\u0131r.<\/p><\/div>\n\t\t\t\t<\/div>\n\t\t\t\t<\/div>\n\t\t\t\t\t\t<\/div>\n\t\t\t\t\t<\/div>\n\t\t<\/div>\n\t\t\t\t\t\t\t\t<\/div>\n\t\t\t\t\t<\/div>\n\t\t<\/section>\n\t\t\t\t\t\t<\/div>\n\t\t\t\t\t<\/div>\n\t\t<\/div>\n\t\t\t\t\t\t\t\t<\/div>\n\t\t\t\t\t<\/div>\n\t\t<\/section>\n\t\t\t\t<section class=\"elementor-section elementor-top-section elementor-element elementor-element-4d77332 elementor-section-boxed elementor-section-height-default elementor-section-height-default\" data-id=\"4d77332\" data-element_type=\"section\">\n\t\t\t\t\t\t<div class=\"elementor-container elementor-column-gap-no\">\n\t\t\t\t\t\t\t<div class=\"elementor-row\">\n\t\t\t\t\t<div class=\"elementor-column elementor-col-50 elementor-top-column elementor-element elementor-element-4c7d5e2\" data-id=\"4c7d5e2\" data-element_type=\"column\" data-settings=\"{&quot;background_background&quot;:&quot;classic&quot;}\">\n\t\t\t<div class=\"elementor-column-wrap elementor-element-populated\">\n\t\t\t\t\t\t\t<div class=\"elementor-widget-wrap\">\n\t\t\t\t\t\t<div class=\"elementor-element elementor-element-7e66653 elementor-widget elementor-widget-image\" data-id=\"7e66653\" data-element_type=\"widget\" data-widget_type=\"image.default\">\n\t\t\t\t<div class=\"elementor-widget-container\">\n\t\t\t\t\t<div class=\"elementor-image\">\n\t\t\t\t\t\t\t\t\t\t\t<a href=\"https:\/\/www.vetinnovate.com\/index.php\/hangi-hastaliklarda\/\">\n\t\t\t\t\t\t\t<img loading=\"lazy\" decoding=\"async\" width=\"344\" height=\"258\" src=\"https:\/\/www.vetinnovate.com\/wp-content\/uploads\/2020\/08\/pathologycam-testing.jpg\" class=\"attachment-full size-full\" alt=\"\" srcset=\"https:\/\/www.vetinnovate.com\/wp-content\/uploads\/2020\/08\/pathologycam-testing.jpg 344w, https:\/\/www.vetinnovate.com\/wp-content\/uploads\/2020\/08\/pathologycam-testing-300x225.jpg 300w\" sizes=\"auto, (max-width: 344px) 100vw, 344px\" \/>\t\t\t\t\t\t\t\t<\/a>\n\t\t\t\t\t\t\t\t\t\t\t<\/div>\n\t\t\t\t<\/div>\n\t\t\t\t<\/div>\n\t\t\t\t<div class=\"elementor-element elementor-element-d7cf9fc elementor-widget elementor-widget-heading\" data-id=\"d7cf9fc\" data-element_type=\"widget\" data-widget_type=\"heading.default\">\n\t\t\t\t<div class=\"elementor-widget-container\">\n\t\t\t<h3 class=\"elementor-heading-title elementor-size-default\"><a href=\"https:\/\/www.vetinnovate.com\/index.php\/hangi-hastaliklarda\/\">Kedi ve K\u00f6pek Tedavileri\n<\/a><\/h3>\t\t<\/div>\n\t\t\t\t<\/div>\n\t\t\t\t\t\t<\/div>\n\t\t\t\t\t<\/div>\n\t\t<\/div>\n\t\t\t\t<div class=\"elementor-column elementor-col-50 elementor-top-column elementor-element elementor-element-2483b6c\" data-id=\"2483b6c\" data-element_type=\"column\" data-settings=\"{&quot;background_background&quot;:&quot;classic&quot;}\">\n\t\t\t<div class=\"elementor-column-wrap elementor-element-populated\">\n\t\t\t\t\t\t\t<div class=\"elementor-widget-wrap\">\n\t\t\t\t\t\t<div class=\"elementor-element elementor-element-7bec64c elementor-widget elementor-widget-image\" data-id=\"7bec64c\" data-element_type=\"widget\" data-widget_type=\"image.default\">\n\t\t\t\t<div class=\"elementor-widget-container\">\n\t\t\t\t\t<div class=\"elementor-image\">\n\t\t\t\t\t\t\t\t\t\t\t<a href=\"https:\/\/www.vetinnovate.com\/index.php\/egzotik-hayvanlar\/\">\n\t\t\t\t\t\t\t<img loading=\"lazy\" decoding=\"async\" width=\"344\" height=\"258\" src=\"https:\/\/www.vetinnovate.com\/wp-content\/uploads\/2020\/08\/mineral-assay.jpg\" class=\"attachment-full size-full\" alt=\"\" srcset=\"https:\/\/www.vetinnovate.com\/wp-content\/uploads\/2020\/08\/mineral-assay.jpg 344w, https:\/\/www.vetinnovate.com\/wp-content\/uploads\/2020\/08\/mineral-assay-300x225.jpg 300w\" sizes=\"auto, (max-width: 344px) 100vw, 344px\" \/>\t\t\t\t\t\t\t\t<\/a>\n\t\t\t\t\t\t\t\t\t\t\t<\/div>\n\t\t\t\t<\/div>\n\t\t\t\t<\/div>\n\t\t\t\t<div class=\"elementor-element elementor-element-416e823 elementor-widget elementor-widget-heading\" data-id=\"416e823\" data-element_type=\"widget\" data-widget_type=\"heading.default\">\n\t\t\t\t<div class=\"elementor-widget-container\">\n\t\t\t<h3 class=\"elementor-heading-title elementor-size-default\"><a href=\"https:\/\/www.vetinnovate.com\/index.php\/egzotik-hayvanlar\/\">Egzotik Hayvanlar<\/a><\/h3>\t\t<\/div>\n\t\t\t\t<\/div>\n\t\t\t\t\t\t<\/div>\n\t\t\t\t\t<\/div>\n\t\t<\/div>\n\t\t\t\t\t\t\t\t<\/div>\n\t\t\t\t\t<\/div>\n\t\t<\/section>\n\t\t\t\t\t\t<\/div>\n\t\t\t\t\t\t<\/div>\n\t\t\t\t\t<\/div>\n\t\t","protected":false},"excerpt":{"rendered":"<p>Atlar ( Equine) Hasarl\u0131 dokular\u0131n yap\u0131sal b\u00fct\u00fcnl\u00fc\u011f\u00fcn\u00fcn h\u0131zl\u0131 bir \u015fekilde onar\u0131lmas\u0131 ve hastan\u0131n y\u00fcksek tolerans\u0131, MLS\u00ae Lazer Terapisini g\u00fc\u00e7l\u00fc anti-inflamatuar ve anti-\u00f6dem etkisi sayesinde, a\u011fr\u0131ny\u0131 k\u0131sa s\u00fcrede azalt\u0131r ve atlarda en s\u0131k g\u00f6r\u00fclen rahats\u0131zl\u0131klar\u0131n tedavisinde ge\u00e7erli ve kullan\u0131\u015fl\u0131 bir ara\u00e7 haline getirmektedir. Yara iyile\u015fmesiDeri yaralar\u0131, g\u00fcnl\u00fck veterinerlik uygulamalar\u0131nda s\u0131k kar\u015f\u0131la\u015f\u0131lan bir sorundur ve MLS\u00ae Lazer [&hellip;]<\/p>\n","protected":false},"author":1,"featured_media":0,"parent":0,"menu_order":0,"comment_status":"closed","ping_status":"closed","template":"","meta":{"site-sidebar-layout":"no-sidebar","site-content-layout":"page-builder","ast-site-content-layout":"","site-content-style":"default","site-sidebar-style":"default","ast-global-header-display":"","ast-banner-title-visibility":"","ast-main-header-display":"","ast-hfb-above-header-display":"","ast-hfb-below-header-display":"","ast-hfb-mobile-header-display":"","site-post-title":"disabled","ast-breadcrumbs-content":"","ast-featured-img":"disabled","footer-sml-layout":"","theme-transparent-header-meta":"enabled","adv-header-id-meta":"","stick-header-meta":"","header-above-stick-meta":"","header-main-stick-meta":"","header-below-stick-meta":"","astra-migrate-meta-layouts":"default","ast-page-background-enabled":"default","ast-page-background-meta":{"desktop":{"background-color":"var(--ast-global-color-4)","background-image":"","background-repeat":"repeat","background-position":"center center","background-size":"auto","background-attachment":"scroll","background-type":"","background-media":"","overlay-type":"","overlay-color":"","overlay-opacity":"","overlay-gradient":""},"tablet":{"background-color":"","background-image":"","background-repeat":"repeat","background-position":"center center","background-size":"auto","background-attachment":"scroll","background-type":"","background-media":"","overlay-type":"","overlay-color":"","overlay-opacity":"","overlay-gradient":""},"mobile":{"background-color":"","background-image":"","background-repeat":"repeat","background-position":"center center","background-size":"auto","background-attachment":"scroll","background-type":"","background-media":"","overlay-type":"","overlay-color":"","overlay-opacity":"","overlay-gradient":""}},"ast-content-background-meta":{"desktop":{"background-color":"var(--ast-global-color-5)","background-image":"","background-repeat":"repeat","background-position":"center center","background-size":"auto","background-attachment":"scroll","background-type":"","background-media":"","overlay-type":"","overlay-color":"","overlay-opacity":"","overlay-gradient":""},"tablet":{"background-color":"var(--ast-global-color-5)","background-image":"","background-repeat":"repeat","background-position":"center center","background-size":"auto","background-attachment":"scroll","background-type":"","background-media":"","overlay-type":"","overlay-color":"","overlay-opacity":"","overlay-gradient":""},"mobile":{"background-color":"var(--ast-global-color-5)","background-image":"","background-repeat":"repeat","background-position":"center center","background-size":"auto","background-attachment":"scroll","background-type":"","background-media":"","overlay-type":"","overlay-color":"","overlay-opacity":"","overlay-gradient":""}},"footnotes":""},"class_list":["post-7707","page","type-page","status-publish","hentry"],"_links":{"self":[{"href":"https:\/\/www.vetinnovate.com\/index.php\/wp-json\/wp\/v2\/pages\/7707","targetHints":{"allow":["GET"]}}],"collection":[{"href":"https:\/\/www.vetinnovate.com\/index.php\/wp-json\/wp\/v2\/pages"}],"about":[{"href":"https:\/\/www.vetinnovate.com\/index.php\/wp-json\/wp\/v2\/types\/page"}],"author":[{"embeddable":true,"href":"https:\/\/www.vetinnovate.com\/index.php\/wp-json\/wp\/v2\/users\/1"}],"replies":[{"embeddable":true,"href":"https:\/\/www.vetinnovate.com\/index.php\/wp-json\/wp\/v2\/comments?post=7707"}],"version-history":[{"count":8,"href":"https:\/\/www.vetinnovate.com\/index.php\/wp-json\/wp\/v2\/pages\/7707\/revisions"}],"predecessor-version":[{"id":7726,"href":"https:\/\/www.vetinnovate.com\/index.php\/wp-json\/wp\/v2\/pages\/7707\/revisions\/7726"}],"wp:attachment":[{"href":"https:\/\/www.vetinnovate.com\/index.php\/wp-json\/wp\/v2\/media?parent=7707"}],"curies":[{"name":"wp","href":"https:\/\/api.w.org\/{rel}","templated":true}]}}