{"id":7672,"date":"2021-09-20T16:25:20","date_gmt":"2021-09-20T16:25:20","guid":{"rendered":"http:\/\/www.vetinnovate.com\/?page_id=7672"},"modified":"2026-03-21T13:54:28","modified_gmt":"2026-03-21T13:54:28","slug":"mphi-vet-orange","status":"publish","type":"page","link":"https:\/\/www.vetinnovate.com\/index.php\/mphi-vet-orange\/","title":{"rendered":"Mphi Vet Orange"},"content":{"rendered":"\t\t<div data-elementor-type=\"wp-page\" data-elementor-id=\"7672\" class=\"elementor elementor-7672\" data-elementor-settings=\"[]\">\n\t\t\t\t\t\t<div class=\"elementor-inner\">\n\t\t\t\t\t\t\t<div class=\"elementor-section-wrap\">\n\t\t\t\t\t\t\t<section class=\"elementor-section elementor-top-section elementor-element elementor-element-24da546b elementor-section-boxed elementor-section-height-default elementor-section-height-default\" data-id=\"24da546b\" data-element_type=\"section\" data-settings=\"{&quot;background_background&quot;:&quot;classic&quot;}\">\n\t\t\t\t\t\t<div class=\"elementor-container elementor-column-gap-no\">\n\t\t\t\t\t\t\t<div class=\"elementor-row\">\n\t\t\t\t\t<div class=\"elementor-column elementor-col-50 elementor-top-column elementor-element elementor-element-195702af\" data-id=\"195702af\" data-element_type=\"column\">\n\t\t\t<div class=\"elementor-column-wrap elementor-element-populated\">\n\t\t\t\t\t\t\t<div class=\"elementor-widget-wrap\">\n\t\t\t\t\t\t<div class=\"elementor-element elementor-element-e72e7a3 elementor-widget elementor-widget-spacer\" data-id=\"e72e7a3\" data-element_type=\"widget\" data-widget_type=\"spacer.default\">\n\t\t\t\t<div class=\"elementor-widget-container\">\n\t\t\t\t\t<div class=\"elementor-spacer\">\n\t\t\t<div class=\"elementor-spacer-inner\"><\/div>\n\t\t<\/div>\n\t\t\t\t<\/div>\n\t\t\t\t<\/div>\n\t\t\t\t<div class=\"elementor-element elementor-element-86af37b elementor-widget elementor-widget-heading\" data-id=\"86af37b\" data-element_type=\"widget\" data-widget_type=\"heading.default\">\n\t\t\t\t<div class=\"elementor-widget-container\">\n\t\t\t<h2 class=\"elementor-heading-title elementor-size-default\">Mphi Vet Orange<\/h2>\t\t<\/div>\n\t\t\t\t<\/div>\n\t\t\t\t<div class=\"elementor-element elementor-element-f4fee11 elementor-widget elementor-widget-image\" data-id=\"f4fee11\" data-element_type=\"widget\" data-widget_type=\"image.default\">\n\t\t\t\t<div class=\"elementor-widget-container\">\n\t\t\t\t\t<div class=\"elementor-image\">\n\t\t\t\t\t\t\t\t\t\t<img loading=\"lazy\" decoding=\"async\" width=\"1024\" height=\"870\" src=\"https:\/\/www.vetinnovate.com\/wp-content\/uploads\/2021\/09\/Handpiece-Orange-3_low_0-1024x870.jpg\" class=\"attachment-large size-large\" alt=\"\" srcset=\"https:\/\/www.vetinnovate.com\/wp-content\/uploads\/2021\/09\/Handpiece-Orange-3_low_0-1024x870.jpg 1024w, https:\/\/www.vetinnovate.com\/wp-content\/uploads\/2021\/09\/Handpiece-Orange-3_low_0-300x255.jpg 300w, https:\/\/www.vetinnovate.com\/wp-content\/uploads\/2021\/09\/Handpiece-Orange-3_low_0-768x653.jpg 768w, https:\/\/www.vetinnovate.com\/wp-content\/uploads\/2021\/09\/Handpiece-Orange-3_low_0.jpg 1200w\" sizes=\"auto, (max-width: 1024px) 100vw, 1024px\" \/>\t\t\t\t\t\t\t\t\t\t\t<\/div>\n\t\t\t\t<\/div>\n\t\t\t\t<\/div>\n\t\t\t\t<div class=\"elementor-element elementor-element-22ef060 elementor-arrows-position-inside elementor-pagination-position-outside elementor-widget elementor-widget-image-carousel\" data-id=\"22ef060\" data-element_type=\"widget\" data-settings=\"{&quot;navigation&quot;:&quot;both&quot;,&quot;autoplay&quot;:&quot;yes&quot;,&quot;pause_on_hover&quot;:&quot;yes&quot;,&quot;pause_on_interaction&quot;:&quot;yes&quot;,&quot;autoplay_speed&quot;:5000,&quot;infinite&quot;:&quot;yes&quot;,&quot;speed&quot;:500}\" data-widget_type=\"image-carousel.default\">\n\t\t\t\t<div class=\"elementor-widget-container\">\n\t\t\t\t\t<div class=\"elementor-image-carousel-wrapper swiper-container\" dir=\"ltr\">\n\t\t\t<div class=\"elementor-image-carousel swiper-wrapper\">\n\t\t\t\t<div class=\"swiper-slide\"><figure class=\"swiper-slide-inner\"><img decoding=\"async\" class=\"swiper-slide-image\" src=\"https:\/\/www.vetinnovate.com\/wp-content\/uploads\/2021\/09\/Mphi-Vet-Orange_low_0-1-150x150.jpg\" alt=\"Mphi Vet Orange_low_0\" \/><\/figure><\/div><div class=\"swiper-slide\"><figure class=\"swiper-slide-inner\"><img decoding=\"async\" class=\"swiper-slide-image\" src=\"https:\/\/www.vetinnovate.com\/wp-content\/uploads\/2021\/09\/Mphi-Vet-Trolley-Orange_low-1-150x150.jpg\" alt=\"Mphi Vet Trolley Orange_low\" \/><\/figure><\/div><div class=\"swiper-slide\"><figure class=\"swiper-slide-inner\"><img decoding=\"async\" class=\"swiper-slide-image\" src=\"https:\/\/www.vetinnovate.com\/wp-content\/uploads\/2021\/09\/mphivet_orange1_1-1-150x150.jpg\" alt=\"mphivet_orange1_1\" \/><\/figure><\/div>\t\t\t<\/div>\n\t\t\t\t\t\t\t\t\t\t\t\t<div class=\"swiper-pagination\"><\/div>\n\t\t\t\t\t\t\t\t\t\t\t\t\t<div class=\"elementor-swiper-button elementor-swiper-button-prev\">\n\t\t\t\t\t\t<i class=\"eicon-chevron-left\" aria-hidden=\"true\"><\/i>\n\t\t\t\t\t\t<span class=\"elementor-screen-only\">\u00d6nceki<\/span>\n\t\t\t\t\t<\/div>\n\t\t\t\t\t<div class=\"elementor-swiper-button elementor-swiper-button-next\">\n\t\t\t\t\t\t<i class=\"eicon-chevron-right\" aria-hidden=\"true\"><\/i>\n\t\t\t\t\t\t<span class=\"elementor-screen-only\">Sonraki<\/span>\n\t\t\t\t\t<\/div>\n\t\t\t\t\t\t\t\t\t<\/div>\n\t\t\t\t<\/div>\n\t\t\t\t<\/div>\n\t\t\t\t<div class=\"elementor-element elementor-element-5b5d8fa8 elementor-widget elementor-widget-text-editor\" data-id=\"5b5d8fa8\" data-element_type=\"widget\" data-widget_type=\"text-editor.default\">\n\t\t\t\t<div class=\"elementor-widget-container\">\n\t\t\t\t\t<div class=\"elementor-text-editor elementor-clearfix\"><p style=\"font-weight: 400; padding-left: 40px;\"><span style=\"text-decoration: underline;\"><strong><span style=\"color: #000080; text-decoration: underline;\">75 W tepe g\u00fcc\u00fc<\/span><\/strong><\/span> ve 1,2 W&#8217;a kadar ortalama g\u00fc\u00e7: Bu, ASAlaser taraf\u0131ndan y\u00fcr\u00fct\u00fclen ara\u015ft\u0131rman\u0131n sonucu olan MLS\u00ae Lazer Terapisi i\u00e7in yeni cihaz olan Mphi Vet Orange&#8217;\u0131n ek de\u011feridir. Mphi Vet&#8217;te zaten mevcut olan nitelikler &#8211; kullan\u0131m kolayl\u0131\u011f\u0131 ve ta\u015f\u0131nabilirlik &#8211; \u015fimdi yeni hedeflere ula\u015fmak i\u00e7in turuncuya d\u00f6n\u00fc\u015f\u00fcyor. Emisyonlar\u0131n senkronizasyonu (s\u00fcrekli \/ frekans ve titre\u015fimli) sayesinde yeni tepe g\u00fc\u00e7 ve ortalama g\u00fc\u00e7 seviyeleri en iyi \u015fekilde kullan\u0131l\u0131r, dokular\u0131n derinliklerine ula\u015fmalar\u0131n\u0131 sa\u011flar ve toplam g\u00fcvenlik sa\u011flar.<\/p><p style=\"font-weight: 400; padding-left: 40px;\">A\u011fr\u0131ya daha h\u0131zl\u0131 m\u00fcdahale etmek, fotomekanik etkiyi artt\u0131rmak, \u00f6dem \u00f6nleyici etkiyi h\u0131zland\u0131rmak ve h\u00fccresel onar\u0131m s\u00fcre\u00e7lerinin aktivasyonunu te\u015fvik etmek daha da kolay hale getirildi.<\/p><p style=\"font-weight: 400; padding-left: 40px;\">KED\u0130LER, K\u00d6PEKLER, ATLAR VE EGZOT\u0130K HAYVANLAR\u2019I tedavi etmek i\u00e7in \u00f6nceden tan\u0131mlanm\u0131\u015f protokollere sahip \u00f6zel yaz\u0131l\u0131m, her zamankinden daha \u00f6zelle\u015ftirilmi\u015f bir veterinerlik tedavisi i\u00e7in tedavi modlar\u0131n\u0131 ayarlamak i\u00e7in parametrelerin de\u011fi\u015ftirilmesine izin verir.<\/p><\/div>\n\t\t\t\t<\/div>\n\t\t\t\t<\/div>\n\t\t\t\t\t\t<\/div>\n\t\t\t\t\t<\/div>\n\t\t<\/div>\n\t\t\t\t<div class=\"elementor-column elementor-col-50 elementor-top-column elementor-element elementor-element-29a6a942\" data-id=\"29a6a942\" data-element_type=\"column\">\n\t\t\t<div class=\"elementor-column-wrap elementor-element-populated\">\n\t\t\t\t\t\t\t<div class=\"elementor-widget-wrap\">\n\t\t\t\t\t\t<div class=\"elementor-element elementor-element-5fc65caf elementor-widget elementor-widget-text-editor\" data-id=\"5fc65caf\" data-element_type=\"widget\" data-widget_type=\"text-editor.default\">\n\t\t\t\t<div class=\"elementor-widget-container\">\n\t\t\t\t\t<div class=\"elementor-text-editor elementor-clearfix\"><ul><li style=\"list-style-type: none;\"><ul><li><strong>Teknik \u00f6zellikler<\/strong><\/li><li style=\"font-weight: 400;\">1 MLS\u00ae kayna\u011f\u0131ndan olu\u015fan optik gruba sahip el aleti &#8211; 1,2 W&#8217;a kadar g\u00fc\u00e7 \u2013<\/li><li style=\"font-weight: 400;\"><strong>\u00a0En Y\u00fcksek G\u00fc\u00e7 75 W<\/strong><\/li><li style=\"font-weight: 400;\">Deri alt\u0131 5 cm derinlik etkisi<\/li><li style=\"font-weight: 400;\">Y\u00fcksek verimli k\u0131rm\u0131z\u0131 \u0131\u015f\u0131kl\u0131 LED&#8217;ler ile vurgulanan Hedef Alan \u00d8 2 cm<\/li><li style=\"font-weight: 400;\">Y\u00fcksek \u00e7\u00f6z\u00fcn\u00fcrl\u00fckl\u00fc LCD renkli dokunmatik ekran kullan\u0131c\u0131 aray\u00fcz\u00fc<\/li><li style=\"font-weight: 400;\">\u0130ki ba\u011f\u0131ms\u0131z kanal\u0131n e\u015fzamanl\u0131 y\u00f6netimi<\/li><li style=\"font-weight: 400;\">K\u00f6pekler ve Kediler i\u00e7in \u00f6nceden belirlenmi\u015f 20 program<\/li><li style=\"font-weight: 400;\">Atlar i\u00e7in \u00f6nceden belirlenmi\u015f 21 program<\/li><li style=\"font-weight: 400;\">S\u00fcr\u00fcngenler, Ku\u015flar ve Memelilere Ayr\u0131lan Egzotik Hayvanlar i\u00e7in \u00f6nceden belirlenmi\u015f 41 program<\/li><li style=\"font-weight: 400;\">Lazer delme i\u00e7in program b\u00f6l\u00fcm\u00fc<\/li><li style=\"font-weight: 400;\">\u0130ntraoral patolojiler i\u00e7in program b\u00f6l\u00fcm\u00fc<\/li><li style=\"font-weight: 400;\">Her tedavi parametresini \u00f6zelle\u015ftirme imkan\u0131<\/li><li style=\"font-weight: 400;\">\u00d6zel protokolleri kaydetmek i\u00e7in Ki\u015fisel Alan<\/li><li style=\"font-weight: 400;\">CPW ve FPW modunda MLS\u00ae mod\u00fclasyonu (Senkronize S\u00fcrekli Darbeli Dalgalar ve S\u0131k Darbeli Dalgalar emisyonlar\u0131)<\/li><li style=\"font-weight: 400;\">1 Hz ad\u0131mlarla 1 ile 2000 Hz aras\u0131nda mod\u00fclasyon frekans\u0131<\/li><li style=\"font-weight: 400;\">G\u00fc\u00e7 seviyesi% 25,% 50,% 75 ve% 100<\/li><li style=\"font-weight: 400;\">De\u011fi\u015fken veya sabit g\u00f6rev d\u00f6ng\u00fcs\u00fc<\/li><li style=\"font-weight: 400;\">1 \u201dad\u0131mlarla 1\u201d &#8211; 99.59 \u201daras\u0131 tedavi s\u00fcresi<\/li><li style=\"font-weight: 400;\">Yay\u0131lan enerjinin yerle\u015fik parametrelere g\u00f6re otomatik hesaplanmas\u0131<\/li><li style=\"font-weight: 400;\">Alarmlar ve g\u00fcvenlik \u00f6zellikleri<\/li><li style=\"font-weight: 400;\">Lazer emisyon uyar\u0131 \u0131\u015f\u0131\u011f\u0131<\/li><li style=\"font-weight: 400;\">Kilitleme<\/li><li style=\"font-weight: 400;\">Operat\u00f6r taraf\u0131ndan se\u00e7ilebilir akustik sinyal<\/li><li style=\"font-weight: 400;\">Tarih ve saat<\/li><li style=\"font-weight: 400;\">Cihaz\u0131 \u00e7al\u0131\u015ft\u0131rmak i\u00e7in \u015fifre<\/li><li style=\"font-weight: 400;\">Dil se\u00e7ene\u011fi<\/li><li style=\"font-weight: 400;\">Uzak Lazer emisyon sinyalizasyon cihaz\u0131na ba\u011flanmaya haz\u0131r<\/li><li style=\"font-weight: 400;\">Dahil Aksesuarlar<\/li><li style=\"font-weight: 400;\">Lazer delme kiti<\/li><li style=\"font-weight: 400;\">\u0130ntraoral Patoloji Tedavisi i\u00e7in \u0131\u015f\u0131k k\u0131lavuzu<\/li><li style=\"font-weight: 400;\">N \u00b0 2 Lazer G\u00fcvenlik G\u00f6zl\u00fc\u011f\u00fc<\/li><li style=\"font-weight: 400;\">\u00dcnite ta\u015f\u0131ma \u00e7antas\u0131<\/li><li style=\"font-weight: 400;\">Masa ba\u015fl\u0131\u011f\u0131 tutaca\u011f\u0131<\/li><li style=\"font-weight: 400;\">Ta\u015f\u0131nabilir kullan\u0131m i\u00e7in omuz ask\u0131s\u0131<\/li><\/ul><\/li><\/ul><p style=\"font-weight: 400; padding-left: 40px;\"><strong>Ebat ve a\u011f\u0131rl\u0131k<\/strong><\/p><ul><li style=\"list-style-type: none;\"><ul><li style=\"font-weight: 400;\">36 x 28 x 10 cm; 3 kg<\/li><\/ul><\/li><\/ul><p style=\"font-weight: 400; padding-left: 40px;\"><strong>G\u00fc\u00e7 kayna\u011f\u0131<\/strong><\/p><ul><li style=\"list-style-type: none;\"><ul><li style=\"font-weight: 400;\">Lityum polimer pil<\/li><li style=\"font-weight: 400;\">Harici g\u00fc\u00e7 kayna\u011f\u0131 18Vdc 50VA<\/li><\/ul><\/li><\/ul><p style=\"font-weight: 400; padding-left: 40px;\"><strong>\u0130ste\u011fe ba\u011fl\u0131 Aksesuarlar<\/strong><\/p><ul><li style=\"list-style-type: none;\"><ul><li style=\"font-weight: 400;\">Ta\u015f\u0131ma arabas\u0131 (Trolley)<\/li><li style=\"font-weight: 400;\">63 x 54 x 85 cm; 17 kg<\/li><li style=\"font-weight: 400;\">\u00c7ok diyotlu aplikat\u00f6r Charlie Orange (At uygulamalar\u0131 i\u00e7in)<\/li><\/ul><\/li><\/ul><\/div>\n\t\t\t\t<\/div>\n\t\t\t\t<\/div>\n\t\t\t\t\t\t<\/div>\n\t\t\t\t\t<\/div>\n\t\t<\/div>\n\t\t\t\t\t\t\t\t<\/div>\n\t\t\t\t\t<\/div>\n\t\t<\/section>\n\t\t\t\t\t\t<\/div>\n\t\t\t\t\t\t<\/div>\n\t\t\t\t\t<\/div>\n\t\t","protected":false},"excerpt":{"rendered":"<p>Mphi Vet Orange \u00d6nceki Sonraki 75 W tepe g\u00fcc\u00fc ve 1,2 W&#8217;a kadar ortalama g\u00fc\u00e7: Bu, ASAlaser taraf\u0131ndan y\u00fcr\u00fct\u00fclen ara\u015ft\u0131rman\u0131n sonucu olan MLS\u00ae Lazer Terapisi i\u00e7in yeni cihaz olan Mphi Vet Orange&#8217;\u0131n ek de\u011feridir. Mphi Vet&#8217;te zaten mevcut olan nitelikler &#8211; kullan\u0131m kolayl\u0131\u011f\u0131 ve ta\u015f\u0131nabilirlik &#8211; \u015fimdi yeni hedeflere ula\u015fmak i\u00e7in turuncuya d\u00f6n\u00fc\u015f\u00fcyor. Emisyonlar\u0131n senkronizasyonu [&hellip;]<\/p>\n","protected":false},"author":1,"featured_media":0,"parent":0,"menu_order":0,"comment_status":"closed","ping_status":"closed","template":"","meta":{"site-sidebar-layout":"no-sidebar","site-content-layout":"page-builder","ast-site-content-layout":"","site-content-style":"default","site-sidebar-style":"default","ast-global-header-display":"","ast-banner-title-visibility":"","ast-main-header-display":"","ast-hfb-above-header-display":"","ast-hfb-below-header-display":"","ast-hfb-mobile-header-display":"","site-post-title":"disabled","ast-breadcrumbs-content":"","ast-featured-img":"disabled","footer-sml-layout":"","theme-transparent-header-meta":"default","adv-header-id-meta":"","stick-header-meta":"","header-above-stick-meta":"","header-main-stick-meta":"","header-below-stick-meta":"","astra-migrate-meta-layouts":"default","ast-page-background-enabled":"default","ast-page-background-meta":{"desktop":{"background-color":"var(--ast-global-color-4)","background-image":"","background-repeat":"repeat","background-position":"center center","background-size":"auto","background-attachment":"scroll","background-type":"","background-media":"","overlay-type":"","overlay-color":"","overlay-opacity":"","overlay-gradient":""},"tablet":{"background-color":"","background-image":"","background-repeat":"repeat","background-position":"center center","background-size":"auto","background-attachment":"scroll","background-type":"","background-media":"","overlay-type":"","overlay-color":"","overlay-opacity":"","overlay-gradient":""},"mobile":{"background-color":"","background-image":"","background-repeat":"repeat","background-position":"center center","background-size":"auto","background-attachment":"scroll","background-type":"","background-media":"","overlay-type":"","overlay-color":"","overlay-opacity":"","overlay-gradient":""}},"ast-content-background-meta":{"desktop":{"background-color":"var(--ast-global-color-5)","background-image":"","background-repeat":"repeat","background-position":"center center","background-size":"auto","background-attachment":"scroll","background-type":"","background-media":"","overlay-type":"","overlay-color":"","overlay-opacity":"","overlay-gradient":""},"tablet":{"background-color":"var(--ast-global-color-5)","background-image":"","background-repeat":"repeat","background-position":"center center","background-size":"auto","background-attachment":"scroll","background-type":"","background-media":"","overlay-type":"","overlay-color":"","overlay-opacity":"","overlay-gradient":""},"mobile":{"background-color":"var(--ast-global-color-5)","background-image":"","background-repeat":"repeat","background-position":"center center","background-size":"auto","background-attachment":"scroll","background-type":"","background-media":"","overlay-type":"","overlay-color":"","overlay-opacity":"","overlay-gradient":""}},"footnotes":""},"class_list":["post-7672","page","type-page","status-publish","hentry"],"_links":{"self":[{"href":"https:\/\/www.vetinnovate.com\/index.php\/wp-json\/wp\/v2\/pages\/7672","targetHints":{"allow":["GET"]}}],"collection":[{"href":"https:\/\/www.vetinnovate.com\/index.php\/wp-json\/wp\/v2\/pages"}],"about":[{"href":"https:\/\/www.vetinnovate.com\/index.php\/wp-json\/wp\/v2\/types\/page"}],"author":[{"embeddable":true,"href":"https:\/\/www.vetinnovate.com\/index.php\/wp-json\/wp\/v2\/users\/1"}],"replies":[{"embeddable":true,"href":"https:\/\/www.vetinnovate.com\/index.php\/wp-json\/wp\/v2\/comments?post=7672"}],"version-history":[{"count":7,"href":"https:\/\/www.vetinnovate.com\/index.php\/wp-json\/wp\/v2\/pages\/7672\/revisions"}],"predecessor-version":[{"id":8734,"href":"https:\/\/www.vetinnovate.com\/index.php\/wp-json\/wp\/v2\/pages\/7672\/revisions\/8734"}],"wp:attachment":[{"href":"https:\/\/www.vetinnovate.com\/index.php\/wp-json\/wp\/v2\/media?parent=7672"}],"curies":[{"name":"wp","href":"https:\/\/api.w.org\/{rel}","templated":true}]}}