{"id":7656,"date":"2021-09-20T16:15:40","date_gmt":"2021-09-20T16:15:40","guid":{"rendered":"http:\/\/www.vetinnovate.com\/?page_id=7656"},"modified":"2026-03-21T14:09:09","modified_gmt":"2026-03-21T14:09:09","slug":"mphi-vet-blue","status":"publish","type":"page","link":"https:\/\/www.vetinnovate.com\/index.php\/mphi-vet-blue\/","title":{"rendered":"Mphi Vet Blue"},"content":{"rendered":"\t\t<div data-elementor-type=\"wp-page\" data-elementor-id=\"7656\" class=\"elementor elementor-7656\" data-elementor-settings=\"[]\">\n\t\t\t\t\t\t<div class=\"elementor-inner\">\n\t\t\t\t\t\t\t<div class=\"elementor-section-wrap\">\n\t\t\t\t\t\t\t<section class=\"elementor-section elementor-top-section elementor-element elementor-element-6ddb1934 elementor-section-boxed elementor-section-height-default elementor-section-height-default\" data-id=\"6ddb1934\" data-element_type=\"section\" data-settings=\"{&quot;background_background&quot;:&quot;classic&quot;}\">\n\t\t\t\t\t\t<div class=\"elementor-container elementor-column-gap-no\">\n\t\t\t\t\t\t\t<div class=\"elementor-row\">\n\t\t\t\t\t<div class=\"elementor-column elementor-col-50 elementor-top-column elementor-element elementor-element-3cd9dcd2\" data-id=\"3cd9dcd2\" data-element_type=\"column\">\n\t\t\t<div class=\"elementor-column-wrap elementor-element-populated\">\n\t\t\t\t\t\t\t<div class=\"elementor-widget-wrap\">\n\t\t\t\t\t\t<div class=\"elementor-element elementor-element-50bd386a elementor-widget elementor-widget-spacer\" data-id=\"50bd386a\" data-element_type=\"widget\" data-widget_type=\"spacer.default\">\n\t\t\t\t<div class=\"elementor-widget-container\">\n\t\t\t\t\t<div class=\"elementor-spacer\">\n\t\t\t<div class=\"elementor-spacer-inner\"><\/div>\n\t\t<\/div>\n\t\t\t\t<\/div>\n\t\t\t\t<\/div>\n\t\t\t\t<div class=\"elementor-element elementor-element-1dbc3041 elementor-widget elementor-widget-heading\" data-id=\"1dbc3041\" data-element_type=\"widget\" data-widget_type=\"heading.default\">\n\t\t\t\t<div class=\"elementor-widget-container\">\n\t\t\t<h2 class=\"elementor-heading-title elementor-size-default\">Mphi Vet Blue<\/h2>\t\t<\/div>\n\t\t\t\t<\/div>\n\t\t\t\t<div class=\"elementor-element elementor-element-394673e3 elementor-widget elementor-widget-image\" data-id=\"394673e3\" data-element_type=\"widget\" data-widget_type=\"image.default\">\n\t\t\t\t<div class=\"elementor-widget-container\">\n\t\t\t\t\t<div class=\"elementor-image\">\n\t\t\t\t\t\t\t\t\t\t<img loading=\"lazy\" decoding=\"async\" width=\"510\" height=\"337\" src=\"https:\/\/www.vetinnovate.com\/wp-content\/uploads\/2021\/09\/MphiVet.jpg\" class=\"attachment-large size-large\" alt=\"\" srcset=\"https:\/\/www.vetinnovate.com\/wp-content\/uploads\/2021\/09\/MphiVet.jpg 510w, https:\/\/www.vetinnovate.com\/wp-content\/uploads\/2021\/09\/MphiVet-300x198.jpg 300w\" sizes=\"auto, (max-width: 510px) 100vw, 510px\" \/>\t\t\t\t\t\t\t\t\t\t\t<\/div>\n\t\t\t\t<\/div>\n\t\t\t\t<\/div>\n\t\t\t\t<div class=\"elementor-element elementor-element-1980959 elementor-arrows-position-inside elementor-pagination-position-outside elementor-widget elementor-widget-image-carousel\" data-id=\"1980959\" data-element_type=\"widget\" data-settings=\"{&quot;navigation&quot;:&quot;both&quot;,&quot;autoplay&quot;:&quot;yes&quot;,&quot;pause_on_hover&quot;:&quot;yes&quot;,&quot;pause_on_interaction&quot;:&quot;yes&quot;,&quot;autoplay_speed&quot;:5000,&quot;infinite&quot;:&quot;yes&quot;,&quot;speed&quot;:500}\" data-widget_type=\"image-carousel.default\">\n\t\t\t\t<div class=\"elementor-widget-container\">\n\t\t\t\t\t<div class=\"elementor-image-carousel-wrapper swiper-container\" dir=\"ltr\">\n\t\t\t<div class=\"elementor-image-carousel swiper-wrapper\">\n\t\t\t\t<div class=\"swiper-slide\"><figure class=\"swiper-slide-inner\"><img decoding=\"async\" class=\"swiper-slide-image\" src=\"https:\/\/www.vetinnovate.com\/wp-content\/uploads\/2021\/09\/MphiVet_borsa_high-150x150.jpg\" alt=\"MphiVet_borsa_high\" \/><\/figure><\/div><div class=\"swiper-slide\"><figure class=\"swiper-slide-inner\"><img decoding=\"async\" class=\"swiper-slide-image\" src=\"https:\/\/www.vetinnovate.com\/wp-content\/uploads\/2021\/09\/Filtro-150x150.png\" alt=\"Filtro\" \/><\/figure><\/div><div class=\"swiper-slide\"><figure class=\"swiper-slide-inner\"><img decoding=\"async\" class=\"swiper-slide-image\" src=\"https:\/\/www.vetinnovate.com\/wp-content\/uploads\/2021\/09\/Mphi_Vet_pets_LOW-150x150.png\" alt=\"Mphi_Vet_pets_LOW\" \/><\/figure><\/div><div class=\"swiper-slide\"><figure class=\"swiper-slide-inner\"><img decoding=\"async\" class=\"swiper-slide-image\" src=\"https:\/\/www.vetinnovate.com\/wp-content\/uploads\/2021\/09\/Manipolo_low-150x150.png\" alt=\"Manipolo_low\" \/><\/figure><\/div>\t\t\t<\/div>\n\t\t\t\t\t\t\t\t\t\t\t\t<div class=\"swiper-pagination\"><\/div>\n\t\t\t\t\t\t\t\t\t\t\t\t\t<div class=\"elementor-swiper-button elementor-swiper-button-prev\">\n\t\t\t\t\t\t<i class=\"eicon-chevron-left\" aria-hidden=\"true\"><\/i>\n\t\t\t\t\t\t<span class=\"elementor-screen-only\">\u00d6nceki<\/span>\n\t\t\t\t\t<\/div>\n\t\t\t\t\t<div class=\"elementor-swiper-button elementor-swiper-button-next\">\n\t\t\t\t\t\t<i class=\"eicon-chevron-right\" aria-hidden=\"true\"><\/i>\n\t\t\t\t\t\t<span class=\"elementor-screen-only\">Sonraki<\/span>\n\t\t\t\t\t<\/div>\n\t\t\t\t\t\t\t\t\t<\/div>\n\t\t\t\t<\/div>\n\t\t\t\t<\/div>\n\t\t\t\t<div class=\"elementor-element elementor-element-3c0e286e elementor-widget elementor-widget-text-editor\" data-id=\"3c0e286e\" data-element_type=\"widget\" data-widget_type=\"text-editor.default\">\n\t\t\t\t<div class=\"elementor-widget-container\">\n\t\t\t\t\t<div class=\"elementor-text-editor elementor-clearfix\"><h6 style=\"padding-left: 40px;\">Ta\u015f\u0131nabilir, ergonomik, kullan\u0131m\u0131 kolay, yenilik\u00e7i: &#8220;ta\u015f\u0131nabilir \u00fcnite&#8221; cihaz\u0131 olan Mphi Vet ile MLS\u00ae Lazer Terapisinin faydal\u0131 etkileri, ihtiya\u00e7 duydu\u011funuz her an ve her yerde mevcuttur.<\/h6><h6 style=\"font-weight: 400; padding-left: 40px;\">Ameliyatta ve evde, ah\u0131rlarda ve yeti\u015ftirme \u00e7iftliklerinde, t\u0131bbi veterinerlik Mphi Vet ekipman\u0131n\u0131n hi\u00e7bir engeli yoktur. Uygun boyutu ve a\u011f\u0131rl\u0131\u011f\u0131 sayesinde kolayca ta\u015f\u0131nabilir Mphi Vet, veterinerlik alan\u0131nda en son teknolojidir.<\/h6><h6 style=\"font-weight: 400; padding-left: 40px;\">Yenilik\u00e7i, grafiksel renkli dokunmatik ekran ve arkadan ayd\u0131nlatmal\u0131 ekran, kullan\u0131c\u0131yla sezgisel bir \u015fekilde etkile\u015fime girer ve K\u00d6PEK, KED\u0130 ve ATLAR i\u00e7in \u00e7ok \u00e7e\u015fitli tedavi programlar\u0131 \u00f6nceden ayarlanm\u0131\u015ft\u0131r, bu da cihaz\u0131 sezgisel ve kullan\u0131m\u0131 kolay hale getirir.<\/h6><\/div>\n\t\t\t\t<\/div>\n\t\t\t\t<\/div>\n\t\t\t\t\t\t<\/div>\n\t\t\t\t\t<\/div>\n\t\t<\/div>\n\t\t\t\t<div class=\"elementor-column elementor-col-50 elementor-top-column elementor-element elementor-element-445f775\" data-id=\"445f775\" data-element_type=\"column\">\n\t\t\t<div class=\"elementor-column-wrap elementor-element-populated\">\n\t\t\t\t\t\t\t<div class=\"elementor-widget-wrap\">\n\t\t\t\t\t\t<div class=\"elementor-element elementor-element-1adc2004 elementor-widget elementor-widget-text-editor\" data-id=\"1adc2004\" data-element_type=\"widget\" data-widget_type=\"text-editor.default\">\n\t\t\t\t<div class=\"elementor-widget-container\">\n\t\t\t\t\t<div class=\"elementor-text-editor elementor-clearfix\"><h1 style=\"font-weight: 400; text-align: center;\"><span style=\"text-decoration: underline;\"><strong>Teknik \u00f6zellikler<\/strong><\/span><\/h1><ul><li style=\"font-weight: 400;\">1 MLS\u00ae kayna\u011f\u0131ndan olu\u015fan optik gruba sahip el aleti &#8211; 1,1 W&#8217;a kadar g\u00fc\u00e7 &#8211; \u00a0\u00a0\u00a0\u00a0\u00a0\u00a0\u00a0\u00a0\u00a0\u00a0\u00a0\u00a0\u00a0\u00a0\u00a0\u00a0\u00a0\u00a0\u00a0\u00a0\u00a0\u00a0\u00a0\u00a0<\/li><li style=\"font-weight: 400;\"><strong>En Y\u00fcksek G\u00fc\u00e7 25 W<\/strong><\/li><li style=\"font-weight: 400;\">Y\u00fcksek verimli k\u0131rm\u0131z\u0131 \u0131\u015f\u0131kl\u0131 LED&#8217;ler ile vurgulanan Hedef Alan \u00d8 2 cm<\/li><li style=\"font-weight: 400;\">Deri alt\u0131 5 cm derinlik etkisi<\/li><li style=\"font-weight: 400;\">Y\u00fcksek \u00e7\u00f6z\u00fcn\u00fcrl\u00fckl\u00fc LCD renkli dokunmatik ekran kullan\u0131c\u0131 aray\u00fcz\u00fc<\/li><li style=\"font-weight: 400;\">K\u00f6pekler ve Kediler i\u00e7in \u00f6nceden belirlenmi\u015f 18 program<\/li><li style=\"font-weight: 400;\">\u0130ki ba\u011f\u0131ms\u0131z kanal\u0131n e\u015fzamanl\u0131 y\u00f6netimi<\/li><li style=\"font-weight: 400;\">Atlar i\u00e7in \u00f6nceden belirlenmi\u015f 21 program<\/li><li style=\"font-weight: 400;\">Her tedavi parametresini \u00f6zelle\u015ftirme imkan\u0131<\/li><li style=\"font-weight: 400;\">\u00d6zel protokolleri kaydetmek i\u00e7in Ki\u015fisel Alan<\/li><li style=\"font-weight: 400;\">CPW ve FPW modunda MLS\u00ae mod\u00fclasyonu (S\u00fcrekli Darbeli Dalgalar\u0131n ve Frekansl\u0131 Darbeli Dalgalar\u0131n Senkronize emisyonu)<\/li><li style=\"font-weight: 400;\">1 Hz ad\u0131mlarla 1 ile 2000 Hz aras\u0131nda mod\u00fclasyon frekans\u0131<\/li><li style=\"font-weight: 400;\">G\u00fc\u00e7 seviyesi% 25,% 50,% 75 ve% 100<\/li><li style=\"font-weight: 400;\">% 50 veya de\u011fi\u015fken olarak sabit g\u00f6rev d\u00f6ng\u00fcs\u00fc<\/li><li style=\"font-weight: 400;\">1 \u201dad\u0131mlarla 1\u201d &#8211; 99.59 \u201daras\u0131 tedavi s\u00fcresi<\/li><li style=\"font-weight: 400;\">Yay\u0131lan enerjinin yerle\u015fik parametrelere g\u00f6re otomatik hesaplanmas\u0131<\/li><li style=\"font-weight: 400;\">Alarmlar ve g\u00fcvenlik \u00f6zellikleri<\/li><li style=\"font-weight: 400;\">Lazer emisyon uyar\u0131 \u0131\u015f\u0131\u011f\u0131<\/li><li style=\"font-weight: 400;\">Kilitleme<\/li><li style=\"font-weight: 400;\">Operat\u00f6r taraf\u0131ndan se\u00e7ilebilir akustik sinyal<\/li><li style=\"font-weight: 400;\">Tarih ve saat<\/li><li style=\"font-weight: 400;\">Cihaz\u0131 \u00e7al\u0131\u015ft\u0131rmak i\u00e7in \u015fifre<\/li><li style=\"font-weight: 400;\">Dil se\u00e7ene\u011fi<\/li><li style=\"font-weight: 400;\">Uzak Lazer emisyon sinyalizasyon cihaz\u0131na ba\u011flanmaya haz\u0131r<\/li><\/ul><h1 style=\"font-weight: 400; text-align: center;\"><strong>Dahili Aksesuarlar<\/strong><\/h1><ul><li style=\"font-weight: 400;\">2 Adet Lazer G\u00fcvenlik G\u00f6zl\u00fc\u011f\u00fc<\/li><li style=\"font-weight: 400;\">\u00dcnite ta\u015f\u0131ma \u00e7antas\u0131<\/li><li style=\"font-weight: 400;\">Masa ba\u015fl\u0131\u011f\u0131 tutaca\u011f\u0131<\/li><li style=\"font-weight: 400;\">Ta\u015f\u0131nabilir kullan\u0131m i\u00e7in omuz ask\u0131s\u0131<\/li><\/ul><h1 style=\"font-weight: 400; text-align: center;\"><strong>Ebat ve a\u011f\u0131rl\u0131k<\/strong><\/h1><ul><li style=\"font-weight: 400;\">36 x 28 x10 cm; 3 kg<\/li><\/ul><h1 style=\"font-weight: 400; text-align: center;\"><strong>G\u00fc\u00e7 kayna\u011f\u0131<\/strong><\/h1><ul><li style=\"font-weight: 400;\">Lityum polimer pil<\/li><li style=\"font-weight: 400;\">Harici g\u00fc\u00e7 kayna\u011f\u0131 18Vdc 50VA<\/li><\/ul><h1 style=\"font-weight: 400; text-align: center;\"><strong>\u0130ste\u011fe ba\u011fl\u0131 Aksesuarlar<\/strong><\/h1><ul><li style=\"font-weight: 400;\">Ta\u015f\u0131ma arabas\u0131 (Trolley)<\/li><li style=\"font-weight: 400;\">63 x 54 x 80cm; 17 kg<\/li><li style=\"font-weight: 400;\">\u00c7ok diyotlu aplikat\u00f6r Charlie (At uygulamalar\u0131 i\u00e7in)<\/li><\/ul><p style=\"font-weight: 400;\">\u00a0<\/p><\/div>\n\t\t\t\t<\/div>\n\t\t\t\t<\/div>\n\t\t\t\t\t\t<\/div>\n\t\t\t\t\t<\/div>\n\t\t<\/div>\n\t\t\t\t\t\t\t\t<\/div>\n\t\t\t\t\t<\/div>\n\t\t<\/section>\n\t\t\t\t\t\t<\/div>\n\t\t\t\t\t\t<\/div>\n\t\t\t\t\t<\/div>\n\t\t","protected":false},"excerpt":{"rendered":"<p>Mphi Vet Blue \u00d6nceki Sonraki Ta\u015f\u0131nabilir, ergonomik, kullan\u0131m\u0131 kolay, yenilik\u00e7i: &#8220;ta\u015f\u0131nabilir \u00fcnite&#8221; cihaz\u0131 olan Mphi Vet ile MLS\u00ae Lazer Terapisinin faydal\u0131 etkileri, ihtiya\u00e7 duydu\u011funuz her an ve her yerde mevcuttur. Ameliyatta ve evde, ah\u0131rlarda ve yeti\u015ftirme \u00e7iftliklerinde, t\u0131bbi veterinerlik Mphi Vet ekipman\u0131n\u0131n hi\u00e7bir engeli yoktur. Uygun boyutu ve a\u011f\u0131rl\u0131\u011f\u0131 sayesinde kolayca ta\u015f\u0131nabilir Mphi Vet, veterinerlik [&hellip;]<\/p>\n","protected":false},"author":1,"featured_media":0,"parent":0,"menu_order":0,"comment_status":"closed","ping_status":"closed","template":"","meta":{"site-sidebar-layout":"no-sidebar","site-content-layout":"page-builder","ast-site-content-layout":"","site-content-style":"default","site-sidebar-style":"default","ast-global-header-display":"","ast-banner-title-visibility":"","ast-main-header-display":"","ast-hfb-above-header-display":"","ast-hfb-below-header-display":"","ast-hfb-mobile-header-display":"","site-post-title":"disabled","ast-breadcrumbs-content":"","ast-featured-img":"disabled","footer-sml-layout":"","theme-transparent-header-meta":"default","adv-header-id-meta":"","stick-header-meta":"","header-above-stick-meta":"","header-main-stick-meta":"","header-below-stick-meta":"","astra-migrate-meta-layouts":"default","ast-page-background-enabled":"default","ast-page-background-meta":{"desktop":{"background-color":"var(--ast-global-color-4)","background-image":"","background-repeat":"repeat","background-position":"center center","background-size":"auto","background-attachment":"scroll","background-type":"","background-media":"","overlay-type":"","overlay-color":"","overlay-opacity":"","overlay-gradient":""},"tablet":{"background-color":"","background-image":"","background-repeat":"repeat","background-position":"center center","background-size":"auto","background-attachment":"scroll","background-type":"","background-media":"","overlay-type":"","overlay-color":"","overlay-opacity":"","overlay-gradient":""},"mobile":{"background-color":"","background-image":"","background-repeat":"repeat","background-position":"center center","background-size":"auto","background-attachment":"scroll","background-type":"","background-media":"","overlay-type":"","overlay-color":"","overlay-opacity":"","overlay-gradient":""}},"ast-content-background-meta":{"desktop":{"background-color":"var(--ast-global-color-5)","background-image":"","background-repeat":"repeat","background-position":"center center","background-size":"auto","background-attachment":"scroll","background-type":"","background-media":"","overlay-type":"","overlay-color":"","overlay-opacity":"","overlay-gradient":""},"tablet":{"background-color":"var(--ast-global-color-5)","background-image":"","background-repeat":"repeat","background-position":"center center","background-size":"auto","background-attachment":"scroll","background-type":"","background-media":"","overlay-type":"","overlay-color":"","overlay-opacity":"","overlay-gradient":""},"mobile":{"background-color":"var(--ast-global-color-5)","background-image":"","background-repeat":"repeat","background-position":"center center","background-size":"auto","background-attachment":"scroll","background-type":"","background-media":"","overlay-type":"","overlay-color":"","overlay-opacity":"","overlay-gradient":""}},"footnotes":""},"class_list":["post-7656","page","type-page","status-publish","hentry"],"_links":{"self":[{"href":"https:\/\/www.vetinnovate.com\/index.php\/wp-json\/wp\/v2\/pages\/7656","targetHints":{"allow":["GET"]}}],"collection":[{"href":"https:\/\/www.vetinnovate.com\/index.php\/wp-json\/wp\/v2\/pages"}],"about":[{"href":"https:\/\/www.vetinnovate.com\/index.php\/wp-json\/wp\/v2\/types\/page"}],"author":[{"embeddable":true,"href":"https:\/\/www.vetinnovate.com\/index.php\/wp-json\/wp\/v2\/users\/1"}],"replies":[{"embeddable":true,"href":"https:\/\/www.vetinnovate.com\/index.php\/wp-json\/wp\/v2\/comments?post=7656"}],"version-history":[{"count":10,"href":"https:\/\/www.vetinnovate.com\/index.php\/wp-json\/wp\/v2\/pages\/7656\/revisions"}],"predecessor-version":[{"id":8747,"href":"https:\/\/www.vetinnovate.com\/index.php\/wp-json\/wp\/v2\/pages\/7656\/revisions\/8747"}],"wp:attachment":[{"href":"https:\/\/www.vetinnovate.com\/index.php\/wp-json\/wp\/v2\/media?parent=7656"}],"curies":[{"name":"wp","href":"https:\/\/api.w.org\/{rel}","templated":true}]}}