{"id":7598,"date":"2021-09-09T14:31:12","date_gmt":"2021-09-09T14:31:12","guid":{"rendered":"http:\/\/www.vetinnovate.com\/?page_id=7598"},"modified":"2025-03-21T23:35:05","modified_gmt":"2025-03-21T23:35:05","slug":"lazer-therapy","status":"publish","type":"page","link":"https:\/\/www.vetinnovate.com\/index.php\/lazer-therapy\/","title":{"rendered":"Lazer Therapy"},"content":{"rendered":"\t\t<div data-elementor-type=\"wp-page\" data-elementor-id=\"7598\" class=\"elementor elementor-7598\" data-elementor-settings=\"[]\">\n\t\t\t\t\t\t<div class=\"elementor-inner\">\n\t\t\t\t\t\t\t<div class=\"elementor-section-wrap\">\n\t\t\t\t\t\t\t<section class=\"elementor-section elementor-top-section elementor-element elementor-element-f8c9c98 elementor-section-height-full elementor-section-items-bottom elementor-section-boxed elementor-section-height-default\" data-id=\"f8c9c98\" data-element_type=\"section\" data-settings=\"{&quot;background_background&quot;:&quot;classic&quot;}\">\n\t\t\t\t\t\t<div class=\"elementor-container elementor-column-gap-default\">\n\t\t\t\t\t\t\t<div class=\"elementor-row\">\n\t\t\t\t\t<div class=\"elementor-column elementor-col-100 elementor-top-column elementor-element elementor-element-2e97257\" data-id=\"2e97257\" data-element_type=\"column\">\n\t\t\t<div class=\"elementor-column-wrap elementor-element-populated\">\n\t\t\t\t\t\t\t<div class=\"elementor-widget-wrap\">\n\t\t\t\t\t\t<div class=\"elementor-element elementor-element-3cda174 elementor-widget elementor-widget-heading\" data-id=\"3cda174\" data-element_type=\"widget\" data-widget_type=\"heading.default\">\n\t\t\t\t<div class=\"elementor-widget-container\">\n\t\t\t<h2 class=\"elementor-heading-title elementor-size-default\">mLS Lazer Terapi Nedir?<\/h2>\t\t<\/div>\n\t\t\t\t<\/div>\n\t\t\t\t<div class=\"elementor-element elementor-element-27160f4 elementor-widget elementor-widget-image\" data-id=\"27160f4\" data-element_type=\"widget\" data-widget_type=\"image.default\">\n\t\t\t\t<div class=\"elementor-widget-container\">\n\t\t\t\t\t<div class=\"elementor-image\">\n\t\t\t\t\t\t\t\t\t\t<img loading=\"lazy\" decoding=\"async\" width=\"1812\" height=\"604\" src=\"https:\/\/www.vetinnovate.com\/wp-content\/uploads\/2021\/02\/Ekran-Resmi-2021-02-01-22.07.08.png\" class=\"attachment-full size-full\" alt=\"\" srcset=\"https:\/\/www.vetinnovate.com\/wp-content\/uploads\/2021\/02\/Ekran-Resmi-2021-02-01-22.07.08.png 1812w, https:\/\/www.vetinnovate.com\/wp-content\/uploads\/2021\/02\/Ekran-Resmi-2021-02-01-22.07.08-300x100.png 300w, https:\/\/www.vetinnovate.com\/wp-content\/uploads\/2021\/02\/Ekran-Resmi-2021-02-01-22.07.08-1024x341.png 1024w, https:\/\/www.vetinnovate.com\/wp-content\/uploads\/2021\/02\/Ekran-Resmi-2021-02-01-22.07.08-768x256.png 768w, https:\/\/www.vetinnovate.com\/wp-content\/uploads\/2021\/02\/Ekran-Resmi-2021-02-01-22.07.08-1536x512.png 1536w\" sizes=\"auto, (max-width: 1812px) 100vw, 1812px\" \/>\t\t\t\t\t\t\t\t\t\t\t<\/div>\n\t\t\t\t<\/div>\n\t\t\t\t<\/div>\n\t\t\t\t\t\t<\/div>\n\t\t\t\t\t<\/div>\n\t\t<\/div>\n\t\t\t\t\t\t\t\t<\/div>\n\t\t\t\t\t<\/div>\n\t\t<\/section>\n\t\t\t\t<section class=\"elementor-section elementor-top-section elementor-element elementor-element-8a2daba elementor-section-boxed elementor-section-height-default elementor-section-height-default\" data-id=\"8a2daba\" data-element_type=\"section\" data-settings=\"{&quot;background_background&quot;:&quot;classic&quot;}\">\n\t\t\t\t\t\t<div class=\"elementor-container elementor-column-gap-no\">\n\t\t\t\t\t\t\t<div class=\"elementor-row\">\n\t\t\t\t\t<div class=\"elementor-column elementor-col-100 elementor-top-column elementor-element elementor-element-6702dfb\" data-id=\"6702dfb\" data-element_type=\"column\">\n\t\t\t<div class=\"elementor-column-wrap elementor-element-populated\">\n\t\t\t\t\t\t\t<div class=\"elementor-widget-wrap\">\n\t\t\t\t\t\t<section class=\"elementor-section elementor-inner-section elementor-element elementor-element-9536bd5 elementor-section-boxed elementor-section-height-default elementor-section-height-default\" data-id=\"9536bd5\" data-element_type=\"section\">\n\t\t\t\t\t\t<div class=\"elementor-container elementor-column-gap-default\">\n\t\t\t\t\t\t\t<div class=\"elementor-row\">\n\t\t\t\t\t<div class=\"elementor-column elementor-col-50 elementor-inner-column elementor-element elementor-element-c336868\" data-id=\"c336868\" data-element_type=\"column\">\n\t\t\t<div class=\"elementor-column-wrap elementor-element-populated\">\n\t\t\t\t\t\t\t<div class=\"elementor-widget-wrap\">\n\t\t\t\t\t\t<div class=\"elementor-element elementor-element-e9904e7 elementor-widget elementor-widget-text-editor\" data-id=\"e9904e7\" data-element_type=\"widget\" data-widget_type=\"text-editor.default\">\n\t\t\t\t<div class=\"elementor-widget-container\">\n\t\t\t\t\t<div class=\"elementor-text-editor elementor-clearfix\"><p><strong>\u00a0 \u00a0 \u00a0 \u00a0\u00a0<\/strong><\/p><p><span style=\"text-decoration: underline;\"><strong>Biyolojik ve Terapik Etkiler<\/strong><\/span><\/p><ul><li>A\u011fr\u0131 Kesici Etki<\/li><li>Yang\u0131 Giderici Etki<\/li><li>Damarsal fonksiyonlar\u0131n d\u00fczenlenmesi (\u00f6dem ve hematom)<\/li><li>Onar\u0131c\u0131 ve yenileme aksiyonlar\u0131<\/li><\/ul><div>\u00a0<\/div><\/div>\n\t\t\t\t<\/div>\n\t\t\t\t<\/div>\n\t\t\t\t\t\t<\/div>\n\t\t\t\t\t<\/div>\n\t\t<\/div>\n\t\t\t\t<div class=\"elementor-column elementor-col-50 elementor-inner-column elementor-element elementor-element-119119c\" data-id=\"119119c\" data-element_type=\"column\">\n\t\t\t<div class=\"elementor-column-wrap elementor-element-populated\">\n\t\t\t\t\t\t\t<div class=\"elementor-widget-wrap\">\n\t\t\t\t\t\t<div class=\"elementor-element elementor-element-9d5c960 elementor-widget elementor-widget-text-editor\" data-id=\"9d5c960\" data-element_type=\"widget\" data-widget_type=\"text-editor.default\">\n\t\t\t\t<div class=\"elementor-widget-container\">\n\t\t\t\t\t<div class=\"elementor-text-editor elementor-clearfix\"><ul><li><span style=\"font-size: 16px;\">Photon g\u00f6nderimi sa\u011flanan b\u00f6lge, M-Vet veteriner lazer cihaz\u0131n\u0131n patentli yap\u0131s\u0131 MLS ile \u00f6zel bir dalga boyu ile dokuya ula\u015ft\u0131\u011f\u0131ndan,\u00a0 do\u011frudan deri alt\u0131na inebilir. H\u00fccre yenilenmesi, kan ak\u0131\u015f\u0131n\u0131n h\u0131zlanmas\u0131 ve enzim aktivasyonunu sa\u011flamas\u0131 ile iyile\u015fmeyi olduk\u00e7a h\u0131zland\u0131r\u0131r.<\/span><\/li><li><span style=\"font-size: 16px; font-style: normal; font-weight: 400;\">M-VET veteriner lazer cihaz\u0131n\u0131n rakipsiz olmas\u0131n\u0131 sa\u011flayan \u00f6zellikleri g\u00fc\u00e7l\u00fc, g\u00fcvenli ve homojen olarak t\u00fcm b\u00f6lgeye tedavi uygulayabilmesidir.<\/span><\/li><\/ul><\/div>\n\t\t\t\t<\/div>\n\t\t\t\t<\/div>\n\t\t\t\t\t\t<\/div>\n\t\t\t\t\t<\/div>\n\t\t<\/div>\n\t\t\t\t\t\t\t\t<\/div>\n\t\t\t\t\t<\/div>\n\t\t<\/section>\n\t\t\t\t\t\t<\/div>\n\t\t\t\t\t<\/div>\n\t\t<\/div>\n\t\t\t\t\t\t\t\t<\/div>\n\t\t\t\t\t<\/div>\n\t\t<\/section>\n\t\t\t\t<section class=\"elementor-section elementor-top-section elementor-element elementor-element-03b3582 elementor-section-boxed elementor-section-height-default elementor-section-height-default\" data-id=\"03b3582\" data-element_type=\"section\" data-settings=\"{&quot;background_background&quot;:&quot;classic&quot;}\">\n\t\t\t\t\t\t<div class=\"elementor-container elementor-column-gap-no\">\n\t\t\t\t\t\t\t<div class=\"elementor-row\">\n\t\t\t\t\t<div class=\"elementor-column elementor-col-20 elementor-top-column elementor-element elementor-element-f8e4dcc\" data-id=\"f8e4dcc\" data-element_type=\"column\">\n\t\t\t<div class=\"elementor-column-wrap\">\n\t\t\t\t\t\t\t<div class=\"elementor-widget-wrap\">\n\t\t\t\t\t\t\t\t<\/div>\n\t\t\t\t\t<\/div>\n\t\t<\/div>\n\t\t\t\t<div class=\"elementor-column elementor-col-20 elementor-top-column elementor-element elementor-element-75ef506\" data-id=\"75ef506\" data-element_type=\"column\">\n\t\t\t<div class=\"elementor-column-wrap elementor-element-populated\">\n\t\t\t\t\t\t\t<div class=\"elementor-widget-wrap\">\n\t\t\t\t\t\t<div class=\"elementor-element elementor-element-19fcf7a elementor-widget elementor-widget-image\" data-id=\"19fcf7a\" data-element_type=\"widget\" data-widget_type=\"image.default\">\n\t\t\t\t<div class=\"elementor-widget-container\">\n\t\t\t\t\t<div class=\"elementor-image\">\n\t\t\t\t\t\t\t\t\t\t<img loading=\"lazy\" decoding=\"async\" width=\"236\" height=\"368\" src=\"https:\/\/www.vetinnovate.com\/wp-content\/uploads\/2021\/09\/Ekran-Resmi-2021-09-09-17.48.15.png\" class=\"attachment-large size-large\" alt=\"\" srcset=\"https:\/\/www.vetinnovate.com\/wp-content\/uploads\/2021\/09\/Ekran-Resmi-2021-09-09-17.48.15.png 236w, https:\/\/www.vetinnovate.com\/wp-content\/uploads\/2021\/09\/Ekran-Resmi-2021-09-09-17.48.15-192x300.png 192w\" sizes=\"auto, (max-width: 236px) 100vw, 236px\" \/>\t\t\t\t\t\t\t\t\t\t\t<\/div>\n\t\t\t\t<\/div>\n\t\t\t\t<\/div>\n\t\t\t\t\t\t<\/div>\n\t\t\t\t\t<\/div>\n\t\t<\/div>\n\t\t\t\t<div class=\"elementor-column elementor-col-20 elementor-top-column elementor-element elementor-element-ab05118\" data-id=\"ab05118\" data-element_type=\"column\">\n\t\t\t<div class=\"elementor-column-wrap elementor-element-populated\">\n\t\t\t\t\t\t\t<div class=\"elementor-widget-wrap\">\n\t\t\t\t\t\t<div class=\"elementor-element elementor-element-e6745ea elementor-widget elementor-widget-image\" data-id=\"e6745ea\" data-element_type=\"widget\" data-widget_type=\"image.default\">\n\t\t\t\t<div class=\"elementor-widget-container\">\n\t\t\t\t\t<div class=\"elementor-image\">\n\t\t\t\t\t\t\t\t\t\t<img loading=\"lazy\" decoding=\"async\" width=\"236\" height=\"368\" src=\"https:\/\/www.vetinnovate.com\/wp-content\/uploads\/2021\/09\/Ekran-Resmi-2021-09-09-17.48.00.png\" class=\"attachment-large size-large\" alt=\"\" srcset=\"https:\/\/www.vetinnovate.com\/wp-content\/uploads\/2021\/09\/Ekran-Resmi-2021-09-09-17.48.00.png 236w, https:\/\/www.vetinnovate.com\/wp-content\/uploads\/2021\/09\/Ekran-Resmi-2021-09-09-17.48.00-192x300.png 192w\" sizes=\"auto, (max-width: 236px) 100vw, 236px\" \/>\t\t\t\t\t\t\t\t\t\t\t<\/div>\n\t\t\t\t<\/div>\n\t\t\t\t<\/div>\n\t\t\t\t\t\t<\/div>\n\t\t\t\t\t<\/div>\n\t\t<\/div>\n\t\t\t\t<div class=\"elementor-column elementor-col-20 elementor-top-column elementor-element elementor-element-7b50aa6\" data-id=\"7b50aa6\" data-element_type=\"column\">\n\t\t\t<div class=\"elementor-column-wrap elementor-element-populated\">\n\t\t\t\t\t\t\t<div class=\"elementor-widget-wrap\">\n\t\t\t\t\t\t<div class=\"elementor-element elementor-element-2d851f6 elementor-widget elementor-widget-image\" data-id=\"2d851f6\" data-element_type=\"widget\" data-widget_type=\"image.default\">\n\t\t\t\t<div class=\"elementor-widget-container\">\n\t\t\t\t\t<div class=\"elementor-image\">\n\t\t\t\t\t\t\t\t\t\t<img loading=\"lazy\" decoding=\"async\" width=\"236\" height=\"368\" src=\"https:\/\/www.vetinnovate.com\/wp-content\/uploads\/2021\/09\/Ekran-Resmi-2021-09-09-17.47.54.png\" class=\"attachment-large size-large\" alt=\"\" srcset=\"https:\/\/www.vetinnovate.com\/wp-content\/uploads\/2021\/09\/Ekran-Resmi-2021-09-09-17.47.54.png 236w, https:\/\/www.vetinnovate.com\/wp-content\/uploads\/2021\/09\/Ekran-Resmi-2021-09-09-17.47.54-192x300.png 192w\" sizes=\"auto, (max-width: 236px) 100vw, 236px\" \/>\t\t\t\t\t\t\t\t\t\t\t<\/div>\n\t\t\t\t<\/div>\n\t\t\t\t<\/div>\n\t\t\t\t\t\t<\/div>\n\t\t\t\t\t<\/div>\n\t\t<\/div>\n\t\t\t\t<div class=\"elementor-column elementor-col-20 elementor-top-column elementor-element elementor-element-7226004\" data-id=\"7226004\" data-element_type=\"column\">\n\t\t\t<div class=\"elementor-column-wrap elementor-element-populated\">\n\t\t\t\t\t\t\t<div class=\"elementor-widget-wrap\">\n\t\t\t\t\t\t<div class=\"elementor-element elementor-element-19baf28 elementor-widget elementor-widget-image\" data-id=\"19baf28\" data-element_type=\"widget\" data-widget_type=\"image.default\">\n\t\t\t\t<div class=\"elementor-widget-container\">\n\t\t\t\t\t<div class=\"elementor-image\">\n\t\t\t\t\t\t\t\t\t\t<img loading=\"lazy\" decoding=\"async\" width=\"236\" height=\"368\" src=\"https:\/\/www.vetinnovate.com\/wp-content\/uploads\/2021\/09\/Ekran-Resmi-2021-09-09-17.47.42.png\" class=\"attachment-large size-large\" alt=\"\" srcset=\"https:\/\/www.vetinnovate.com\/wp-content\/uploads\/2021\/09\/Ekran-Resmi-2021-09-09-17.47.42.png 236w, https:\/\/www.vetinnovate.com\/wp-content\/uploads\/2021\/09\/Ekran-Resmi-2021-09-09-17.47.42-192x300.png 192w\" sizes=\"auto, (max-width: 236px) 100vw, 236px\" \/>\t\t\t\t\t\t\t\t\t\t\t<\/div>\n\t\t\t\t<\/div>\n\t\t\t\t<\/div>\n\t\t\t\t\t\t<\/div>\n\t\t\t\t\t<\/div>\n\t\t<\/div>\n\t\t\t\t\t\t\t\t<\/div>\n\t\t\t\t\t<\/div>\n\t\t<\/section>\n\t\t\t\t<section class=\"elementor-section elementor-top-section elementor-element elementor-element-4f4898d elementor-section-boxed elementor-section-height-default elementor-section-height-default\" data-id=\"4f4898d\" data-element_type=\"section\" data-settings=\"{&quot;background_background&quot;:&quot;classic&quot;}\">\n\t\t\t\t\t\t<div class=\"elementor-container elementor-column-gap-no\">\n\t\t\t\t\t\t\t<div class=\"elementor-row\">\n\t\t\t\t\t<div class=\"elementor-column elementor-col-50 elementor-top-column elementor-element elementor-element-d49a3eb\" data-id=\"d49a3eb\" data-element_type=\"column\">\n\t\t\t<div class=\"elementor-column-wrap elementor-element-populated\">\n\t\t\t\t\t\t\t<div class=\"elementor-widget-wrap\">\n\t\t\t\t\t\t<div class=\"elementor-element elementor-element-5317c39 elementor-widget elementor-widget-text-editor\" data-id=\"5317c39\" data-element_type=\"widget\" data-widget_type=\"text-editor.default\">\n\t\t\t\t<div class=\"elementor-widget-container\">\n\t\t\t\t\t<div class=\"elementor-text-editor elementor-clearfix\"><p><b>MLS M-VET \u00c7ALI\u015eMA \u015eEKL\u0130<\/b><\/p>\n<p>D\u00fcnyada ilk ve tek derinin 5 cm alt\u0131na homojen bir \u015fekilde ula\u015f\u0131r.<\/p>\n<p>MLS Patentiyle deride yanma\/yakma yapmaz.<\/p>\n<p>K\u0131sa s\u00fcreli seanslarla h\u0131zl\u0131 iyile\u015fme.<\/p><\/div>\n\t\t\t\t<\/div>\n\t\t\t\t<\/div>\n\t\t\t\t\t\t<\/div>\n\t\t\t\t\t<\/div>\n\t\t<\/div>\n\t\t\t\t<div class=\"elementor-column elementor-col-50 elementor-top-column elementor-element elementor-element-72353a2\" data-id=\"72353a2\" data-element_type=\"column\">\n\t\t\t<div class=\"elementor-column-wrap elementor-element-populated\">\n\t\t\t\t\t\t\t<div class=\"elementor-widget-wrap\">\n\t\t\t\t\t\t<div class=\"elementor-element elementor-element-961b04e elementor-widget elementor-widget-text-editor\" data-id=\"961b04e\" data-element_type=\"widget\" data-widget_type=\"text-editor.default\">\n\t\t\t\t<div class=\"elementor-widget-container\">\n\t\t\t\t\t<div class=\"elementor-text-editor elementor-clearfix\"><p><b>GELENEKSEL LAZER<\/b><\/p>\n<p><span style=\"font-weight: 400;\">Homojen olmayan uygulama. \u0130stenen dokuya ula\u015fmak zor..<\/span><\/p>\n<p><span style=\"font-weight: 400;\">Kontrols\u00fcz g\u00fc\u00e7 ile deride yanma yakma yapar.&nbsp;<\/span><\/p><p>Uzun tedaviler.. \u0130stenen hedef iyile\u015fme uzak.<\/p><\/div>\n\t\t\t\t<\/div>\n\t\t\t\t<\/div>\n\t\t\t\t\t\t<\/div>\n\t\t\t\t\t<\/div>\n\t\t<\/div>\n\t\t\t\t\t\t\t\t<\/div>\n\t\t\t\t\t<\/div>\n\t\t<\/section>\n\t\t\t\t\t\t<\/div>\n\t\t\t\t\t\t<\/div>\n\t\t\t\t\t<\/div>\n\t\t","protected":false},"excerpt":{"rendered":"<p>mLS Lazer Terapi Nedir? \u00a0 \u00a0 \u00a0 \u00a0\u00a0 Biyolojik ve Terapik Etkiler A\u011fr\u0131 Kesici Etki Yang\u0131 Giderici Etki Damarsal fonksiyonlar\u0131n d\u00fczenlenmesi (\u00f6dem ve hematom) Onar\u0131c\u0131 ve yenileme aksiyonlar\u0131 \u00a0 Photon g\u00f6nderimi sa\u011flanan b\u00f6lge, M-Vet veteriner lazer cihaz\u0131n\u0131n patentli yap\u0131s\u0131 MLS ile \u00f6zel bir dalga boyu ile dokuya ula\u015ft\u0131\u011f\u0131ndan,\u00a0 do\u011frudan deri alt\u0131na inebilir. H\u00fccre yenilenmesi, kan [&hellip;]<\/p>\n","protected":false},"author":1,"featured_media":0,"parent":0,"menu_order":0,"comment_status":"closed","ping_status":"closed","template":"","meta":{"site-sidebar-layout":"no-sidebar","site-content-layout":"page-builder","ast-site-content-layout":"","site-content-style":"default","site-sidebar-style":"default","ast-global-header-display":"","ast-banner-title-visibility":"","ast-main-header-display":"","ast-hfb-above-header-display":"","ast-hfb-below-header-display":"","ast-hfb-mobile-header-display":"","site-post-title":"disabled","ast-breadcrumbs-content":"","ast-featured-img":"disabled","footer-sml-layout":"","theme-transparent-header-meta":"enabled","adv-header-id-meta":"","stick-header-meta":"","header-above-stick-meta":"","header-main-stick-meta":"","header-below-stick-meta":"","astra-migrate-meta-layouts":"default","ast-page-background-enabled":"default","ast-page-background-meta":{"desktop":{"background-color":"var(--ast-global-color-4)","background-image":"","background-repeat":"repeat","background-position":"center center","background-size":"auto","background-attachment":"scroll","background-type":"","background-media":"","overlay-type":"","overlay-color":"","overlay-opacity":"","overlay-gradient":""},"tablet":{"background-color":"","background-image":"","background-repeat":"repeat","background-position":"center center","background-size":"auto","background-attachment":"scroll","background-type":"","background-media":"","overlay-type":"","overlay-color":"","overlay-opacity":"","overlay-gradient":""},"mobile":{"background-color":"","background-image":"","background-repeat":"repeat","background-position":"center center","background-size":"auto","background-attachment":"scroll","background-type":"","background-media":"","overlay-type":"","overlay-color":"","overlay-opacity":"","overlay-gradient":""}},"ast-content-background-meta":{"desktop":{"background-color":"var(--ast-global-color-5)","background-image":"","background-repeat":"repeat","background-position":"center center","background-size":"auto","background-attachment":"scroll","background-type":"","background-media":"","overlay-type":"","overlay-color":"","overlay-opacity":"","overlay-gradient":""},"tablet":{"background-color":"var(--ast-global-color-5)","background-image":"","background-repeat":"repeat","background-position":"center center","background-size":"auto","background-attachment":"scroll","background-type":"","background-media":"","overlay-type":"","overlay-color":"","overlay-opacity":"","overlay-gradient":""},"mobile":{"background-color":"var(--ast-global-color-5)","background-image":"","background-repeat":"repeat","background-position":"center center","background-size":"auto","background-attachment":"scroll","background-type":"","background-media":"","overlay-type":"","overlay-color":"","overlay-opacity":"","overlay-gradient":""}},"footnotes":""},"class_list":["post-7598","page","type-page","status-publish","hentry"],"_links":{"self":[{"href":"https:\/\/www.vetinnovate.com\/index.php\/wp-json\/wp\/v2\/pages\/7598","targetHints":{"allow":["GET"]}}],"collection":[{"href":"https:\/\/www.vetinnovate.com\/index.php\/wp-json\/wp\/v2\/pages"}],"about":[{"href":"https:\/\/www.vetinnovate.com\/index.php\/wp-json\/wp\/v2\/types\/page"}],"author":[{"embeddable":true,"href":"https:\/\/www.vetinnovate.com\/index.php\/wp-json\/wp\/v2\/users\/1"}],"replies":[{"embeddable":true,"href":"https:\/\/www.vetinnovate.com\/index.php\/wp-json\/wp\/v2\/comments?post=7598"}],"version-history":[{"count":43,"href":"https:\/\/www.vetinnovate.com\/index.php\/wp-json\/wp\/v2\/pages\/7598\/revisions"}],"predecessor-version":[{"id":8322,"href":"https:\/\/www.vetinnovate.com\/index.php\/wp-json\/wp\/v2\/pages\/7598\/revisions\/8322"}],"wp:attachment":[{"href":"https:\/\/www.vetinnovate.com\/index.php\/wp-json\/wp\/v2\/media?parent=7598"}],"curies":[{"name":"wp","href":"https:\/\/api.w.org\/{rel}","templated":true}]}}