{"id":279,"date":"2021-02-01T20:15:52","date_gmt":"2021-02-01T20:15:52","guid":{"rendered":"http:\/\/www.vetinnovate.com\/?page_id=279"},"modified":"2026-03-22T15:20:10","modified_gmt":"2026-03-22T15:20:10","slug":"lazer-cihazlari","status":"publish","type":"page","link":"https:\/\/www.vetinnovate.com\/index.php\/lazer-cihazlari\/","title":{"rendered":"Lazer Cihazlar\u0131"},"content":{"rendered":"\t\t<div data-elementor-type=\"wp-page\" data-elementor-id=\"279\" class=\"elementor elementor-279\" data-elementor-settings=\"[]\">\n\t\t\t\t\t\t<div class=\"elementor-inner\">\n\t\t\t\t\t\t\t<div class=\"elementor-section-wrap\">\n\t\t\t\t\t\t\t<section class=\"elementor-section elementor-top-section elementor-element elementor-element-f8c9c98 elementor-section-boxed elementor-section-height-default elementor-section-height-default\" data-id=\"f8c9c98\" data-element_type=\"section\" data-settings=\"{&quot;background_background&quot;:&quot;classic&quot;}\">\n\t\t\t\t\t\t<div class=\"elementor-container elementor-column-gap-no\">\n\t\t\t\t\t\t\t<div class=\"elementor-row\">\n\t\t\t\t\t<div class=\"elementor-column elementor-col-100 elementor-top-column elementor-element elementor-element-574dbd3\" data-id=\"574dbd3\" data-element_type=\"column\">\n\t\t\t<div class=\"elementor-column-wrap elementor-element-populated\">\n\t\t\t\t\t\t\t<div class=\"elementor-widget-wrap\">\n\t\t\t\t\t\t<section class=\"elementor-section elementor-inner-section elementor-element elementor-element-3476a9e elementor-section-boxed elementor-section-height-default elementor-section-height-default\" data-id=\"3476a9e\" data-element_type=\"section\">\n\t\t\t\t\t\t<div class=\"elementor-container elementor-column-gap-default\">\n\t\t\t\t\t\t\t<div class=\"elementor-row\">\n\t\t\t\t\t<div class=\"elementor-column elementor-col-100 elementor-inner-column elementor-element elementor-element-22dcb0b\" data-id=\"22dcb0b\" data-element_type=\"column\">\n\t\t\t<div class=\"elementor-column-wrap elementor-element-populated\">\n\t\t\t\t\t\t\t<div class=\"elementor-widget-wrap\">\n\t\t\t\t\t\t<div class=\"elementor-element elementor-element-6942092 elementor-widget elementor-widget-image\" data-id=\"6942092\" data-element_type=\"widget\" data-widget_type=\"image.default\">\n\t\t\t\t<div class=\"elementor-widget-container\">\n\t\t\t\t\t<div class=\"elementor-image\">\n\t\t\t\t\t\t\t\t\t\t<img loading=\"lazy\" decoding=\"async\" width=\"1024\" height=\"683\" src=\"https:\/\/www.vetinnovate.com\/wp-content\/uploads\/2026\/03\/Veteriner-lazer-tedavisi-cihazi-1024x683.png\" class=\"attachment-large size-large\" alt=\"\" srcset=\"https:\/\/www.vetinnovate.com\/wp-content\/uploads\/2026\/03\/Veteriner-lazer-tedavisi-cihazi-1024x683.png 1024w, https:\/\/www.vetinnovate.com\/wp-content\/uploads\/2026\/03\/Veteriner-lazer-tedavisi-cihazi-300x200.png 300w, https:\/\/www.vetinnovate.com\/wp-content\/uploads\/2026\/03\/Veteriner-lazer-tedavisi-cihazi-768x512.png 768w, https:\/\/www.vetinnovate.com\/wp-content\/uploads\/2026\/03\/Veteriner-lazer-tedavisi-cihazi.png 1536w\" sizes=\"auto, (max-width: 1024px) 100vw, 1024px\" \/>\t\t\t\t\t\t\t\t\t\t\t<\/div>\n\t\t\t\t<\/div>\n\t\t\t\t<\/div>\n\t\t\t\t\t\t<\/div>\n\t\t\t\t\t<\/div>\n\t\t<\/div>\n\t\t\t\t\t\t\t\t<\/div>\n\t\t\t\t\t<\/div>\n\t\t<\/section>\n\t\t\t\t<div class=\"elementor-element elementor-element-8bfec72 elementor-widget-divider--view-line elementor-widget elementor-widget-divider\" data-id=\"8bfec72\" data-element_type=\"widget\" data-widget_type=\"divider.default\">\n\t\t\t\t<div class=\"elementor-widget-container\">\n\t\t\t\t\t<div class=\"elementor-divider\">\n\t\t\t<span class=\"elementor-divider-separator\">\n\t\t\t\t\t\t<\/span>\n\t\t<\/div>\n\t\t\t\t<\/div>\n\t\t\t\t<\/div>\n\t\t\t\t\t\t<\/div>\n\t\t\t\t\t<\/div>\n\t\t<\/div>\n\t\t\t\t\t\t\t\t<\/div>\n\t\t\t\t\t<\/div>\n\t\t<\/section>\n\t\t\t\t<section class=\"elementor-section elementor-top-section elementor-element elementor-element-4d77332 elementor-section-boxed elementor-section-height-default elementor-section-height-default\" data-id=\"4d77332\" data-element_type=\"section\">\n\t\t\t\t\t\t<div class=\"elementor-container elementor-column-gap-no\">\n\t\t\t\t\t\t\t<div class=\"elementor-row\">\n\t\t\t\t\t<div class=\"elementor-column elementor-col-33 elementor-top-column elementor-element elementor-element-4c7d5e2\" data-id=\"4c7d5e2\" data-element_type=\"column\" data-settings=\"{&quot;background_background&quot;:&quot;classic&quot;}\">\n\t\t\t<div class=\"elementor-column-wrap elementor-element-populated\">\n\t\t\t\t\t\t\t<div class=\"elementor-widget-wrap\">\n\t\t\t\t\t\t<div class=\"elementor-element elementor-element-7bec64c elementor-widget elementor-widget-image\" data-id=\"7bec64c\" data-element_type=\"widget\" data-widget_type=\"image.default\">\n\t\t\t\t<div class=\"elementor-widget-container\">\n\t\t\t\t\t<div class=\"elementor-image\">\n\t\t\t\t\t\t\t\t\t\t\t<a href=\"https:\/\/www.vetinnovate.com\/index.php\/m-vet\/\">\n\t\t\t\t\t\t\t<img loading=\"lazy\" decoding=\"async\" width=\"1024\" height=\"1536\" src=\"https:\/\/www.vetinnovate.com\/wp-content\/uploads\/2026\/03\/Dunyanin-en-guclu-veteriner-lazeri.png\" class=\"attachment-full size-full\" alt=\"\" srcset=\"https:\/\/www.vetinnovate.com\/wp-content\/uploads\/2026\/03\/Dunyanin-en-guclu-veteriner-lazeri.png 1024w, https:\/\/www.vetinnovate.com\/wp-content\/uploads\/2026\/03\/Dunyanin-en-guclu-veteriner-lazeri-200x300.png 200w, https:\/\/www.vetinnovate.com\/wp-content\/uploads\/2026\/03\/Dunyanin-en-guclu-veteriner-lazeri-683x1024.png 683w, https:\/\/www.vetinnovate.com\/wp-content\/uploads\/2026\/03\/Dunyanin-en-guclu-veteriner-lazeri-768x1152.png 768w\" sizes=\"auto, (max-width: 1024px) 100vw, 1024px\" \/>\t\t\t\t\t\t\t\t<\/a>\n\t\t\t\t\t\t\t\t\t\t\t<\/div>\n\t\t\t\t<\/div>\n\t\t\t\t<\/div>\n\t\t\t\t<div class=\"elementor-element elementor-element-416e823 elementor-widget elementor-widget-heading\" data-id=\"416e823\" data-element_type=\"widget\" data-widget_type=\"heading.default\">\n\t\t\t\t<div class=\"elementor-widget-container\">\n\t\t\t<h3 class=\"elementor-heading-title elementor-size-default\"><a href=\"https:\/\/www.vetinnovate.com\/index.php\/m-vet\/\">M-Vet Veteriner Lazer Cihaz\u0131 270W<\/a><\/h3>\t\t<\/div>\n\t\t\t\t<\/div>\n\t\t\t\t\t\t<\/div>\n\t\t\t\t\t<\/div>\n\t\t<\/div>\n\t\t\t\t<div class=\"elementor-column elementor-col-33 elementor-top-column elementor-element elementor-element-d778cc8\" data-id=\"d778cc8\" data-element_type=\"column\" data-settings=\"{&quot;background_background&quot;:&quot;classic&quot;}\">\n\t\t\t<div class=\"elementor-column-wrap elementor-element-populated\">\n\t\t\t\t\t\t\t<div class=\"elementor-widget-wrap\">\n\t\t\t\t\t\t<div class=\"elementor-element elementor-element-5c1393c elementor-widget elementor-widget-image\" data-id=\"5c1393c\" data-element_type=\"widget\" data-widget_type=\"image.default\">\n\t\t\t\t<div class=\"elementor-widget-container\">\n\t\t\t\t\t<div class=\"elementor-image\">\n\t\t\t\t\t\t\t\t\t\t\t<a href=\"https:\/\/www.vetinnovate.com\/index.php\/mphi-vet-orange\/\">\n\t\t\t\t\t\t\t<img loading=\"lazy\" decoding=\"async\" width=\"344\" height=\"258\" src=\"https:\/\/www.vetinnovate.com\/wp-content\/uploads\/2021\/02\/3asa.jpg\" class=\"attachment-full size-full\" alt=\"\" srcset=\"https:\/\/www.vetinnovate.com\/wp-content\/uploads\/2021\/02\/3asa.jpg 344w, https:\/\/www.vetinnovate.com\/wp-content\/uploads\/2021\/02\/3asa-300x225.jpg 300w\" sizes=\"auto, (max-width: 344px) 100vw, 344px\" \/>\t\t\t\t\t\t\t\t<\/a>\n\t\t\t\t\t\t\t\t\t\t\t<\/div>\n\t\t\t\t<\/div>\n\t\t\t\t<\/div>\n\t\t\t\t<div class=\"elementor-element elementor-element-a826cc4 elementor-widget__width-initial elementor-widget elementor-widget-heading\" data-id=\"a826cc4\" data-element_type=\"widget\" data-widget_type=\"heading.default\">\n\t\t\t\t<div class=\"elementor-widget-container\">\n\t\t\t<h3 class=\"elementor-heading-title elementor-size-default\"><a href=\"https:\/\/www.vetinnovate.com\/index.php\/mphi-vet-orange\/\">Mphi Vet Orange <span style=\"font-size: 1.5rem; font-style: normal; font-weight: 500; text-align: center;\">Veteriner Lazer Cihaz\u0131 75W<\/span><\/a><\/h3>\t\t<\/div>\n\t\t\t\t<\/div>\n\t\t\t\t\t\t<\/div>\n\t\t\t\t\t<\/div>\n\t\t<\/div>\n\t\t\t\t<div class=\"elementor-column elementor-col-33 elementor-top-column elementor-element elementor-element-2483b6c\" data-id=\"2483b6c\" data-element_type=\"column\" data-settings=\"{&quot;background_background&quot;:&quot;classic&quot;}\">\n\t\t\t<div class=\"elementor-column-wrap elementor-element-populated\">\n\t\t\t\t\t\t\t<div class=\"elementor-widget-wrap\">\n\t\t\t\t\t\t<div class=\"elementor-element elementor-element-7e66653 elementor-widget elementor-widget-image\" data-id=\"7e66653\" data-element_type=\"widget\" data-widget_type=\"image.default\">\n\t\t\t\t<div class=\"elementor-widget-container\">\n\t\t\t\t\t<div class=\"elementor-image\">\n\t\t\t\t\t\t\t\t\t\t\t<a href=\"https:\/\/www.vetinnovate.com\/index.php\/mphi-vet-blue\/\">\n\t\t\t\t\t\t\t<img loading=\"lazy\" decoding=\"async\" width=\"496\" height=\"744\" src=\"https:\/\/www.vetinnovate.com\/wp-content\/uploads\/2021\/02\/asa1.jpg\" class=\"attachment-full size-full\" alt=\"\" srcset=\"https:\/\/www.vetinnovate.com\/wp-content\/uploads\/2021\/02\/asa1.jpg 496w, https:\/\/www.vetinnovate.com\/wp-content\/uploads\/2021\/02\/asa1-200x300.jpg 200w\" sizes=\"auto, (max-width: 496px) 100vw, 496px\" \/>\t\t\t\t\t\t\t\t<\/a>\n\t\t\t\t\t\t\t\t\t\t\t<\/div>\n\t\t\t\t<\/div>\n\t\t\t\t<\/div>\n\t\t\t\t<div class=\"elementor-element elementor-element-d7cf9fc elementor-widget__width-initial elementor-widget elementor-widget-heading\" data-id=\"d7cf9fc\" data-element_type=\"widget\" data-widget_type=\"heading.default\">\n\t\t\t\t<div class=\"elementor-widget-container\">\n\t\t\t<h3 class=\"elementor-heading-title elementor-size-default\"><a href=\"https:\/\/www.vetinnovate.com\/index.php\/mphi-vet-blue\/\">Mphi Vet Blue <span style=\"font-size: 1.5rem; font-style: normal; font-weight: 500; text-align: center;\">Veteriner Lazer Cihaz\u0131 25W<\/span><br><\/a><\/h3>\t\t<\/div>\n\t\t\t\t<\/div>\n\t\t\t\t\t\t<\/div>\n\t\t\t\t\t<\/div>\n\t\t<\/div>\n\t\t\t\t\t\t\t\t<\/div>\n\t\t\t\t\t<\/div>\n\t\t<\/section>\n\t\t\t\t<section class=\"elementor-section elementor-top-section elementor-element elementor-element-e70440e elementor-section-boxed elementor-section-height-default elementor-section-height-default\" data-id=\"e70440e\" data-element_type=\"section\">\n\t\t\t\t\t\t<div class=\"elementor-container elementor-column-gap-default\">\n\t\t\t\t\t\t\t<div class=\"elementor-row\">\n\t\t\t\t\t<div class=\"elementor-column elementor-col-50 elementor-top-column elementor-element elementor-element-bc5d356\" data-id=\"bc5d356\" data-element_type=\"column\">\n\t\t\t<div class=\"elementor-column-wrap elementor-element-populated\">\n\t\t\t\t\t\t\t<div class=\"elementor-widget-wrap\">\n\t\t\t\t\t\t<div class=\"elementor-element elementor-element-458385c elementor-widget elementor-widget-image\" data-id=\"458385c\" data-element_type=\"widget\" data-widget_type=\"image.default\">\n\t\t\t\t<div class=\"elementor-widget-container\">\n\t\t\t\t\t<div class=\"elementor-image\">\n\t\t\t\t\t\t\t<figure class=\"wp-caption\">\n\t\t\t\t\t\t\t\t\t\t\t<a href=\"https:\/\/www.vetinnovate.com\/index.php\/hangi-hastaliklarda\/\">\n\t\t\t\t\t\t\t<img loading=\"lazy\" decoding=\"async\" width=\"683\" height=\"1024\" src=\"https:\/\/www.vetinnovate.com\/wp-content\/uploads\/2026\/03\/Dunyanin-en-guclu-veteriner-lazeri-683x1024.png\" class=\"attachment-large size-large\" alt=\"\" srcset=\"https:\/\/www.vetinnovate.com\/wp-content\/uploads\/2026\/03\/Dunyanin-en-guclu-veteriner-lazeri-683x1024.png 683w, https:\/\/www.vetinnovate.com\/wp-content\/uploads\/2026\/03\/Dunyanin-en-guclu-veteriner-lazeri-200x300.png 200w, https:\/\/www.vetinnovate.com\/wp-content\/uploads\/2026\/03\/Dunyanin-en-guclu-veteriner-lazeri-768x1152.png 768w, https:\/\/www.vetinnovate.com\/wp-content\/uploads\/2026\/03\/Dunyanin-en-guclu-veteriner-lazeri.png 1024w\" sizes=\"auto, (max-width: 683px) 100vw, 683px\" \/>\t\t\t\t\t\t\t\t<\/a>\n\t\t\t\t\t\t\t\t\t\t\t<figcaption class=\"widget-image-caption wp-caption-text\">M-Vet Lazer Cihaz\u0131 Hangi Hastal\u0131klarda Kullan\u0131l\u0131r?<\/figcaption>\n\t\t\t\t\t\t\t\t\t\t<\/figure>\n\t\t\t\t\t<\/div>\n\t\t\t\t<\/div>\n\t\t\t\t<\/div>\n\t\t\t\t\t\t<\/div>\n\t\t\t\t\t<\/div>\n\t\t<\/div>\n\t\t\t\t<div class=\"elementor-column elementor-col-50 elementor-top-column elementor-element elementor-element-b745b9d\" data-id=\"b745b9d\" data-element_type=\"column\">\n\t\t\t<div class=\"elementor-column-wrap elementor-element-populated\">\n\t\t\t\t\t\t\t<div class=\"elementor-widget-wrap\">\n\t\t\t\t\t\t<div class=\"elementor-element elementor-element-5240eab elementor-widget elementor-widget-image\" data-id=\"5240eab\" data-element_type=\"widget\" data-widget_type=\"image.default\">\n\t\t\t\t<div class=\"elementor-widget-container\">\n\t\t\t\t\t<div class=\"elementor-image\">\n\t\t\t\t\t\t\t<figure class=\"wp-caption\">\n\t\t\t\t\t\t\t\t\t\t\t<a href=\"https:\/\/www.vetinnovate.com\/index.php\/lazer-therapy\/\">\n\t\t\t\t\t\t\t<img loading=\"lazy\" decoding=\"async\" width=\"728\" height=\"1024\" src=\"https:\/\/www.vetinnovate.com\/wp-content\/uploads\/2021\/11\/Ekran-Resmi-2021-11-15-21.45.39-728x1024.png\" class=\"attachment-large size-large\" alt=\"\" srcset=\"https:\/\/www.vetinnovate.com\/wp-content\/uploads\/2021\/11\/Ekran-Resmi-2021-11-15-21.45.39-728x1024.png 728w, https:\/\/www.vetinnovate.com\/wp-content\/uploads\/2021\/11\/Ekran-Resmi-2021-11-15-21.45.39-213x300.png 213w, https:\/\/www.vetinnovate.com\/wp-content\/uploads\/2021\/11\/Ekran-Resmi-2021-11-15-21.45.39.png 744w\" sizes=\"auto, (max-width: 728px) 100vw, 728px\" \/>\t\t\t\t\t\t\t\t<\/a>\n\t\t\t\t\t\t\t\t\t\t\t<figcaption class=\"widget-image-caption wp-caption-text\">Lazer Terapi Nedir? M-Vet Veteriner Lazer Cihaz\u0131 Farklar\u0131<\/figcaption>\n\t\t\t\t\t\t\t\t\t\t<\/figure>\n\t\t\t\t\t<\/div>\n\t\t\t\t<\/div>\n\t\t\t\t<\/div>\n\t\t\t\t\t\t<\/div>\n\t\t\t\t\t<\/div>\n\t\t<\/div>\n\t\t\t\t\t\t\t\t<\/div>\n\t\t\t\t\t<\/div>\n\t\t<\/section>\n\t\t\t\t\t\t<\/div>\n\t\t\t\t\t\t<\/div>\n\t\t\t\t\t<\/div>\n\t\t","protected":false},"excerpt":{"rendered":"<p>M-Vet Veteriner Lazer Cihaz\u0131 270W Mphi Vet Orange Veteriner Lazer Cihaz\u0131 75W Mphi Vet Blue Veteriner Lazer Cihaz\u0131 25W M-Vet Lazer Cihaz\u0131 Hangi Hastal\u0131klarda Kullan\u0131l\u0131r? Lazer Terapi Nedir? M-Vet Veteriner Lazer Cihaz\u0131 Farklar\u0131<\/p>\n","protected":false},"author":1,"featured_media":0,"parent":0,"menu_order":0,"comment_status":"closed","ping_status":"closed","template":"","meta":{"site-sidebar-layout":"no-sidebar","site-content-layout":"page-builder","ast-site-content-layout":"","site-content-style":"default","site-sidebar-style":"default","ast-global-header-display":"","ast-banner-title-visibility":"","ast-main-header-display":"","ast-hfb-above-header-display":"","ast-hfb-below-header-display":"","ast-hfb-mobile-header-display":"","site-post-title":"disabled","ast-breadcrumbs-content":"","ast-featured-img":"disabled","footer-sml-layout":"","theme-transparent-header-meta":"enabled","adv-header-id-meta":"","stick-header-meta":"","header-above-stick-meta":"","header-main-stick-meta":"","header-below-stick-meta":"","astra-migrate-meta-layouts":"default","ast-page-background-enabled":"default","ast-page-background-meta":{"desktop":{"background-color":"var(--ast-global-color-4)","background-image":"","background-repeat":"repeat","background-position":"center center","background-size":"auto","background-attachment":"scroll","background-type":"","background-media":"","overlay-type":"","overlay-color":"","overlay-opacity":"","overlay-gradient":""},"tablet":{"background-color":"","background-image":"","background-repeat":"repeat","background-position":"center center","background-size":"auto","background-attachment":"scroll","background-type":"","background-media":"","overlay-type":"","overlay-color":"","overlay-opacity":"","overlay-gradient":""},"mobile":{"background-color":"","background-image":"","background-repeat":"repeat","background-position":"center center","background-size":"auto","background-attachment":"scroll","background-type":"","background-media":"","overlay-type":"","overlay-color":"","overlay-opacity":"","overlay-gradient":""}},"ast-content-background-meta":{"desktop":{"background-color":"var(--ast-global-color-5)","background-image":"","background-repeat":"repeat","background-position":"center center","background-size":"auto","background-attachment":"scroll","background-type":"","background-media":"","overlay-type":"","overlay-color":"","overlay-opacity":"","overlay-gradient":""},"tablet":{"background-color":"var(--ast-global-color-5)","background-image":"","background-repeat":"repeat","background-position":"center center","background-size":"auto","background-attachment":"scroll","background-type":"","background-media":"","overlay-type":"","overlay-color":"","overlay-opacity":"","overlay-gradient":""},"mobile":{"background-color":"var(--ast-global-color-5)","background-image":"","background-repeat":"repeat","background-position":"center center","background-size":"auto","background-attachment":"scroll","background-type":"","background-media":"","overlay-type":"","overlay-color":"","overlay-opacity":"","overlay-gradient":""}},"footnotes":""},"class_list":["post-279","page","type-page","status-publish","hentry"],"_links":{"self":[{"href":"https:\/\/www.vetinnovate.com\/index.php\/wp-json\/wp\/v2\/pages\/279","targetHints":{"allow":["GET"]}}],"collection":[{"href":"https:\/\/www.vetinnovate.com\/index.php\/wp-json\/wp\/v2\/pages"}],"about":[{"href":"https:\/\/www.vetinnovate.com\/index.php\/wp-json\/wp\/v2\/types\/page"}],"author":[{"embeddable":true,"href":"https:\/\/www.vetinnovate.com\/index.php\/wp-json\/wp\/v2\/users\/1"}],"replies":[{"embeddable":true,"href":"https:\/\/www.vetinnovate.com\/index.php\/wp-json\/wp\/v2\/comments?post=279"}],"version-history":[{"count":57,"href":"https:\/\/www.vetinnovate.com\/index.php\/wp-json\/wp\/v2\/pages\/279\/revisions"}],"predecessor-version":[{"id":8905,"href":"https:\/\/www.vetinnovate.com\/index.php\/wp-json\/wp\/v2\/pages\/279\/revisions\/8905"}],"wp:attachment":[{"href":"https:\/\/www.vetinnovate.com\/index.php\/wp-json\/wp\/v2\/media?parent=279"}],"curies":[{"name":"wp","href":"https:\/\/api.w.org\/{rel}","templated":true}]}}