{"id":266,"date":"2021-02-01T19:58:33","date_gmt":"2021-02-01T19:58:33","guid":{"rendered":"http:\/\/www.vetinnovate.com\/?page_id=266"},"modified":"2025-03-21T21:26:40","modified_gmt":"2025-03-21T21:26:40","slug":"lazer-terapi-nedir","status":"publish","type":"page","link":"https:\/\/www.vetinnovate.com\/index.php\/lazer-terapi-nedir\/","title":{"rendered":"Lazer Terapi Nedir?"},"content":{"rendered":"\t\t<div data-elementor-type=\"wp-page\" data-elementor-id=\"266\" class=\"elementor elementor-266\" data-elementor-settings=\"[]\">\n\t\t\t\t\t\t<div class=\"elementor-inner\">\n\t\t\t\t\t\t\t<div class=\"elementor-section-wrap\">\n\t\t\t\t\t\t\t<section class=\"elementor-section elementor-top-section elementor-element elementor-element-f8c9c98 elementor-section-boxed elementor-section-height-default elementor-section-height-default\" data-id=\"f8c9c98\" data-element_type=\"section\" data-settings=\"{&quot;background_background&quot;:&quot;classic&quot;}\">\n\t\t\t\t\t\t<div class=\"elementor-container elementor-column-gap-no\">\n\t\t\t\t\t\t\t<div class=\"elementor-row\">\n\t\t\t\t\t<div class=\"elementor-column elementor-col-50 elementor-top-column elementor-element elementor-element-2e97257\" data-id=\"2e97257\" data-element_type=\"column\">\n\t\t\t<div class=\"elementor-column-wrap elementor-element-populated\">\n\t\t\t\t\t\t\t<div class=\"elementor-widget-wrap\">\n\t\t\t\t\t\t<div class=\"elementor-element elementor-element-102d4ca elementor-widget elementor-widget-spacer\" data-id=\"102d4ca\" data-element_type=\"widget\" data-widget_type=\"spacer.default\">\n\t\t\t\t<div class=\"elementor-widget-container\">\n\t\t\t\t\t<div class=\"elementor-spacer\">\n\t\t\t<div class=\"elementor-spacer-inner\"><\/div>\n\t\t<\/div>\n\t\t\t\t<\/div>\n\t\t\t\t<\/div>\n\t\t\t\t<div class=\"elementor-element elementor-element-27160f4 elementor-widget elementor-widget-image\" data-id=\"27160f4\" data-element_type=\"widget\" data-widget_type=\"image.default\">\n\t\t\t\t<div class=\"elementor-widget-container\">\n\t\t\t\t\t<div class=\"elementor-image\">\n\t\t\t\t\t\t\t\t\t\t<img loading=\"lazy\" decoding=\"async\" width=\"1812\" height=\"604\" src=\"https:\/\/www.vetinnovate.com\/wp-content\/uploads\/2021\/02\/Ekran-Resmi-2021-02-01-22.07.08.png\" class=\"attachment-full size-full\" alt=\"\" srcset=\"https:\/\/www.vetinnovate.com\/wp-content\/uploads\/2021\/02\/Ekran-Resmi-2021-02-01-22.07.08.png 1812w, https:\/\/www.vetinnovate.com\/wp-content\/uploads\/2021\/02\/Ekran-Resmi-2021-02-01-22.07.08-300x100.png 300w, https:\/\/www.vetinnovate.com\/wp-content\/uploads\/2021\/02\/Ekran-Resmi-2021-02-01-22.07.08-1024x341.png 1024w, https:\/\/www.vetinnovate.com\/wp-content\/uploads\/2021\/02\/Ekran-Resmi-2021-02-01-22.07.08-768x256.png 768w, https:\/\/www.vetinnovate.com\/wp-content\/uploads\/2021\/02\/Ekran-Resmi-2021-02-01-22.07.08-1536x512.png 1536w\" sizes=\"auto, (max-width: 1812px) 100vw, 1812px\" \/>\t\t\t\t\t\t\t\t\t\t\t<\/div>\n\t\t\t\t<\/div>\n\t\t\t\t<\/div>\n\t\t\t\t<div class=\"elementor-element elementor-element-3fa51d6 elementor-widget elementor-widget-text-editor\" data-id=\"3fa51d6\" data-element_type=\"widget\" data-widget_type=\"text-editor.default\">\n\t\t\t\t<div class=\"elementor-widget-container\">\n\t\t\t\t\t<div class=\"elementor-text-editor elementor-clearfix\"><p><b>Pulse ve ritmin uyumlu etkisi: sonu\u00e7lar bu uyumdan do\u011far<\/b><\/p><p>Genel ilke, Tek bir hedef i\u00e7in birlikte \u00e7al\u0131\u015fan birka\u00e7 g\u00fc\u00e7t\u00fcr. MLS\u00ae Lazer Terapisi bunu m\u00fckemmel bir \u015fekilde yorumlar: her biri belirli terap\u00f6tik etkilere sahip birka\u00e7 emisyon, sinerjik bir kar\u0131\u015f\u0131mda birlikte \u00e7al\u0131\u015f\u0131r. ASAlaser patentli geli\u015fmi\u015f bir kontrol sistemi olan Multiwave Kilitli Sistem, emisyonlar\u0131n senkronizasyonunu ve optimum i\u015fletim planlar\u0131na g\u00f6re mod\u00fclasyonunu sa\u011flar. Ortaya \u00e7\u0131kan terap\u00f6tik etki uyumludur ve bir\u00e7ok fayda sa\u011flar.<\/p><p><b>Avantajlar: tek terapi, bir\u00e7ok fayda<\/b><\/p><ul><li>G\u00fc\u00e7l\u00fc anti-enflamatuar etki<\/li><li>Kesik ve yaralarda h\u0131zl\u0131 iyile\u015fme<\/li><li>Kan dola\u015f\u0131m\u0131n\u0131n an\u0131nda iyile\u015fmesi<\/li><li>H\u0131zl\u0131 \u00f6dem azalmas\u0131<\/li><li>Hasarl\u0131 dokular\u0131n yap\u0131sal b\u00fct\u00fcnl\u00fc\u011f\u00fcn\u00fcn h\u0131zl\u0131 iyile\u015fmesi<\/li><li>A\u011fr\u0131n\u0131n K\u0131sa s\u00fcrede azalmas\u0131<\/li><li>K\u0131sa tedavi s\u00fcreleri<\/li><li>Ya\u015fam kalitesinin iyile\u015ftirilmesi (hayvan\u0131n ve sahibinin)<\/li><\/ul><p>Etkilenen dokunun metabolizmas\u0131 yeniden dengelenir. Onar\u0131c\u0131 s\u00fcre\u00e7leri te\u015fvik eden mekanizmalar etkinle\u015ftirilir ve h\u0131zl\u0131 iyile\u015fme te\u015fvik edilir. MLS\u00ae Lazer Terapisi bu nedenle \u00e7e\u015fitli \u015fikayetleri tedavi etmek i\u00e7in m\u00fckemmel bir \u00e7\u00f6z\u00fcmd\u00fcr ve \u00f6zellikle invaziv olmamas\u0131 ve \u00fcretti\u011fi h\u0131zl\u0131 yan\u0131t nedeniyle takdir edilmektedir.<\/p><p>Bu avantajlar, hayvan sahipleri i\u00e7inde k\u0131sa s\u00fcrede sonu\u00e7 g\u00f6rmeleri bak\u0131m\u0131ndan olduk\u00e7a tatmin edicidir.<\/p><\/div>\n\t\t\t\t<\/div>\n\t\t\t\t<\/div>\n\t\t\t\t\t\t<\/div>\n\t\t\t\t\t<\/div>\n\t\t<\/div>\n\t\t\t\t<div class=\"elementor-column elementor-col-50 elementor-top-column elementor-element elementor-element-574dbd3\" data-id=\"574dbd3\" data-element_type=\"column\">\n\t\t\t<div class=\"elementor-column-wrap elementor-element-populated\">\n\t\t\t\t\t\t\t<div class=\"elementor-widget-wrap\">\n\t\t\t\t\t\t<div class=\"elementor-element elementor-element-a7427fb elementor-widget elementor-widget-spacer\" data-id=\"a7427fb\" data-element_type=\"widget\" data-widget_type=\"spacer.default\">\n\t\t\t\t<div class=\"elementor-widget-container\">\n\t\t\t\t\t<div class=\"elementor-spacer\">\n\t\t\t<div class=\"elementor-spacer-inner\"><\/div>\n\t\t<\/div>\n\t\t\t\t<\/div>\n\t\t\t\t<\/div>\n\t\t\t\t<div class=\"elementor-element elementor-element-dd769d5 elementor-widget elementor-widget-heading\" data-id=\"dd769d5\" data-element_type=\"widget\" data-widget_type=\"heading.default\">\n\t\t\t\t<div class=\"elementor-widget-container\">\n\t\t\t<h2 class=\"elementor-heading-title elementor-size-default\">Lazer Terapi Nedir?<\/h2>\t\t<\/div>\n\t\t\t\t<\/div>\n\t\t\t\t<div class=\"elementor-element elementor-element-7b9c293 elementor-widget elementor-widget-text-editor\" data-id=\"7b9c293\" data-element_type=\"widget\" data-widget_type=\"text-editor.default\">\n\t\t\t\t<div class=\"elementor-widget-container\">\n\t\t\t\t\t<div class=\"elementor-text-editor elementor-clearfix\"><p><b>MLS\u00ae Lazer Terapisi<\/b><\/p><p>Hem ortopedi ve fizik tedavi hem de dermatoloji alan\u0131nda \u00e7ok geni\u015f \u00e7apl\u0131 hastal\u0131k tedavisinde kullan\u0131lan en yeni teknolojiye sahip i\u015flevsel terapi..<\/p><p>Kullan\u0131c\u0131 dostu.. Non \u2013 thermal, hi\u00e7bir \u015fekilde hastaya zarar vermemektedir.<\/p><p>Deri alt\u0131nda 5 cm derinli\u011fe inebilmektedir ve hi\u00e7bir lazer cihaz\u0131 bu derinliklere inememektedir.<\/p><p>Hastal\u0131\u011f\u0131 te\u015fhis edin, alan\u0131 belirleyin, y\u00f6ntemi se\u00e7in geri kalan\u0131 cihaz ayarlayacakt\u0131r.<\/p><p><b>MLS\u00ae impulse \u2013 Farkl\u0131 \u00e7al\u0131\u015fma prensibi, Y\u00fcksek Verim, Olduk\u00e7a G\u00fcvenli<\/b><\/p><p>\u0130talya ve ABD&#8217;de patentli MLS\u00ae impulse, dokular\u0131n derinliklerine ula\u015fabilen dalga boylar\u0131na g\u00f6re s\u00fcrekli ve titre\u015fimli, senkronize ve birle\u015fik emisyonlardan olu\u015fan karma\u015f\u0131k bir sistem taraf\u0131ndan \u00fcretilir. Emisyonlar\u0131n senkronizasyonu, her bir etkinin ayr\u0131 ayr\u0131 ula\u015f\u0131lmas\u0131n\u0131n aksine, sinerjide terap\u00f6tik etkileri g\u00fc\u00e7lendirir.<span class=\"Apple-converted-space\">\u00a0<\/span><\/p><p>Terap\u00f6tik etkilerin sinerjisi: anti-enflamatuar, anti-\u00f6demik ve analjezik etkiler.<\/p><p>Anti-enflamatuar ve anti-\u00f6demik etkiler, lenfatik ve k\u0131lcal damarlar\u0131n ge\u00e7irgenli\u011finin mod\u00fclasyonuna ve enflamasyonu tetikleyen molek\u00fcllerin ortadan kald\u0131r\u0131lmas\u0131na ba\u011fl\u0131d\u0131r. Dokulara artan oksijen ve besleyici madde ak\u0131\u015f\u0131 iyile\u015fme s\u00fcrecini h\u0131zland\u0131r\u0131r. Analjezik etki, a\u011fr\u0131 e\u015fi\u011finin y\u00fckseltilmesi ve nosiseptif sinir u\u00e7lar\u0131ndaki potansiyel aktivitenin bloke edilmesi yoluyla elde edilirken, \u0131s\u0131n\u0131n neden oldu\u011fu hiperemi, algojenik maddelerin drenaj\u0131n\u0131 destekler.<\/p><p>\u00a0<\/p><\/div>\n\t\t\t\t<\/div>\n\t\t\t\t<\/div>\n\t\t\t\t\t\t<\/div>\n\t\t\t\t\t<\/div>\n\t\t<\/div>\n\t\t\t\t\t\t\t\t<\/div>\n\t\t\t\t\t<\/div>\n\t\t<\/section>\n\t\t\t\t<section class=\"elementor-section elementor-top-section elementor-element elementor-element-1c2fc76 elementor-section-boxed elementor-section-height-default elementor-section-height-default\" data-id=\"1c2fc76\" data-element_type=\"section\">\n\t\t\t\t\t\t<div class=\"elementor-container elementor-column-gap-default\">\n\t\t\t\t\t\t\t<div class=\"elementor-row\">\n\t\t\t\t\t<div class=\"elementor-column elementor-col-100 elementor-top-column elementor-element elementor-element-31731d5\" data-id=\"31731d5\" data-element_type=\"column\">\n\t\t\t<div class=\"elementor-column-wrap elementor-element-populated\">\n\t\t\t\t\t\t\t<div class=\"elementor-widget-wrap\">\n\t\t\t\t\t\t<div class=\"elementor-element elementor-element-7027a7a elementor-widget elementor-widget-heading\" data-id=\"7027a7a\" data-element_type=\"widget\" data-widget_type=\"heading.default\">\n\t\t\t\t<div class=\"elementor-widget-container\">\n\t\t\t<h2 class=\"elementor-heading-title elementor-size-default\">S\u0131k\u00e7a sorulan sorular<\/h2>\t\t<\/div>\n\t\t\t\t<\/div>\n\t\t\t\t<div class=\"elementor-element elementor-element-9d20d1b elementor-widget elementor-widget-accordion\" data-id=\"9d20d1b\" data-element_type=\"widget\" data-widget_type=\"accordion.default\">\n\t\t\t\t<div class=\"elementor-widget-container\">\n\t\t\t\t\t<div class=\"elementor-accordion\" role=\"tablist\">\n\t\t\t\t\t\t\t<div class=\"elementor-accordion-item\">\n\t\t\t\t\t<div id=\"elementor-tab-title-1641\" class=\"elementor-tab-title\" data-tab=\"1\" role=\"tab\" aria-controls=\"elementor-tab-content-1641\">\n\t\t\t\t\t\t\t\t\t\t\t\t\t<span class=\"elementor-accordion-icon elementor-accordion-icon-left\" aria-hidden=\"true\">\n\t\t\t\t\t\t\t\t\t\t\t\t\t\t\t<span class=\"elementor-accordion-icon-closed\"><i class=\"fas fa-plus\"><\/i><\/span>\n\t\t\t\t\t\t\t\t<span class=\"elementor-accordion-icon-opened\"><i class=\"fas fa-minus\"><\/i><\/span>\n\t\t\t\t\t\t\t\t\t\t\t\t\t\t<\/span>\n\t\t\t\t\t\t\t\t\t\t\t\t<a class=\"elementor-accordion-title\" href=\"\"> MLS Lazer tedavisi hastaya zarar verebilir mi?<\/a>\n\t\t\t\t\t<\/div>\n\t\t\t\t\t<div id=\"elementor-tab-content-1641\" class=\"elementor-tab-content elementor-clearfix\" data-tab=\"1\" role=\"tabpanel\" aria-labelledby=\"elementor-tab-title-1641\"><p>MLS Lazer tamamen non-thermal bir cihazd\u0131r. Is\u0131 belirli noktaya kadar \u00e7\u0131kar ve sonra dengede tutulur yani hastaya zarar vermek m\u00fcmk\u00fcn de\u011fildir. Di\u011fer g\u00fc\u00e7l\u00fc lazerlerde g\u00fc\u00e7 kontrol alt\u0131na al\u0131nmad\u0131\u011f\u0131nda \u0131s\u0131 art\u0131\u015f\u0131 dolay\u0131s\u0131yla deride yanma olu\u015fabilir ama MLS Lazer de bu kesinlikle ya\u015fanmamaktad\u0131r, zaten seans s\u0131ras\u0131nda probun ucunda \u0131s\u0131 hissetmezsiniz.<\/p><\/div>\n\t\t\t\t<\/div>\n\t\t\t\t\t\t\t<div class=\"elementor-accordion-item\">\n\t\t\t\t\t<div id=\"elementor-tab-title-1642\" class=\"elementor-tab-title\" data-tab=\"2\" role=\"tab\" aria-controls=\"elementor-tab-content-1642\">\n\t\t\t\t\t\t\t\t\t\t\t\t\t<span class=\"elementor-accordion-icon elementor-accordion-icon-left\" aria-hidden=\"true\">\n\t\t\t\t\t\t\t\t\t\t\t\t\t\t\t<span class=\"elementor-accordion-icon-closed\"><i class=\"fas fa-plus\"><\/i><\/span>\n\t\t\t\t\t\t\t\t<span class=\"elementor-accordion-icon-opened\"><i class=\"fas fa-minus\"><\/i><\/span>\n\t\t\t\t\t\t\t\t\t\t\t\t\t\t<\/span>\n\t\t\t\t\t\t\t\t\t\t\t\t<a class=\"elementor-accordion-title\" href=\"\"> Genellikle ka\u00e7 tane MLS\u00ae Lazer Terapisi tedavisi gereklidir?<\/a>\n\t\t\t\t\t<\/div>\n\t\t\t\t\t<div id=\"elementor-tab-content-1642\" class=\"elementor-tab-content elementor-clearfix\" data-tab=\"2\" role=\"tabpanel\" aria-labelledby=\"elementor-tab-title-1642\"><p>Genel olarak, tedavi say\u0131s\u0131 2 ila 10 aras\u0131nda de\u011fi\u015fir. Se\u00e7im, hastan\u0131n klinik durumuna ve hastal\u0131\u011f\u0131n s\u00fcresi ve ciddiyetine ba\u011fl\u0131d\u0131r. Ortalama olarak, akut durumlar daha az tedavi gerektirirken, kronik olanlar daha fazla seans gerektirir. \u0130stisna olarak cilt yaralar\u0131 tamamen iyile\u015fene kadar tedavi edilmesi gerekir.<\/p><\/div>\n\t\t\t\t<\/div>\n\t\t\t\t\t\t\t<div class=\"elementor-accordion-item\">\n\t\t\t\t\t<div id=\"elementor-tab-title-1643\" class=\"elementor-tab-title\" data-tab=\"3\" role=\"tab\" aria-controls=\"elementor-tab-content-1643\">\n\t\t\t\t\t\t\t\t\t\t\t\t\t<span class=\"elementor-accordion-icon elementor-accordion-icon-left\" aria-hidden=\"true\">\n\t\t\t\t\t\t\t\t\t\t\t\t\t\t\t<span class=\"elementor-accordion-icon-closed\"><i class=\"fas fa-plus\"><\/i><\/span>\n\t\t\t\t\t\t\t\t<span class=\"elementor-accordion-icon-opened\"><i class=\"fas fa-minus\"><\/i><\/span>\n\t\t\t\t\t\t\t\t\t\t\t\t\t\t<\/span>\n\t\t\t\t\t\t\t\t\t\t\t\t<a class=\"elementor-accordion-title\" href=\"\"> MLS\u00ae Lazer Terapisi tedavileri ne s\u0131kl\u0131kla yap\u0131lmal\u0131d\u0131r?<\/a>\n\t\t\t\t\t<\/div>\n\t\t\t\t\t<div id=\"elementor-tab-content-1643\" class=\"elementor-tab-content elementor-clearfix\" data-tab=\"3\" role=\"tabpanel\" aria-labelledby=\"elementor-tab-title-1643\"><p>Deri yaralar\u0131nda g\u00fcnde bir kez MLS\u00ae Lazer Tedavisi yap\u0131lmas\u0131 \u00f6nerilirken, di\u011fer hastal\u0131k t\u00fcrlerinde (\u00f6rn. Osteoartrit, disk hastal\u0131\u011f\u0131, \u00f6dem vb.) Tedaviler g\u00fcn a\u015f\u0131r\u0131 veya \u00fc\u00e7 g\u00fcnde bir yap\u0131labilir, hastan\u0131n klinik ko\u015fullar\u0131na g\u00f6re.<\/p><\/div>\n\t\t\t\t<\/div>\n\t\t\t\t\t\t\t<div class=\"elementor-accordion-item\">\n\t\t\t\t\t<div id=\"elementor-tab-title-1644\" class=\"elementor-tab-title\" data-tab=\"4\" role=\"tab\" aria-controls=\"elementor-tab-content-1644\">\n\t\t\t\t\t\t\t\t\t\t\t\t\t<span class=\"elementor-accordion-icon elementor-accordion-icon-left\" aria-hidden=\"true\">\n\t\t\t\t\t\t\t\t\t\t\t\t\t\t\t<span class=\"elementor-accordion-icon-closed\"><i class=\"fas fa-plus\"><\/i><\/span>\n\t\t\t\t\t\t\t\t<span class=\"elementor-accordion-icon-opened\"><i class=\"fas fa-minus\"><\/i><\/span>\n\t\t\t\t\t\t\t\t\t\t\t\t\t\t<\/span>\n\t\t\t\t\t\t\t\t\t\t\t\t<a class=\"elementor-accordion-title\" href=\"\"> Her seans ne kadar s\u00fcr\u00fcyor?<\/a>\n\t\t\t\t\t<\/div>\n\t\t\t\t\t<div id=\"elementor-tab-content-1644\" class=\"elementor-tab-content elementor-clearfix\" data-tab=\"4\" role=\"tabpanel\" aria-labelledby=\"elementor-tab-title-1644\"><p>Her seans\u0131n s\u00fcresi tedavi alan\u0131n\u0131n b\u00fcy\u00fckl\u00fc\u011f\u00fcne ba\u011fl\u0131d\u0131r. Genel olarak, 50 cm2 (10 x 5 cm) bir alan i\u00e7in tedavi s\u00fcresi, se\u00e7ilen tedavi y\u00f6ntemine ba\u011fl\u0131 olarak 2,5 dakika ila 8 dakika aras\u0131nda de\u011fi\u015fir.<\/p><\/div>\n\t\t\t\t<\/div>\n\t\t\t\t\t\t\t<div class=\"elementor-accordion-item\">\n\t\t\t\t\t<div id=\"elementor-tab-title-1645\" class=\"elementor-tab-title\" data-tab=\"5\" role=\"tab\" aria-controls=\"elementor-tab-content-1645\">\n\t\t\t\t\t\t\t\t\t\t\t\t\t<span class=\"elementor-accordion-icon elementor-accordion-icon-left\" aria-hidden=\"true\">\n\t\t\t\t\t\t\t\t\t\t\t\t\t\t\t<span class=\"elementor-accordion-icon-closed\"><i class=\"fas fa-plus\"><\/i><\/span>\n\t\t\t\t\t\t\t\t<span class=\"elementor-accordion-icon-opened\"><i class=\"fas fa-minus\"><\/i><\/span>\n\t\t\t\t\t\t\t\t\t\t\t\t\t\t<\/span>\n\t\t\t\t\t\t\t\t\t\t\t\t<a class=\"elementor-accordion-title\" href=\"\"> MLS\u00ae Lazer Terapisini nas\u0131l ger\u00e7ekle\u015ftirirsiniz?<\/a>\n\t\t\t\t\t<\/div>\n\t\t\t\t\t<div id=\"elementor-tab-content-1645\" class=\"elementor-tab-content elementor-clearfix\" data-tab=\"5\" role=\"tabpanel\" aria-labelledby=\"elementor-tab-title-1645\"><p>MLS\u00ae Lazer Terapisi, sa\u011flam deri varl\u0131\u011f\u0131nda, tedavi s\u0131ras\u0131nda ciltle temas halinde tutulan ba\u015fl\u0131k ile ger\u00e7ekle\u015ftirilir. Deri yaralar\u0131n\u0131n varl\u0131\u011f\u0131nda, el aleti tedavi alan\u0131na m\u00fcmk\u00fcn oldu\u011funca yak\u0131n tutulmal\u0131, ancak yaraya dokunulmamal\u0131d\u0131r (0,5-1 cm mesafede)<\/p><\/div>\n\t\t\t\t<\/div>\n\t\t\t\t\t\t\t<div class=\"elementor-accordion-item\">\n\t\t\t\t\t<div id=\"elementor-tab-title-1646\" class=\"elementor-tab-title\" data-tab=\"6\" role=\"tab\" aria-controls=\"elementor-tab-content-1646\">\n\t\t\t\t\t\t\t\t\t\t\t\t\t<span class=\"elementor-accordion-icon elementor-accordion-icon-left\" aria-hidden=\"true\">\n\t\t\t\t\t\t\t\t\t\t\t\t\t\t\t<span class=\"elementor-accordion-icon-closed\"><i class=\"fas fa-plus\"><\/i><\/span>\n\t\t\t\t\t\t\t\t<span class=\"elementor-accordion-icon-opened\"><i class=\"fas fa-minus\"><\/i><\/span>\n\t\t\t\t\t\t\t\t\t\t\t\t\t\t<\/span>\n\t\t\t\t\t\t\t\t\t\t\t\t<a class=\"elementor-accordion-title\" href=\"\"> Osteosentez materyali varl\u0131\u011f\u0131nda MLS\u00ae Lazer Terapisi uygulamak m\u00fcmk\u00fcn m\u00fcd\u00fcr?<\/a>\n\t\t\t\t\t<\/div>\n\t\t\t\t\t<div id=\"elementor-tab-content-1646\" class=\"elementor-tab-content elementor-clearfix\" data-tab=\"6\" role=\"tabpanel\" aria-labelledby=\"elementor-tab-title-1646\"><p>Tedavi b\u00f6lgesinde osteosentez materyali varsa, lazer emisyonunu metal par\u00e7alara y\u00f6nlendirmeden \u00e7evredeki alan\u0131n tedavi edilmesi \u00f6nerilir.<\/p><\/div>\n\t\t\t\t<\/div>\n\t\t\t\t\t\t\t<div class=\"elementor-accordion-item\">\n\t\t\t\t\t<div id=\"elementor-tab-title-1647\" class=\"elementor-tab-title\" data-tab=\"7\" role=\"tab\" aria-controls=\"elementor-tab-content-1647\">\n\t\t\t\t\t\t\t\t\t\t\t\t\t<span class=\"elementor-accordion-icon elementor-accordion-icon-left\" aria-hidden=\"true\">\n\t\t\t\t\t\t\t\t\t\t\t\t\t\t\t<span class=\"elementor-accordion-icon-closed\"><i class=\"fas fa-plus\"><\/i><\/span>\n\t\t\t\t\t\t\t\t<span class=\"elementor-accordion-icon-opened\"><i class=\"fas fa-minus\"><\/i><\/span>\n\t\t\t\t\t\t\t\t\t\t\t\t\t\t<\/span>\n\t\t\t\t\t\t\t\t\t\t\t\t<a class=\"elementor-accordion-title\" href=\"\"> Tedavi s\u0131ras\u0131nda hasta rahats\u0131zl\u0131k hissediyor mu?<\/a>\n\t\t\t\t\t<\/div>\n\t\t\t\t\t<div id=\"elementor-tab-content-1647\" class=\"elementor-tab-content elementor-clearfix\" data-tab=\"7\" role=\"tabpanel\" aria-labelledby=\"elementor-tab-title-1647\"><p>Genellikle tedavi s\u0131ras\u0131nda hasta herhangi bir rahats\u0131zl\u0131k hissetmez ve tedavi ne invaziv ne de a\u011fr\u0131l\u0131d\u0131r.<\/p><\/div>\n\t\t\t\t<\/div>\n\t\t\t\t\t\t\t<div class=\"elementor-accordion-item\">\n\t\t\t\t\t<div id=\"elementor-tab-title-1648\" class=\"elementor-tab-title\" data-tab=\"8\" role=\"tab\" aria-controls=\"elementor-tab-content-1648\">\n\t\t\t\t\t\t\t\t\t\t\t\t\t<span class=\"elementor-accordion-icon elementor-accordion-icon-left\" aria-hidden=\"true\">\n\t\t\t\t\t\t\t\t\t\t\t\t\t\t\t<span class=\"elementor-accordion-icon-closed\"><i class=\"fas fa-plus\"><\/i><\/span>\n\t\t\t\t\t\t\t\t<span class=\"elementor-accordion-icon-opened\"><i class=\"fas fa-minus\"><\/i><\/span>\n\t\t\t\t\t\t\t\t\t\t\t\t\t\t<\/span>\n\t\t\t\t\t\t\t\t\t\t\t\t<a class=\"elementor-accordion-title\" href=\"\"> MLS\u00ae Lazer Terapisinin hasta \u00fczerindeki anl\u0131k etkileri nelerdir?<\/a>\n\t\t\t\t\t<\/div>\n\t\t\t\t\t<div id=\"elementor-tab-content-1648\" class=\"elementor-tab-content elementor-clearfix\" data-tab=\"8\" role=\"tabpanel\" aria-labelledby=\"elementor-tab-title-1648\"><p>An\u0131nda ortaya \u00e7\u0131kan etkiler, a\u011fr\u0131n\u0131n azalt\u0131lmas\u0131 ve bunun sonucunda hastan\u0131n ya\u015fam kalitesinde iyile\u015fmedir.<\/p><\/div>\n\t\t\t\t<\/div>\n\t\t\t\t\t\t\t<div class=\"elementor-accordion-item\">\n\t\t\t\t\t<div id=\"elementor-tab-title-1649\" class=\"elementor-tab-title\" data-tab=\"9\" role=\"tab\" aria-controls=\"elementor-tab-content-1649\">\n\t\t\t\t\t\t\t\t\t\t\t\t\t<span class=\"elementor-accordion-icon elementor-accordion-icon-left\" aria-hidden=\"true\">\n\t\t\t\t\t\t\t\t\t\t\t\t\t\t\t<span class=\"elementor-accordion-icon-closed\"><i class=\"fas fa-plus\"><\/i><\/span>\n\t\t\t\t\t\t\t\t<span class=\"elementor-accordion-icon-opened\"><i class=\"fas fa-minus\"><\/i><\/span>\n\t\t\t\t\t\t\t\t\t\t\t\t\t\t<\/span>\n\t\t\t\t\t\t\t\t\t\t\t\t<a class=\"elementor-accordion-title\" href=\"\"> MLS\u00ae Lazer Terapisi i\u00e7in herhangi bir kontrendikasyon var m\u0131?<\/a>\n\t\t\t\t\t<\/div>\n\t\t\t\t\t<div id=\"elementor-tab-content-1649\" class=\"elementor-tab-content elementor-clearfix\" data-tab=\"9\" role=\"tabpanel\" aria-labelledby=\"elementor-tab-title-1649\"><p>Evet. Direkt g\u00f6zle temas ettirilmemelidir. MLS\u00ae Lazer Terapisi, neoplastik doku veya \u015f\u00fcpheli neoplastik doku varl\u0131\u011f\u0131nda kontrendikedir yani \u015f\u00fcpheli t\u00fcm\u00f6r varl\u0131\u011f\u0131nda uygulanmamal\u0131d\u0131r. Aktif kanamas\u0131 olan hastalarda uygulanmamal\u0131d\u0131r. \u0130skemik dokunun tedavisi ve mantar enfeksiyonu olan hastalar\u0131n tedavisi \u00f6nerilmemektedir. Kemik b\u00fcy\u00fcme plakalar\u0131n\u0131n \u00fcst\u00fcndeki alanlara son derece dikkatli uygulay\u0131n.<\/p><\/div>\n\t\t\t\t<\/div>\n\t\t\t\t\t\t\t<div class=\"elementor-accordion-item\">\n\t\t\t\t\t<div id=\"elementor-tab-title-16410\" class=\"elementor-tab-title\" data-tab=\"10\" role=\"tab\" aria-controls=\"elementor-tab-content-16410\">\n\t\t\t\t\t\t\t\t\t\t\t\t\t<span class=\"elementor-accordion-icon elementor-accordion-icon-left\" aria-hidden=\"true\">\n\t\t\t\t\t\t\t\t\t\t\t\t\t\t\t<span class=\"elementor-accordion-icon-closed\"><i class=\"fas fa-plus\"><\/i><\/span>\n\t\t\t\t\t\t\t\t<span class=\"elementor-accordion-icon-opened\"><i class=\"fas fa-minus\"><\/i><\/span>\n\t\t\t\t\t\t\t\t\t\t\t\t\t\t<\/span>\n\t\t\t\t\t\t\t\t\t\t\t\t<a class=\"elementor-accordion-title\" href=\"\"> Tedavi bitiminin ard\u0131ndan kontrol ve koruma seanslar\u0131n\u0131 ne zaman yap\u0131yorsunuz?<\/a>\n\t\t\t\t\t<\/div>\n\t\t\t\t\t<div id=\"elementor-tab-content-16410\" class=\"elementor-tab-content elementor-clearfix\" data-tab=\"10\" role=\"tabpanel\" aria-labelledby=\"elementor-tab-title-16410\"><p>Koruma tedavileri ayda bir veya iki kez yap\u0131labilir.<\/p><\/div>\n\t\t\t\t<\/div>\n\t\t\t\t\t<\/div>\n\t\t\t\t<\/div>\n\t\t\t\t<\/div>\n\t\t\t\t\t\t<\/div>\n\t\t\t\t\t<\/div>\n\t\t<\/div>\n\t\t\t\t\t\t\t\t<\/div>\n\t\t\t\t\t<\/div>\n\t\t<\/section>\n\t\t\t\t\t\t<\/div>\n\t\t\t\t\t\t<\/div>\n\t\t\t\t\t<\/div>\n\t\t","protected":false},"excerpt":{"rendered":"<p>Pulse ve ritmin uyumlu etkisi: sonu\u00e7lar bu uyumdan do\u011far Genel ilke, Tek bir hedef i\u00e7in birlikte \u00e7al\u0131\u015fan birka\u00e7 g\u00fc\u00e7t\u00fcr. MLS\u00ae Lazer Terapisi bunu m\u00fckemmel bir \u015fekilde yorumlar: her biri belirli terap\u00f6tik etkilere sahip birka\u00e7 emisyon, sinerjik bir kar\u0131\u015f\u0131mda birlikte \u00e7al\u0131\u015f\u0131r. ASAlaser patentli geli\u015fmi\u015f bir kontrol sistemi olan Multiwave Kilitli Sistem, emisyonlar\u0131n senkronizasyonunu ve optimum i\u015fletim [&hellip;]<\/p>\n","protected":false},"author":1,"featured_media":0,"parent":0,"menu_order":0,"comment_status":"closed","ping_status":"closed","template":"","meta":{"site-sidebar-layout":"no-sidebar","site-content-layout":"page-builder","ast-site-content-layout":"","site-content-style":"default","site-sidebar-style":"default","ast-global-header-display":"","ast-banner-title-visibility":"","ast-main-header-display":"","ast-hfb-above-header-display":"","ast-hfb-below-header-display":"","ast-hfb-mobile-header-display":"","site-post-title":"disabled","ast-breadcrumbs-content":"","ast-featured-img":"disabled","footer-sml-layout":"","theme-transparent-header-meta":"enabled","adv-header-id-meta":"","stick-header-meta":"","header-above-stick-meta":"","header-main-stick-meta":"","header-below-stick-meta":"","astra-migrate-meta-layouts":"default","ast-page-background-enabled":"default","ast-page-background-meta":{"desktop":{"background-color":"var(--ast-global-color-4)","background-image":"","background-repeat":"repeat","background-position":"center center","background-size":"auto","background-attachment":"scroll","background-type":"","background-media":"","overlay-type":"","overlay-color":"","overlay-opacity":"","overlay-gradient":""},"tablet":{"background-color":"","background-image":"","background-repeat":"repeat","background-position":"center center","background-size":"auto","background-attachment":"scroll","background-type":"","background-media":"","overlay-type":"","overlay-color":"","overlay-opacity":"","overlay-gradient":""},"mobile":{"background-color":"","background-image":"","background-repeat":"repeat","background-position":"center center","background-size":"auto","background-attachment":"scroll","background-type":"","background-media":"","overlay-type":"","overlay-color":"","overlay-opacity":"","overlay-gradient":""}},"ast-content-background-meta":{"desktop":{"background-color":"var(--ast-global-color-5)","background-image":"","background-repeat":"repeat","background-position":"center center","background-size":"auto","background-attachment":"scroll","background-type":"","background-media":"","overlay-type":"","overlay-color":"","overlay-opacity":"","overlay-gradient":""},"tablet":{"background-color":"var(--ast-global-color-5)","background-image":"","background-repeat":"repeat","background-position":"center center","background-size":"auto","background-attachment":"scroll","background-type":"","background-media":"","overlay-type":"","overlay-color":"","overlay-opacity":"","overlay-gradient":""},"mobile":{"background-color":"var(--ast-global-color-5)","background-image":"","background-repeat":"repeat","background-position":"center center","background-size":"auto","background-attachment":"scroll","background-type":"","background-media":"","overlay-type":"","overlay-color":"","overlay-opacity":"","overlay-gradient":""}},"footnotes":""},"class_list":["post-266","page","type-page","status-publish","hentry"],"_links":{"self":[{"href":"https:\/\/www.vetinnovate.com\/index.php\/wp-json\/wp\/v2\/pages\/266","targetHints":{"allow":["GET"]}}],"collection":[{"href":"https:\/\/www.vetinnovate.com\/index.php\/wp-json\/wp\/v2\/pages"}],"about":[{"href":"https:\/\/www.vetinnovate.com\/index.php\/wp-json\/wp\/v2\/types\/page"}],"author":[{"embeddable":true,"href":"https:\/\/www.vetinnovate.com\/index.php\/wp-json\/wp\/v2\/users\/1"}],"replies":[{"embeddable":true,"href":"https:\/\/www.vetinnovate.com\/index.php\/wp-json\/wp\/v2\/comments?post=266"}],"version-history":[{"count":9,"href":"https:\/\/www.vetinnovate.com\/index.php\/wp-json\/wp\/v2\/pages\/266\/revisions"}],"predecessor-version":[{"id":8182,"href":"https:\/\/www.vetinnovate.com\/index.php\/wp-json\/wp\/v2\/pages\/266\/revisions\/8182"}],"wp:attachment":[{"href":"https:\/\/www.vetinnovate.com\/index.php\/wp-json\/wp\/v2\/media?parent=266"}],"curies":[{"name":"wp","href":"https:\/\/api.w.org\/{rel}","templated":true}]}}